{"id":1277,"date":"2025-01-16T23:34:22","date_gmt":"2025-01-16T22:34:22","guid":{"rendered":"https:\/\/remeds.org\/?page_id=1277"},"modified":"2025-07-20T14:19:52","modified_gmt":"2025-07-20T12:19:52","slug":"terms-and-conditions","status":"publish","type":"page","link":"https:\/\/remeds.org\/tr\/terms-and-conditions\/","title":{"rendered":"\u015eartlar ve Ko\u015fullar"},"content":{"rendered":"<div data-elementor-type=\"wp-page\" data-elementor-id=\"1277\" class=\"elementor elementor-1277\" data-elementor-post-type=\"page\">\n\t\t\t\t<div class=\"elementor-element elementor-element-c9b74c0 e-flex e-con-boxed e-con e-parent\" data-id=\"c9b74c0\" data-element_type=\"container\" data-e-type=\"container\" data-settings=\"{&quot;background_background&quot;:&quot;classic&quot;}\">\n\t\t\t\t\t<div class=\"e-con-inner\">\n\t\t\t\t<div class=\"elementor-element elementor-element-4e91aed elementor-widget elementor-widget-heading\" data-id=\"4e91aed\" data-element_type=\"widget\" data-e-type=\"widget\" data-widget_type=\"heading.default\">\n\t\t\t\t\t<h1 class=\"elementor-heading-title elementor-size-default\">\u015eartlar ve Ko\u015fullar<\/h1>\t\t\t\t<\/div>\n\t\t\t\t<div class=\"elementor-element elementor-element-69f4f3c elementor-widget elementor-widget-text-editor\" data-id=\"69f4f3c\" data-element_type=\"widget\" data-e-type=\"widget\" data-widget_type=\"text-editor.default\">\n\t\t\t\t\t\t\t\t\t<p><strong>MECP2 DUPL\u0130KASYON HASTA KAYIT VE ANKET PLATFORMU (REMEDS Platformu)<\/strong><\/p><p>MECP2 Duplikasyon Sendromu Hasta Kay\u0131t ve Anket Platformu\u2019na, yani REMEDS veya REMEDS Platformu\u2019na ho\u015f geldiniz.<br \/><strong>L\u00dcTFEN A\u015eA\u011eIDAKI\u0307 BI\u0307LGI\u0307LERI\u0307 DI\u0307KKATLI\u0307CE OKUYUNUZ. <\/strong><\/p><p><strong>REMEDS Platformuna eri\u015ferek en az on sekiz (18) ya\u015f\u0131nda oldu\u011funuzu veya eyaletinizde, ilinizde ya da \u00fclkenizde re\u015fit olma ya\u015f\u0131nda oldu\u011funuzu ya da re\u015fit olmayan birinin veya kendi ad\u0131na hareket edemeyen bir yeti\u015fkinin ad\u0131na yasal yetkiye sahip oldu\u011funuzu beyan etmi\u015f olursunuz ve a\u015fa\u011f\u0131daki \u015fartlar\u0131 ve ko\u015fullar\u0131 anlad\u0131\u011f\u0131n\u0131z\u0131 ve kabul etti\u011finizi onaylars\u0131n\u0131z. <\/strong><\/p><p>REMEDS Platformuna eri\u015ferek veya kat\u0131larak a\u015fa\u011f\u0131daki \u015fartlara ve ko\u015fullara (\u201c\u015eartlar\u201d) uymay\u0131 ve bunlarla ba\u011fl\u0131 olmay\u0131 kabul etmi\u015f olursunuz. <strong>BU \u015eARTLARI VE KO\u015eULLARI KABUL ETM\u0130YORSANIZ, BU S\u0130TEYE ER\u0130\u015eEMEZ VEYA BU S\u0130TEDE YA DA BU S\u0130TE \u00dcZER\u0130NDEN SA\u011eLANAN H\u0130ZMETLERDEN H\u0130\u00c7B\u0130R\u0130N\u0130 KULLANAMAZSINIZ.<\/strong><\/p><h2>1. REMEDS Platformunun Amac\u0131<\/h2><p class=\"translation-block\">REMEDS Platformu, Avusturya hukukuna g\u00f6re kurulmu\u015f k\u00e2r amac\u0131 g\u00fctmeyen bir dernek olan Verein zur Unterst\u00fctzung von Kindern mit MeCP2 Duplikation Syndrom, kurz: Lasst uns MDS heilen <strong>(DupMECP2 \u2013 Lasst uns MDS heilen)<\/strong> projesidir ve Avusturya, Linz\u2019de bulunan Kepler Universit\u00e4tsklinikum (Kepler \u00dcniversitesi Hastanesi) taraf\u0131ndan desteklenmektedir. REMEDS Platformunun amac\u0131, MECP2 Duplikasyon Sendromu (\u201cMDS\u201d) olan bireylerin klinik ve t\u0131bbi verilerini toplamak, saklamak ve analiz etmektir. Ama\u00e7; bilimsel ara\u015ft\u0131rmay\u0131 desteklemek, klinik anlay\u0131\u015f\u0131 geli\u015ftirmek ve tedavileri iyile\u015ftirmektir.\nBir hastan\u0131n kayd\u0131, di\u011fer \u015feylerin yan\u0131 s\u0131ra REMEDS Platformuna veri g\u00f6ndermenize olanak tan\u0131rken, herhangi bir \u00f6zel \u00e7al\u0131\u015fmaya kat\u0131l\u0131m, kat\u0131l\u0131mc\u0131n\u0131n ayr\u0131 belgeler arac\u0131l\u0131\u011f\u0131yla a\u00e7\u0131k bilgilendirilmi\u015f onam\u0131n\u0131 gerektirecektir.<\/p><p class=\"translation-block\">Veri i\u015fleme, en y\u00fcksek g\u00fcvenlik ve gizlilik standartlar\u0131na ba\u011fl\u0131d\u0131r. Tan\u0131mlanabilir veriler, kay\u0131t sahibinin a\u00e7\u0131k r\u0131zas\u0131 olmadan \u00fc\u00e7\u00fcnc\u00fc taraflarla payla\u015f\u0131lmayacakt\u0131r. Bununla birlikte, DupMECP2 \u2013 Lasst uns MDS heilen; ara\u015ft\u0131rmac\u0131lar\u0131n, ila\u00e7 \u015firketlerinin, d\u00fczenleyici kurumlar\u0131n ve di\u011fer onayl\u0131 \u00fc\u00e7\u00fcnc\u00fc taraflar\u0131n (esas olarak MDS hastalar\u0131 ve aileleri) takma ad verilmi\u015f veya anonimle\u015ftirilmi\u015f bilgilere eri\u015fimine izin verebilir. Daha fazla ayr\u0131nt\u0131 i\u00e7in MDS Hastalar\u0131n\u0131n Ebeveynleri ve Yasal Vasileri i\u00e7in Bilgilendirme b\u00f6l\u00fcm\u00fcne bak\u0131n\u0131z.<\/p><h2>2. \u015eartlar\u0131n Kabul\u00fc<\/h2><p>REMEDS web sitesinin (\"Web Sitesi\") ve REMEDS Platformunun kullan\u0131m\u0131 a\u015fa\u011f\u0131daki \u015eartlara tabidir. \u00a0<\/p><p>Web Sitesini kullanarak, \u015eartlar\u0131 okudu\u011funuzu ve bu \u015eartlar\u0131 kabul etti\u011finizi beyan ve kabul etmi\u015f olursunuz. E\u011fer \u015eartlarla ba\u011fl\u0131 kalmay\u0131 kabul etmiyorsan\u0131z, Web Sitesine veri g\u00f6nderemez veya Web Sitesini ba\u015fka bir \u015fekilde kullanamazs\u0131n\u0131z.<\/p><h2>3. <strong>Fikri M\u00fclkiyet Haklar\u0131 ve Sahipli\u011fi<\/strong><\/h2><p class=\"translation-block\"><strong>DupMECP2 \u2013 Lasst uns MDS heilen<\/strong>, REMEDS Platformunu kurmu\u015f olup, bu platformun olu\u015fturulmas\u0131, i\u015fletilmesi, bak\u0131m\u0131, veri depolamas\u0131 ve genel amac\u0131yla sorumludur.\nWeb Sitesi i\u00e7erisindeki t\u00fcm sayfalar <strong>DupMECP2 \u2013 Lasst uns MDS heilen<\/strong>'e aittir ve Web Sitesinin korunabilir t\u00fcm b\u00f6l\u00fcmleri ile REMEDS Platformuna g\u00f6nderilen t\u00fcm veriler \u00fczerinde m\u00fcnhas\u0131r m\u00fclkiyet haklar\u0131na sahiptir.\n<strong>DupMECP2 \u2013 Lasst uns MDS heilen<\/strong>, REMEDS Platformu \u00fczerindeki t\u00fcm fikri m\u00fclkiyet haklar\u0131 ve bilgi birikiminin m\u00fclkiyetine sahiptir. Buna, telif haklar\u0131 d\u00e2hil ancak bunlarla s\u0131n\u0131rl\u0131 olmamak \u00fczere, REMEDS Platformunun yeniden \u00fcretilmesini, yeniden olu\u015fturulmas\u0131n\u0131 veya yeniden derlenmesini sa\u011flayacak t\u00fcm unsurlar, standart program \u015fablonlar\u0131 d\u00e2hildir.\n<strong>DupMECP2 \u2013 Lasst uns MDS heilen<\/strong>, Web Sitesi ve REMEDS Platformunun herhangi bir b\u00f6l\u00fcm\u00fcn\u00fc d\u00fczenleme veya silme hakk\u0131na sahiptir.<\/p><p class=\"translation-block\">Web Sitesinde\/REMEDS Platformunda yer alan i\u00e7eriklerin ve \u00fcretildi\u011fi fikri m\u00fclkiyetin, <strong>DupMECP2 \u2013 Lasst uns MDS heilen<\/strong>'in \u00f6nceden yaz\u0131l\u0131 izni ve onay\u0131 olmaks\u0131z\u0131n hi\u00e7bir \u015fekilde veya y\u00f6ntemle, k\u0131smen ya da tamamen de\u011fi\u015ftirilemeyece\u011fini, kopyalanamayaca\u011f\u0131n\u0131, da\u011f\u0131t\u0131lamayaca\u011f\u0131n\u0131, \u00e7er\u00e7evelenemeyece\u011fini, yeniden yay\u0131mlanamayaca\u011f\u0131n\u0131, indirilemeyece\u011fini, g\u00f6r\u00fcnt\u00fclenemeyece\u011fini veya sat\u0131lamayaca\u011f\u0131n\u0131 kabul etmi\u015f olursunuz.<\/p><h2 class=\"translation-block\">4. Web sitesinin kullan\u0131m\u0131<\/h2><p><strong>a. Hukuki ehliyet<\/strong><\/p><p>Bir ebeveyn, bak\u0131c\u0131 veya en az on sekiz (18) ya\u015f\u0131nda (ya da ikamet etti\u011finiz eyalet, il veya \u00fclkede re\u015fit olma ya\u015f\u0131nda) olan yasal vasiyseniz, yasal olarak ba\u011flay\u0131c\u0131 anla\u015fmalara girebilecek ve hem kendi ki\u015fisel ve sa\u011fl\u0131k verilerinizi hem de ilgili MDS hastas\u0131na ait verileri payla\u015fmaya onay verebilecek tam ehliyete ve yetkinli\u011fe sahipseniz, bu Web Sitesini REMEDS Platformuna kay\u0131t olmak i\u00e7in kullanabilirsiniz.<\/p><p><strong>b. G\u00f6n\u00fcll\u00fc kat\u0131l\u0131m<\/strong><\/p><p>REMEDS Platformuna kat\u0131l\u0131m tamamen g\u00f6n\u00fcll\u00fcl\u00fck esas\u0131na dayanmaktad\u0131r. \u0130stedi\u011finiz zaman kat\u0131l\u0131m\u0131n\u0131z\u0131 geri \u00e7ekme hakk\u0131na sahipsiniz. Daha fazla ayr\u0131nt\u0131 i\u00e7in MDS Hastalar\u0131n\u0131n Ebeveynleri ve Yasal Vasileri i\u00e7in Bilgiler b\u00f6l\u00fcm\u00fcne bak\u0131n\u0131z.<\/p><p><strong>c. Hukuka uygun kullan\u0131m<\/strong><\/p><p>Burada tan\u0131mlanan yasak davran\u0131\u015flardan ka\u00e7\u0131nmay\u0131 kabul edersiniz: (i) DupMECP2 \u2013 Lasst uns MDS heilen\u2019e veya ba\u015fka herhangi bir tarafa ya da m\u00fclke kar\u015f\u0131 sald\u0131rgan, taciz edici veya ba\u015fka \u015fekilde zararl\u0131 olan; (ii) ba\u015fka bir taraf\u0131n gizlilik hakk\u0131n\u0131 ihlal eden veya ihlal etmeye \u00e7al\u0131\u015fan; (iii) REMEDS Platformunun\/Web Sitesinin kullan\u0131m\u0131n\u0131 veya i\u015fleyi\u015fini bozmaya \u00e7al\u0131\u015fan her t\u00fcrl\u00fc davran\u0131\u015f. Ayr\u0131ca \u015funlar\u0131 da kabul edersiniz: i) yanl\u0131\u015f, sahte, hatal\u0131, eksik veya yan\u0131lt\u0131c\u0131 oldu\u011funu bildi\u011finiz veya d\u00fc\u015f\u00fcnd\u00fc\u011f\u00fcn\u00fcz verileri g\u00f6ndermeyeceksiniz; ii) vir\u00fcs, truva at\u0131, solucan, zaman bombas\u0131, casus yaz\u0131l\u0131m veya sistem, veri ya da ki\u015fisel bilgileri bozabilecek, zararl\u0131 bi\u00e7imde m\u00fcdahale edebilecek, gizlice ele ge\u00e7irebilecek ya da \u00e7alabilecek di\u011fer bilgisayar programlama rutinleri i\u00e7eren bir bilgisayardan bilerek veri g\u00f6ndermeyeceksiniz. Buna ek olarak, REMEDS Platformunu\/Web Sitesini iftira niteli\u011finde, karalay\u0131c\u0131 veya tehdit edici beyanlarda bulunmak i\u00e7in kullanmayacak, ayr\u0131ca bunu bilerek spam \u00fcretmek amac\u0131yla da kullanmayacaks\u0131n\u0131z.<\/p><p><strong>d. Yaln\u0131zca \u0130zin Verilen Faaliyetler \u0130\u00e7in Web Sitesi (burada tan\u0131mland\u0131\u011f\u0131 \u015fekilde)<\/strong><\/p><p>REMEDS Platformu\/Web Sitesi yaln\u0131zca kay\u0131tl\u0131 ve yetkili kullan\u0131c\u0131lar\u0131n kullan\u0131m\u0131na a\u00e7\u0131kt\u0131r. \u015eartlar, REMEDS Platformu\/Web Sitesindeki t\u00fcm verilerin kullan\u0131m\u0131n\u0131 d\u00fczenler. Belirtilen eylemleri yapmaya te\u015febb\u00fcs edemezsiniz: (i) REMEDS Platformuna\/Web Sitesine veya herhangi bir hizmete, di\u011fer hesaplara, bilgisayar sistemlerine ya da herhangi bir sunucuya ba\u011fl\u0131 a\u011flara yetkisiz eri\u015fim sa\u011flamak; (ii) parola avc\u0131l\u0131\u011f\u0131, hackleme veya ba\u015fka herhangi bir y\u00f6ntemle REMEDS Platformuna\/Web Sitesine eri\u015fim elde etmek; (iii) REMEDS Platformu\/Web Sitesinde saklanan herhangi bir gizli, tescilli ve\/veya ki\u015fisel bilgiyi elde etmek ya da elde etmeye \u00e7al\u0131\u015fmak; (iv) kay\u0131tl\u0131 olmayan veya yetkisiz kullan\u0131c\u0131lara parola da\u011f\u0131tmak; veya (v) REMEDS Platformunu\/Web Sitesini ya da bu platformda\/web sitesinde eri\u015filebilir bilgileri yetkisiz \u015fekilde kullanmak.<\/p><p><strong>e. Uluslararas\u0131 kullan\u0131c\u0131lar<\/strong><\/p><p>REMEDS platformu, Genel Veri Koruma Y\u00f6netmeli\u011fi (GDPR) dahil olmak \u00fczere Avrupa Birli\u011fi'nin veri koruma yasalar\u0131na tabidir.<\/p><p>Web Sitesine eri\u015fim kendi sorumlulu\u011funuzdad\u0131r ve yerel yasa ve d\u00fczenlemelere uygunluktan yaln\u0131zca siz sorumlusunuz.<\/p><h2><strong>5. <\/strong><strong>Kullan\u0131c\u0131 Davran\u0131\u015f\u0131 ve Sorumlulu\u011fu<\/strong><\/h2><p><strong>a. G\u00fcvenlik<\/strong><\/p><p class=\"translation-block\">\u015eifrenizin ve hesab\u0131n\u0131z\u0131n g\u00fcvenli\u011finden yaln\u0131zca siz sorumlusunuz ve bilginiz olsun ya da olmas\u0131n \u015fifreniz veya hesab\u0131n\u0131z alt\u0131nda ger\u00e7ekle\u015fen t\u00fcm faaliyetlerden tamamen siz sorumlusunuz.\nKullan\u0131c\u0131 ad\u0131 ve \u015fifre bilgilerinizi bilerek ba\u015fka bir ki\u015fiye veremezsiniz.\n[\u015eifrenizin veya hesab\u0131n\u0131z\u0131n yetkisiz kullan\u0131ld\u0131\u011f\u0131ndan ya da herhangi bir g\u00fcvenlik ihlalinden \u015f\u00fcphelendi\u011finizde, \u015fifrenizi derhal de\u011fi\u015ftirip office@remeds.org adresine e-posta yoluyla REMEDS Koordinat\u00f6r\u00fcne bildirmeyi kabul edersiniz.](mailto:office@remeds.org)\n<strong>DupMECP2 \u2013 Lasst uns MDS heilen<\/strong>, bu kurallara uymaman\u0131zdan kaynaklanan hi\u00e7bir kay\u0131p veya zarardan sorumlu tutulamaz.\n<strong>DupMECP2 \u2013 Lasst uns MDS heilen<\/strong>, bu \u015eartlar\u0131 ihlal etti\u011finize veya REMEDS Platformunu\/Web Sitesini bu \u015eartlarla tutars\u0131z bir \u015fekilde kulland\u0131\u011f\u0131n\u0131za makul \u015fekilde inan\u0131rsa, REMEDS Platformuna\/Web Sitesine eri\u015fiminizi tamamen veya k\u0131smen reddetme veya iptal etme hakk\u0131n\u0131 sakl\u0131 tutar.<\/p><p><strong>b. Kullan\u0131c\u0131 taraf\u0131ndan g\u00f6nderilen i\u00e7erik<\/strong><\/p><p>REMEDS Platformunu\/Web Sitesini ve onunla sa\u011flanan t\u00fcm i\u00e7erikleri kullan\u0131rken ve eri\u015firken yaln\u0131zca siz sorumlusunuz ve dikkatli, ihtiyatl\u0131, sa\u011fduyulu ve iyi niyetli davranmal\u0131s\u0131n\u0131z.\nKabul edilemez, uygunsuz veya bu \u015eartlara uygun olmayan herhangi bir i\u00e7erik, kullan\u0131c\u0131n\u0131n REMEDS Platformuna\/Web Sitesine eri\u015fiminin sonland\u0131r\u0131lmas\u0131yla sonu\u00e7lanabilir.<\/p><p>Web Sitesine g\u00f6nderdi\u011finiz, sundu\u011funuz, g\u00f6r\u00fcnt\u00fcledi\u011finiz veya ba\u015fka bir \u015fekilde iletti\u011finiz i\u00e7erikten siz sorumlusunuz.\nWeb Sitesinde, ba\u015fka bir bireye ait ki\u015fisel bilgileri veya telif hakk\u0131, ticari marka, tan\u0131t\u0131m, gizlilik veya di\u011fer m\u00fclkiyet haklar\u0131yla korunan herhangi bir materyali, ilgili ki\u015finin veya hak sahibinin a\u00e7\u0131k izni olmadan iletmeyece\u011finizi veya eri\u015filebilir hale getirmeyece\u011finizi kabul edersiniz.\nBilgilerin iletiminin izinli olup olmad\u0131\u011f\u0131n\u0131 ya da materyalin bu t\u00fcr haklarla korunmad\u0131\u011f\u0131n\u0131 belirleme sorumlulu\u011fu size, kullan\u0131c\u0131ya aittir.<\/p><p class=\"translation-block\">Ayr\u0131ca, REMEDS Web Sitesi\/Platformunun k\u00f6t\u00fcye kullan\u0131lmas\u0131 durumunu office@remeds.org adresine e-posta g\u00f6ndererek REMEDS Koordinat\u00f6r\u00fcne bildirmeyi, k\u00f6t\u00fcye kullan\u0131m davran\u0131\u015f\u0131n\u0131 veya i\u00e7eri\u011fini yeterli ayr\u0131nt\u0131yla a\u00e7\u0131klamay\u0131 kabul edersiniz. B\u00f6ylece DupMECP2 \u2013 Lasst uns MDS heilen, s\u00f6z konusu k\u00f6t\u00fcye kullan\u0131ma ili\u015fkin i\u015flem yap\u0131p yapmayaca\u011f\u0131na kendi takdirine g\u00f6re karar verebilir.<\/p><p><strong>c. \u0130\u015fbirli\u011fi<\/strong><\/p><p class=\"translation-block\">Bu \u015eartlar\u0131 ihlal eden \u015f\u00fcpheli veya ger\u00e7ek bir faaliyetin ara\u015ft\u0131r\u0131lmas\u0131 i\u00e7in <strong>DupMECP2-Lasst uns MDS heilen<\/strong> ile tam i\u015f birli\u011fi yapmay\u0131 kabul edersiniz.<\/p><p><strong>d. Ara\u015ft\u0131rma \u00e7al\u0131\u015fmalar\u0131<\/strong><\/p><p>REMEDS Platformu arac\u0131l\u0131\u011f\u0131yla sunulan ara\u015ft\u0131rma \u00e7al\u0131\u015fmalar\u0131, MDS'nin anla\u015f\u0131lmas\u0131n\u0131 ilerletmeyi ama\u00e7layan g\u00f6zlemsel, genetik veya klinik \u00e7al\u0131\u015fmalar\u0131 i\u00e7erebilir. Kat\u0131l\u0131mc\u0131lar, herhangi bir \u00f6zel \u00e7al\u0131\u015fmaya kat\u0131lmadan \u00f6nce her zaman ayr\u0131nt\u0131l\u0131 bilgi ve ayr\u0131 bir bilgilendirilmi\u015f onam formu alacaklard\u0131r.<\/p><p><strong>e. Web sitesini kullanma riski<\/strong><\/p><p class=\"translation-block\">Web Sitesine\/REMEDS Platformuna yapt\u0131\u011f\u0131n\u0131z veya buradan ya da bunun arac\u0131l\u0131\u011f\u0131yla ger\u00e7ekle\u015ftirdi\u011finiz herhangi bir y\u00fckleme veya iletimin yetkisiz bir \u00fc\u00e7\u00fcnc\u00fc taraf\u00e7a ele ge\u00e7irilip kullan\u0131labilece\u011fini kabul ve beyan edersiniz. <strong>DupMECP2-Lasst uns MDS heilen<\/strong> bu t\u00fcr yetkisiz \u00fc\u00e7\u00fcnc\u00fc taraf kullan\u0131m\u0131n\u0131 \u00f6nlemek i\u00e7in t\u00fcm makul \u00e7abay\u0131 g\u00f6sterecektir.<\/p><p><strong>f. Di\u011fer web sitelerine ba\u011flant\u0131lar<\/strong><\/p><p class=\"translation-block\">Web sitesi ilgili web sitelerine ba\u011flant\u0131lar i\u00e7erebilir. Herhangi bir ba\u011flant\u0131n\u0131n dahil edilmesi, <strong>DupMECP2-Lasst uns MDS heilen<\/strong> taraf\u0131ndan onayland\u0131\u011f\u0131 anlam\u0131na gelmez. \nKullanaca\u011f\u0131n\u0131z i\u00e7eri\u011fin vir\u00fcs, solucan, truva at\u0131 ve di\u011fer y\u0131k\u0131c\u0131 unsurlardan ar\u0131nm\u0131\u015f oldu\u011fundan veya \u00fc\u00e7\u00fcnc\u00fc taraflar\u0131n haklar\u0131n\u0131 ihlal etmedi\u011finden emin olmak i\u00e7in gerekli \u00f6nlemleri almak size d\u00fc\u015fer.<\/p><h2><strong>6. <\/strong><strong>Kat\u0131l\u0131m Faydalar\u0131 Feragatnamesi<\/strong><\/h2><p>REMEDS Platformu\/Web Sitesinde anket, soru formu veya herhangi bir t\u00fcrde \u00e7al\u0131\u015fmaya yan\u0131t vermek, bir \u00e7al\u0131\u015fmaya kat\u0131l\u0131m\u0131 veya do\u011frudan bak\u0131m hizmetine eri\u015fimi garanti etmez.<\/p><h2><strong>7. <\/strong><strong>T\u0131bbi Tavsiye Feragatnamesi<\/strong><\/h2><p>T\u00fcm Web Sitesi\/REMEDS Platformu i\u00e7eri\u011fi yaln\u0131zca bilgilendirme ama\u00e7l\u0131d\u0131r ve ba\u011f\u0131ms\u0131z profesyonel t\u0131bbi yarg\u0131, tavsiye, te\u015fhis veya tedavinin yerini almas\u0131 ama\u00e7lanmam\u0131\u015ft\u0131r.\nSa\u011fl\u0131\u011f\u0131n\u0131z veya \u00e7ocu\u011funuzun sa\u011fl\u0131\u011f\u0131yla ilgili t\u00fcm sorular\u0131n\u0131z\u0131 doktorunuza veya nitelikli bir sa\u011fl\u0131k uzman\u0131na y\u00f6neltmelisiniz ve Web Sitesinde g\u00f6r\u00fcnen veya iletilen bilgiler nedeniyle tedavi veya bak\u0131m standard\u0131na ili\u015fkin t\u0131bbi tavsiyeleri g\u00f6z ard\u0131 etmemeli veya geciktirmemelisiniz.<\/p><h2><strong>8. <\/strong><strong>Garanti Feragatnamesi<\/strong><\/h2><p>Web Sitesi\/REMEDS Platformunun kesintisiz veya hatas\u0131z olaca\u011f\u0131na, Web Sitesi\/REMEDS Platformundaki hatalar\u0131n d\u00fczeltilece\u011fine, i\u00e7erilen veya iletilen bilgilerin eksiksiz, do\u011fru veya g\u00fcncel oldu\u011funa, kullan\u0131c\u0131 veya di\u011fer bilgilerinin yetkisiz eri\u015fim veya if\u015fa edilmekten tamamen korunaca\u011f\u0131na ya da bilgilerin vir\u00fcslerden veya di\u011fer k\u00f6t\u00fc ama\u00e7l\u0131 programlardan ar\u0131nm\u0131\u015f oldu\u011funa dair hi\u00e7bir garanti verilmez.<\/p><h2><strong>9. <\/strong><strong>Tazminat<\/strong><\/h2><p class=\"translation-block\">Web Sitesini\/REMEDS Platformunu uygunsuz veya yasa d\u0131\u015f\u0131 \u015fekilde kullanman\u0131z halinde, <strong>DupMECP2-lasst uns MDS heilen<\/strong>\u2019i tazmin etmeyi ve zarar g\u00f6rmemesini sa\u011flamay\u0131 kabul edersiniz.<\/p><h2>10. <strong>Kullan\u0131m ve Depolamaya \u0130li\u015fkin Genel Uygulamalar<\/strong><\/h2><p class=\"translation-block\"><strong>DupMECP2-Lasst uns MDS heilen<\/strong>\u2019in, Web Sitesi taraf\u0131ndan saklanan veya iletilen mesajlar\u0131n, di\u011fer ileti\u015fimlerin veya i\u00e7eriklerin silinmesinden ya da saklanmamas\u0131ndan sorumlu olmad\u0131\u011f\u0131n\u0131 kabul edersiniz.\n<strong>DupMECP2-Lasst uns MDS heilen<\/strong>\u2019in, uzun s\u00fcre etkin olmayan hesaplar\u0131 kapatma hakk\u0131n\u0131 sakl\u0131 tuttu\u011funu kabul edersiniz.<\/p><h2><strong>11. <\/strong><strong>Gizlilik ve Kullan\u0131m<\/strong><\/h2><p class=\"translation-block\"><strong>DupMECP2-Lasst uns MDS heilen<\/strong>, y\u00fcr\u00fcrl\u00fckteki yasa kapsam\u0131nda bir if\u015fan\u0131n gerekli oldu\u011funa iyi niyetle inan\u0131yorsa, belirli bilgileri a\u00e7\u0131klayabilir veya a\u00e7\u0131klamak zorunda kalabilir.\nBunun d\u0131\u015f\u0131ndaki t\u00fcm durumlarda, Web Sitesi\/REMEDS Platformu arac\u0131l\u0131\u011f\u0131yla toplanan veri ve bilgiler, sizin ve <strong>DupMECP2-Lasst uns MDS heilen<\/strong> taraf\u0131ndan gizli tutulacakt\u0131r.<\/p><h2><strong>12. <\/strong><strong>Fesih<\/strong><\/h2><p>Hesab\u0131n\u0131z\u0131n ve Web Sitesine\/REMEDS Platformuna eri\u015fiminizin derhal, gerek\u00e7eli olsun ya da olmas\u0131n, \u00f6nceden bildirim yap\u0131lmaks\u0131z\u0131n sonland\u0131r\u0131labilece\u011fini kabul edersiniz.\nBununla s\u0131n\u0131rl\u0131 olmamakla birlikte, a\u015fa\u011f\u0131daki durumlar kullan\u0131c\u0131n\u0131n Web Sitesini\/REMEDS Platformunu kullan\u0131m\u0131n\u0131n sonland\u0131r\u0131lmas\u0131yla sonu\u00e7lanacakt\u0131r:\n(a) bu \u015eartlar\u0131n ihlali veya \u00e7i\u011fnenmesi,\n(b) kolluk kuvvetleri veya di\u011fer devlet kurumlar\u0131n\u0131n talepleri,\n(c) kendi talebiniz (hesab\u0131n kendi iste\u011finizle silinmesi),\n(d) beklenmeyen teknik sorunlar ve\n(e) uzun s\u00fcreli etkin olmama.<\/p><p class=\"translation-block\">Fesih, tamamen <strong>DupMECP2-Lasst uns MDS heilen<\/strong>\u2019in takdirine ba\u011fl\u0131d\u0131r ve <strong>DupMECP2-Lasst uns MDS heilen<\/strong>, hesab\u0131n\u0131z\u0131n veya Web Sitesine\/REMEDS Platformuna eri\u015fiminizin feshedilmesinden dolay\u0131 size kar\u015f\u0131 sorumlu de\u011fildir.<\/p><p>Hesab\u0131n\u0131z\u0131n feshedilmesinin ard\u0131ndan yeni veri toplanmayacak, ancak daha \u00f6nce toplanm\u0131\u015f veriler ptakma ad verilmi\u015f veya anonimle\u015ftirilmi\u015f bi\u00e7imde saklanmaya devam edebilecektir.<\/p><h2><strong>13. <\/strong><strong>REMEDS Platformundan \u0130leti\u015fimler<\/strong><\/h2><p class=\"translation-block\">Kullan\u0131c\u0131lar zaman zaman REMEDS Platformu veya Web Sitesi ile ilgili g\u00fcncellemeler ve di\u011fer de\u011ferli bilgiler ve ilgili \u00e7al\u0131\u015fmalar hakk\u0131nda bildirim al\u0131rlar.\nWeb Sitesini veya REMEDS Platformunu kullanarak, <strong>DupMECP2-Lasst uns MDS heilen<\/strong> taraf\u0131ndan ileti\u015fime ge\u00e7ilmesini ve bu t\u00fcr g\u00fcncellemeleri ve bilgileri almay\u0131 kabul etmi\u015f olursunuz.<\/p><h2><strong>14. <\/strong><strong>Ge\u00e7erli Hukuk, Yarg\u0131 Yetkisi<\/strong><\/h2><p>Bu \u015eartlardan kaynaklanan herhangi bir anla\u015fmazl\u0131k, kanunlar ihtilaf\u0131 kurallar\u0131 hari\u00e7 olmak \u00fczere, Avusturya yasalar\u0131na g\u00f6re y\u00f6netilecek ve yorumlanacakt\u0131r.\nViyana, Avusturya'daki yetkili mahkemeler m\u00fcnhas\u0131r olmayan yarg\u0131 yetkisine sahip olacakt\u0131r.<\/p><h2><strong>15. <\/strong><strong>\u015eartlarda Yap\u0131lan De\u011fi\u015fiklikler<\/strong><\/h2><p class=\"translation-block\"><strong>DupMECP2-Lasst uns MDS heilen<\/strong> bu \u015eartlar\u0131 istedi\u011fi zaman de\u011fi\u015ftirme veya g\u00fcncelleme hakk\u0131n\u0131 sakl\u0131 tutar.\nHerhangi bir de\u011fi\u015fiklik kat\u0131l\u0131mc\u0131lara (kullan\u0131c\u0131lara) e-posta yoluyla veya Web Sitesi arac\u0131l\u0131\u011f\u0131yla iletilecektir.\nBu t\u00fcr de\u011fi\u015fikliklerden sonra REMEDS Platformuna kat\u0131l\u0131m\u0131n\u0131z\u0131 s\u00fcrd\u00fcrmeniz, g\u00fcncellenmi\u015f \u015eartlar\u0131 kabul etti\u011finiz anlam\u0131na gelir.<\/p><ol><li style=\"list-style-type: none;\">\u00a0<\/li><\/ol>\t\t\t\t\t\t\t\t<\/div>\n\t\t\t\t\t<\/div>\n\t\t\t\t<\/div>\n\t\t\t\t<\/div>","protected":false},"excerpt":{"rendered":"<p>Terms and Conditions MECP2 DUPLICATION PATIENT REGISTRY AND SURVEY PLATFORM (REMEDS Platform) Welcome to the MECP2 Duplication Syndrome Patient Registry and Survey Platform called REMEDS or REMEDS Platform.PLEASE READ THE FOLLOWING INFORMATION CAREFULLY. In accessing the REMEDS Platform you represent that you are at least eighteen (18) years of age, or the age of majority [&hellip;]<\/p>\n","protected":false},"author":73,"featured_media":0,"parent":0,"menu_order":0,"comment_status":"closed","ping_status":"closed","template":"","meta":{"_jf_save_progress":"","footnotes":""},"class_list":["post-1277","page","type-page","status-publish","hentry"],"_links":{"self":[{"href":"https:\/\/remeds.org\/tr\/wp-json\/wp\/v2\/pages\/1277","targetHints":{"allow":["GET"]}}],"collection":[{"href":"https:\/\/remeds.org\/tr\/wp-json\/wp\/v2\/pages"}],"about":[{"href":"https:\/\/remeds.org\/tr\/wp-json\/wp\/v2\/types\/page"}],"author":[{"embeddable":true,"href":"https:\/\/remeds.org\/tr\/wp-json\/wp\/v2\/users\/73"}],"replies":[{"embeddable":true,"href":"https:\/\/remeds.org\/tr\/wp-json\/wp\/v2\/comments?post=1277"}],"version-history":[{"count":10,"href":"https:\/\/remeds.org\/tr\/wp-json\/wp\/v2\/pages\/1277\/revisions"}],"predecessor-version":[{"id":3446,"href":"https:\/\/remeds.org\/tr\/wp-json\/wp\/v2\/pages\/1277\/revisions\/3446"}],"wp:attachment":[{"href":"https:\/\/remeds.org\/tr\/wp-json\/wp\/v2\/media?parent=1277"}],"curies":[{"name":"wp","href":"https:\/\/api.w.org\/{rel}","templated":true}]}}