{"id":3343,"date":"2025-06-28T06:17:41","date_gmt":"2025-06-28T04:17:41","guid":{"rendered":"https:\/\/remeds.org\/?page_id=3343"},"modified":"2025-07-19T18:22:22","modified_gmt":"2025-07-19T16:22:22","slug":"imprint","status":"publish","type":"page","link":"https:\/\/remeds.org\/pt\/imprint\/","title":{"rendered":"Impress\u00e3o Institucional"},"content":{"rendered":"<div data-elementor-type=\"wp-page\" data-elementor-id=\"3343\" class=\"elementor elementor-3343\" data-elementor-post-type=\"page\">\n\t\t\t\t<div class=\"elementor-element elementor-element-3564d6d7 e-flex e-con-boxed e-con e-parent\" data-id=\"3564d6d7\" data-element_type=\"container\" data-e-type=\"container\">\n\t\t\t\t\t<div class=\"e-con-inner\">\n\t\t\t\t<div class=\"elementor-element elementor-element-f21e229 elementor-widget elementor-widget-heading\" data-id=\"f21e229\" data-element_type=\"widget\" data-e-type=\"widget\" data-widget_type=\"heading.default\">\n\t\t\t\t\t<h1 class=\"elementor-heading-title elementor-size-default\">Impress\u00e3o Institucional<\/h1>\t\t\t\t<\/div>\n\t\t\t\t<div class=\"elementor-element elementor-element-7f5af928 elementor-widget elementor-widget-text-editor\" data-id=\"7f5af928\" data-element_type=\"widget\" data-e-type=\"widget\" data-widget_type=\"text-editor.default\">\n\t\t\t\t\t\t\t\t\t<p class=\"translation-block\">Verein zur Unterst\u00fctzung von Kindern mit MeCP2 Duplication Syndrom, kurz: Lasst uns MDS heilen, uma associa\u00e7\u00e3o sem fins lucrativos de direito austr\u00edaco <strong> (DupMECP2 \u2013 Lasst uns MDS heilen),<\/strong>, ZVR 1165516180 (n\u00famero de registo no Registo Central de Associa\u00e7\u00f5es da \u00c1ustria)<\/p><h2><strong>Morada:<\/strong><\/h2><p>Premreinergasse 13<\/p><p>1130 Viena<\/p><p>\u00c1ustria<\/p><h2><strong>Informa\u00e7\u00f5es de contacto:<\/strong><\/h2><p>Correio eletr\u00f3nico: office@remeds.org<\/p><p>Telefone: 0043 678 121 5837<\/p><p>S\u00edtio Web: www.remeds.org<\/p><h2>Representantes legais:<\/h2><p>David Covini, presidente<\/p><p>Dr.\u00aa Caroline Covini, vice-presidente<\/p><h2><strong>Finalidade do s\u00edtio Web:<\/strong><\/h2><p class=\"translation-block\">Este s\u00edtio Web serve como plataforma oficial para o <strong>Registo e plataforma de inqu\u00e9rito m\u00e9dico para a S\u00edndrome de Duplica\u00e7\u00e3o MECP2 (plataforma REMEDS)<\/strong>. A sua finalidade principal \u00e9 recolher, armazenar e analisar dados cl\u00ednicos e gen\u00e9ticos com vista a promover a investiga\u00e7\u00e3o, aprofundar o conhecimento sobre a S\u00edndrome de Duplica\u00e7\u00e3o MECP2 e apoiar estudos cient\u00edficos.<\/p><h2><strong>Prote\u00e7\u00e3o de Dados e Conformidade com o RGPD:<\/strong><\/h2><p class=\"translation-block\">Este s\u00edtio Web e todas as atividades de tratamento de dados s\u00e3o conduzidas em conformidade com a <strong>Regulamento Geral sobre a Prote\u00e7\u00e3o de Dados (RGPD)<\/strong>. Os dados pessoais s\u00e3o recolhidos, armazenados e processados apenas com o consentimento expl\u00edcito da pessoa em causa.<\/p><h2><strong>Exclus\u00e3o de Responsabilidade:<\/strong><\/h2><p class=\"translation-block\">Todo o conte\u00fado disponibilizado neste s\u00edtio Web tem exclusivamente fins informativos. A   <strong>DupMECP2 \u2013 Lasst uns MDS heilen<\/strong> n\u00e3o assume qualquer responsabilidade quanto \u00e0 exatid\u00e3o, integridade ou atualidade das informa\u00e7\u00f5es apresentadas. A utiliza\u00e7\u00e3o de hiperliga\u00e7\u00f5es externas n\u00e3o implica qualquer forma de aprova\u00e7\u00e3o ou endosso, e a  <strong>DupMECP2 \u2013 Lasst uns MDS heilen<\/strong> n\u00e3o se responsabiliza pelo conte\u00fado de terceiros.<\/p><h2><strong>Direitos de Autor e Propriedade Intelectual:<\/strong><\/h2><p class=\"translation-block\">O conte\u00fado, a estrutura e o design deste s\u00edtio Web est\u00e3o protegidos por leis de direitos de autor. Qualquer reprodu\u00e7\u00e3o, modifica\u00e7\u00e3o, distribui\u00e7\u00e3o ou utiliza\u00e7\u00e3o comercial do conte\u00fado requer o consentimento pr\u00e9vio, por escrito, da <strong>DupMECP2 \u2013 Lasst uns MDS heilen<\/strong>.<\/p><p><!-- \/wp:paragraph --><\/p>\t\t\t\t\t\t\t\t<\/div>\n\t\t\t\t\t<\/div>\n\t\t\t\t<\/div>\n\t\t\t\t<\/div>","protected":false},"excerpt":{"rendered":"<p>Imprint Verein zur Unterst\u00fctzung von Kindern mit MeCP2 Duplication Syndrom, kurz: Lasst uns MDS heilen, a not-for-profit association under Austrian law (DupMECP2 \u2013 Lasst uns MDS heilen), ZVR 1165516180 (Registration number with the Austrian central association registry) Address: Premreinergasse 13 1130 Wien Austria Contact Information: Email: office@remeds.org Phone: 0043 678\u00a0121 5837 Website: www.remeds.org Legal Representatives: [&hellip;]<\/p>\n","protected":false},"author":114,"featured_media":0,"parent":0,"menu_order":0,"comment_status":"closed","ping_status":"closed","template":"","meta":{"_jf_save_progress":"","footnotes":""},"class_list":["post-3343","page","type-page","status-publish","hentry"],"_links":{"self":[{"href":"https:\/\/remeds.org\/pt\/wp-json\/wp\/v2\/pages\/3343","targetHints":{"allow":["GET"]}}],"collection":[{"href":"https:\/\/remeds.org\/pt\/wp-json\/wp\/v2\/pages"}],"about":[{"href":"https:\/\/remeds.org\/pt\/wp-json\/wp\/v2\/types\/page"}],"author":[{"embeddable":true,"href":"https:\/\/remeds.org\/pt\/wp-json\/wp\/v2\/users\/114"}],"replies":[{"embeddable":true,"href":"https:\/\/remeds.org\/pt\/wp-json\/wp\/v2\/comments?post=3343"}],"version-history":[{"count":11,"href":"https:\/\/remeds.org\/pt\/wp-json\/wp\/v2\/pages\/3343\/revisions"}],"predecessor-version":[{"id":3466,"href":"https:\/\/remeds.org\/pt\/wp-json\/wp\/v2\/pages\/3343\/revisions\/3466"}],"wp:attachment":[{"href":"https:\/\/remeds.org\/pt\/wp-json\/wp\/v2\/media?parent=3343"}],"curies":[{"name":"wp","href":"https:\/\/api.w.org\/{rel}","templated":true}]}}