{"id":3343,"date":"2025-06-28T06:17:41","date_gmt":"2025-06-28T04:17:41","guid":{"rendered":"https:\/\/remeds.org\/?page_id=3343"},"modified":"2025-07-19T18:22:22","modified_gmt":"2025-07-19T16:22:22","slug":"imprint","status":"publish","type":"page","link":"https:\/\/remeds.org\/pl\/imprint\/","title":{"rendered":"Nadruk"},"content":{"rendered":"<div data-elementor-type=\"wp-page\" data-elementor-id=\"3343\" class=\"elementor elementor-3343\" data-elementor-post-type=\"page\">\n\t\t\t\t<div class=\"elementor-element elementor-element-3564d6d7 e-flex e-con-boxed e-con e-parent\" data-id=\"3564d6d7\" data-element_type=\"container\" data-e-type=\"container\">\n\t\t\t\t\t<div class=\"e-con-inner\">\n\t\t\t\t<div class=\"elementor-element elementor-element-f21e229 elementor-widget elementor-widget-heading\" data-id=\"f21e229\" data-element_type=\"widget\" data-e-type=\"widget\" data-widget_type=\"heading.default\">\n\t\t\t\t\t<h1 class=\"elementor-heading-title elementor-size-default\">Nadruk<\/h1>\t\t\t\t<\/div>\n\t\t\t\t<div class=\"elementor-element elementor-element-7f5af928 elementor-widget elementor-widget-text-editor\" data-id=\"7f5af928\" data-element_type=\"widget\" data-e-type=\"widget\" data-widget_type=\"text-editor.default\">\n\t\t\t\t\t\t\t\t\t<p class=\"translation-block\">Verein zur Unterst\u00fctzung von Kindern mit MeCP2 Duplication Syndrom, kurz: Lasst uns MDS heilen, stowarzyszenie non-profit zgodnie z prawem austriackim<strong> (DupMECP2 - Lasst uns MDS heilen),<\/strong> ZVR 1165516180 (numer rejestracyjny w austriackim centralnym rejestrze stowarzysze\u0144).<\/p><h2><strong>Adres:<\/strong><\/h2><p>Premreinergasse 13<\/p><p>1130 Wiede\u0144<\/p><p>Austria<\/p><h2><strong>Informacje kontaktowe:<\/strong><\/h2><p>E-mail: office@remeds.org<\/p><p>Telefon: 0043 678 121 5837<\/p><p>Strona internetowa: www.remeds.org<\/p><h2>Przedstawiciele prawni:<\/h2><p>David Covini, prezes<\/p><p>Dr Caroline Covini, wiceprzewodnicz\u0105ca<\/p><h2><strong>Cel strony internetowej:<\/strong><\/h2><p class=\"translation-block\">Ta strona internetowa s\u0142u\u017cy jako oficjalna platforma do <strong>rejestracji i ankiet medycznych dotycz\u0105cych zespo\u0142u duplikacji MECP2 (platforma REMEDS).<\/strong> Jej g\u0142\u00f3wnym celem jest gromadzenie, przechowywanie i analizowanie danych klinicznych i genetycznych w celu usprawnienia bada\u0144, lepszego zrozumienia zespo\u0142u duplikacji MECP2 i wspierania bada\u0144 naukowych.<\/p><h2><strong>Ochrona danych i zgodno\u015b\u0107 z RODO:<\/strong><\/h2><p class=\"translation-block\">Niniejsza strona internetowa i wszystkie czynno\u015bci zwi\u0105zane z przetwarzaniem danych s\u0105 przeprowadzane zgodnie z <strong>Og\u00f3lnym rozporz\u0105dzeniem o ochronie danych (RODO)<\/strong>. Dane osobowe s\u0105 zbierane, przechowywane i przetwarzane wy\u0142\u0105cznie za wyra\u017an\u0105 zgod\u0105 osoby, kt\u00f3rej dane dotycz\u0105.<\/p><h2><strong>Wy\u0142\u0105czenie odpowiedzialno\u015bci:<\/strong><\/h2><p class=\"translation-block\">Wszystkie tre\u015bci udost\u0119pniane na tej stronie internetowej maj\u0105 charakter wy\u0142\u0105cznie informacyjny. **DupMECP2 \u2013 Lasst uns MDS heilen** nie ponosi odpowiedzialno\u015bci za dok\u0142adno\u015b\u0107, kompletno\u015b\u0107 ani aktualno\u015b\u0107 informacji. Korzystanie z link\u00f3w zewn\u0119trznych nie oznacza ich poparcia, a **DupMECP2 \u2013 Lasst uns MDS heilen** nie ponosi odpowiedzialno\u015bci za tre\u015bci stron trzecich.<\/p><h2><strong>Prawa autorskie i w\u0142asno\u015b\u0107 intelektualna:<\/strong><\/h2><p class=\"translation-block\">Zawarto\u015b\u0107, struktura i wygl\u0105d tej witryny s\u0105 chronione prawami autorskimi. Jakiekolwiek powielanie, modyfikacja, dystrybucja lub komercyjne wykorzystanie zawarto\u015bci strony wymaga uprzedniej pisemnej zgody <strong>DupMECP2 - Lasst uns MDS heilen<\/strong>.<\/p><p><!-- \/wp:paragraph --><\/p>\t\t\t\t\t\t\t\t<\/div>\n\t\t\t\t\t<\/div>\n\t\t\t\t<\/div>\n\t\t\t\t<\/div>","protected":false},"excerpt":{"rendered":"<p>Imprint Verein zur Unterst\u00fctzung von Kindern mit MeCP2 Duplication Syndrom, kurz: Lasst uns MDS heilen, a not-for-profit association under Austrian law (DupMECP2 \u2013 Lasst uns MDS heilen), ZVR 1165516180 (Registration number with the Austrian central association registry) Address: Premreinergasse 13 1130 Wien Austria Contact Information: Email: office@remeds.org Phone: 0043 678\u00a0121 5837 Website: www.remeds.org Legal Representatives: [&hellip;]<\/p>\n","protected":false},"author":114,"featured_media":0,"parent":0,"menu_order":0,"comment_status":"closed","ping_status":"closed","template":"","meta":{"_jf_save_progress":"","footnotes":""},"class_list":["post-3343","page","type-page","status-publish","hentry"],"_links":{"self":[{"href":"https:\/\/remeds.org\/pl\/wp-json\/wp\/v2\/pages\/3343","targetHints":{"allow":["GET"]}}],"collection":[{"href":"https:\/\/remeds.org\/pl\/wp-json\/wp\/v2\/pages"}],"about":[{"href":"https:\/\/remeds.org\/pl\/wp-json\/wp\/v2\/types\/page"}],"author":[{"embeddable":true,"href":"https:\/\/remeds.org\/pl\/wp-json\/wp\/v2\/users\/114"}],"replies":[{"embeddable":true,"href":"https:\/\/remeds.org\/pl\/wp-json\/wp\/v2\/comments?post=3343"}],"version-history":[{"count":11,"href":"https:\/\/remeds.org\/pl\/wp-json\/wp\/v2\/pages\/3343\/revisions"}],"predecessor-version":[{"id":3466,"href":"https:\/\/remeds.org\/pl\/wp-json\/wp\/v2\/pages\/3343\/revisions\/3466"}],"wp:attachment":[{"href":"https:\/\/remeds.org\/pl\/wp-json\/wp\/v2\/media?parent=3343"}],"curies":[{"name":"wp","href":"https:\/\/api.w.org\/{rel}","templated":true}]}}