{"id":1277,"date":"2025-01-16T23:34:22","date_gmt":"2025-01-16T22:34:22","guid":{"rendered":"https:\/\/remeds.org\/?page_id=1277"},"modified":"2025-07-20T14:19:52","modified_gmt":"2025-07-20T12:19:52","slug":"zasady-i-warunki","status":"publish","type":"page","link":"https:\/\/remeds.org\/pl\/terms-and-conditions\/","title":{"rendered":"Zasady i warunki korzystania"},"content":{"rendered":"<div data-elementor-type=\"wp-page\" data-elementor-id=\"1277\" class=\"elementor elementor-1277\" data-elementor-post-type=\"page\">\n\t\t\t\t<div class=\"elementor-element elementor-element-c9b74c0 e-flex e-con-boxed e-con e-parent\" data-id=\"c9b74c0\" data-element_type=\"container\" data-e-type=\"container\" data-settings=\"{&quot;background_background&quot;:&quot;classic&quot;}\">\n\t\t\t\t\t<div class=\"e-con-inner\">\n\t\t\t\t<div class=\"elementor-element elementor-element-4e91aed elementor-widget elementor-widget-heading\" data-id=\"4e91aed\" data-element_type=\"widget\" data-e-type=\"widget\" data-widget_type=\"heading.default\">\n\t\t\t\t\t<h1 class=\"elementor-heading-title elementor-size-default\">Zasady i warunki korzystania<\/h1>\t\t\t\t<\/div>\n\t\t\t\t<div class=\"elementor-element elementor-element-69f4f3c elementor-widget elementor-widget-text-editor\" data-id=\"69f4f3c\" data-element_type=\"widget\" data-e-type=\"widget\" data-widget_type=\"text-editor.default\">\n\t\t\t\t\t\t\t\t\t<p><strong>(Platforma REMEDS) PLATFORMA ANKIET I REJESTRACJI PACJENTA Z ZESPO\u0141EM MECP2<\/strong><\/p><p>Witamy na Platformie Ankiet I rejestru Pacjent\u00f3w z Zespo\u0142em Duplikacji MECP2 zwanej Platform\u0105 REMEDS lub REMEDS.<br \/><strong>PROSIMY O UWA\u017bNE PRZECZYTANIE PONI\u017bSZYCH INFORMACJI. <\/strong><\/p><p><strong>Uzyskuj\u0105c dost\u0119p do Platformy REMEDS, u\u017cytkownik o\u015bwiadcza, \u017ce ma co najmniej osiemna\u015bcie (18) lat lub jest pe\u0142noletni w swoim stanie, prowincji lub kraju, lub ma prawne upowa\u017cnienie do dzia\u0142ania w imieniu ma\u0142oletniego lub osoby doros\u0142ej niezdolnej do samodzielnego dzia\u0142ania, a tak\u017ce potwierdza, \u017ce rozumie i akceptuje nast\u0119puj\u0105ce warunki. <\/strong><\/p><p>Uzyskuj\u0105c dost\u0119p do Platformy REMEDS lub uczestnicz\u0105c w niej, u\u017cytkownik wyra\u017ca zgod\u0119 na przestrzeganie poni\u017cszych warunk\u00f3w (\"Warunki\"). <strong>JE\u015aLI U\u017bYTKOWNIK NIE AKCEPTUJE NINIEJSZYCH WARUNK\u00d3W, NIE MO\u017bE UZYSKA\u0106 DOST\u0118PU DO TEJ WITRYNY ANI KORZYSTA\u0106 Z \u017bADNYCH US\u0141UG \u015aWIADCZONYCH W TEJ WITRYNIE LUB ZA JEJ PO\u015aREDNICTWEM.<\/strong><\/p><h2>1. Przeznaczenie platformy REMEDS<\/h2><p class=\"translation-block\">Platforma REMEDS jest projektem Verein zur Unterst\u00fctzung von Kindern mit MeCP2 Duplikation Syndrom, kurz: Lasst uns MDS heilen, stowarzyszenia non-profit zgodnie z prawem austriackim<strong> (DupMECP2 - Lasst uns MDS heilen), <\/strong>kt\u00f3re jest wspierane przez Kepler Universit\u00e4tsklinikum, z siedzib\u0105 w Linz, Austria (Szpital Uniwersytecki Keplera). Celem platformy REMEDS jest gromadzenie, przechowywanie i analizowanie danych klinicznych i medycznych os\u00f3b z zespo\u0142em duplikacji MECP2 (\"MDS\") w celu wspierania bada\u0144 naukowych, lepszego zrozumienia klinicznego i poprawy leczenia. Podczas gdy rejestracja pacjenta umo\u017cliwia m.in. przesy\u0142anie danych na Platform\u0119 REMEDS, udzia\u0142 w jakimkolwiek konkretnym badaniu b\u0119dzie wymaga\u0142 wyra\u017anej \u015bwiadomej zgody uczestnika za po\u015brednictwem oddzielnej dokumentacji.<\/p><p class=\"translation-block\">Jednak\u017ce, <strong>DupMECP2-Lasst uns MDS heilen<\/strong> mo\u017ce umo\u017cliwia\u0107 badaczom, firmom farmaceutycznym, organom regulacyjnym i innym zatwierdzonym stronom trzecim (g\u0142\u00f3wnie pacjentom z MDS) wyszukiwanie i dost\u0119p do informacji po uprzednim zanonimizowaniu danych, lub pod pseudonimem.  Wi\u0119cej informacji mo\u017cna znale\u017a\u0107 w cz\u0119\u015bci Informacje dla rodzic\u00f3w i opiekun\u00f3w prawnych pacjent\u00f3w z MDS.<\/p><h2>2. Akceptacja Warunk\u00f3w<\/h2><p>Korzystanie z witryny internetowej REMEDS (\"Witryna\") i Platformy REMEDS podlega nast\u0119puj\u0105cym Warunkom. \u00a0<\/p><p>Korzystaj\u0105c z Witryny, u\u017cytkownik o\u015bwiadcza, \u017ce zapozna\u0142 si\u0119 z Regulaminem i akceptuje jego postanowienia. Je\u015bli u\u017cytkownik nie wyra\u017ca zgody na przestrzeganie Warunk\u00f3w, nie mo\u017ce przesy\u0142a\u0107 danych do Witryny ani w inny spos\u00f3b korzysta\u0107 z Witryny.<\/p><h2>3. <strong>Prawa w\u0142asno\u015bci intelektualnej i prawo w\u0142asno\u015bci<\/strong><\/h2><p class=\"translation-block\"><strong>DupMECP2-Lasst uns MDS heilen<\/strong> stworzy\u0142 Platform\u0119 REMEDS i jest odpowiedzialny za jej stworzenie, dzia\u0142anie, utrzymanie, przechowywanie danych i og\u00f3lny cel. Wszystkie strony Serwisu s\u0105 w\u0142asno\u015bci\u0105 <strong>DupMECP2-Lasst uns MDS heilen <\/strong>, kt\u00f3ry posiada wy\u0142\u0105czne prawa w\u0142asno\u015bci do wszystkich cz\u0119\u015bci Serwisu, kt\u00f3re mog\u0105 by\u0107 chronione oraz do wszystkich danych przes\u0142anych do Platformy REMEDS. <strong>DupMECP2-Lasst uns MDS heilen<\/strong> jest w\u0142a\u015bcicielem wszystkich praw w\u0142asno\u015bci intelektualnej i know-how w Platformie REMEDS, w tym mi\u0119dzy innymi wszystkich praw autorskich, kt\u00f3re umo\u017cliwi\u0142yby powielanie, odtwarzanie lub rekompilacj\u0119 Platformy REMEDS, w tym standardowych szablon\u00f3w program\u00f3w. <strong>DupMECP2-Lasst uns MDS heilen <\/strong> ma prawo do edytowania i usuwania dowolnej cz\u0119\u015bci Witryny i Platformy REMEDS.<\/p><p class=\"translation-block\">U\u017cytkownik zgadza si\u0119, \u017ce tre\u015bci zawarte na Platformie\/REMEDS oraz w\u0142asno\u015b\u0107 intelektualna, dzi\u0119ki kt\u00f3rej Platforma\/REMEDS zosta\u0142a stworzona, nie mog\u0105 by\u0107 modyfikowane, kopiowane, rozpowszechniane, oprawiane, ponownie publikowane, pobierane, wy\u015bwietlane lub sprzedawane w jakiejkolwiek formie lub w jakikolwiek spos\u00f3b, w ca\u0142o\u015bci lub w cz\u0119\u015bci, bez uprzedniej pisemnej zgody i zatwierdzenia <strong>DupMECP2-Lasst uns MDS heilen<\/strong>.<\/p><h2 class=\"translation-block\">4. Korzystanie z witryny<\/h2><p><strong>a. Zdolno\u015b\u0107 prawna<\/strong><\/p><p>U\u017cytkownik mo\u017ce korzysta\u0107 z tej Witryny w celu zarejestrowania si\u0119 w celu w\u0142\u0105czenia do Platformy REMEDS, je\u015bli jest rodzicem, opiekunem lub opiekunem prawnym, kt\u00f3ry ma co najmniej osiemna\u015bcie (18) lat (lub jest pe\u0142noletni w swoim stanie, prowincji lub kraju zamieszkania), jest w pe\u0142ni zdolny i kompetentny do zawierania prawnie wi\u0105\u017c\u0105cych um\u00f3w oraz jest w stanie wyrazi\u0107 zgod\u0119 na udost\u0119pnianie w\u0142asnych danych osobowych i zdrowotnych, a tak\u017ce danych pacjenta z MDS.<\/p><p><strong>b. Dobrowolny udzia\u0142<\/strong><\/p><p>Uczestnictwo w Platformie REMEDS jest ca\u0142kowicie dobrowolne. W ka\u017cdej chwili u\u017cytkownik ma prawo wycofa\u0107 swoje uczestnictwo. Wi\u0119cej informacji mo\u017cna znale\u017a\u0107 w cz\u0119\u015bci Informacje dla rodzic\u00f3w i opiekun\u00f3w prawnych pacjent\u00f3w z MDS.<\/p><p><strong>c. U\u017cytkowanie zgodne z prawem<\/strong><\/p><p>U\u017cytkownik zgadza si\u0119 powstrzyma\u0107 od zabronionych zachowa\u0144, zdefiniowanych tutaj jako wszelkie zachowania, kt\u00f3re: (i) s\u0105 obra\u017aliwe, n\u0119kaj\u0105ce lub w inny spos\u00f3b szkodliwe dla DupMECP2-Lasst uns MDS heilen lub jakiejkolwiek innej strony lub w\u0142asno\u015bci; (ii) naruszaj\u0105 lub pr\u00f3buj\u0105 naruszy\u0107 prawo do prywatno\u015bci innej strony lub; (iii) maj\u0105 na celu zak\u0142\u00f3cenie korzystania lub dzia\u0142ania Platformy\/Witryny REMEDS. U\u017cytkownik zgadza si\u0119 r\u00f3wnie\u017c, \u017ce: i) nie b\u0119dzie przesy\u0142a\u0107 danych, o kt\u00f3rych wie lub uwa\u017ca, \u017ce s\u0105 fa\u0142szywe, oszuka\u0144cze, niedok\u0142adne, niekompletne lub wprowadzaj\u0105ce w b\u0142\u0105d; ii) nie b\u0119dzie \u015bwiadomie przesy\u0142a\u0107 danych z komputera, o kt\u00f3rym wie lub uwa\u017ca, \u017ce mo\u017ce zawiera\u0107 wirusy, konie troja\u0144skie, robaki, bomby zegarowe, paj\u0105ki lub inne procedury programowania komputerowego, kt\u00f3re mog\u0105 uszkodzi\u0107, szkodliwie ingerowa\u0107, potajemnie przechwytywa\u0107 lub przyw\u0142aszcza\u0107 dowolny system, dane lub informacje osobiste. Ponadto, u\u017cytkownik nie b\u0119dzie korzysta\u0142 z Platformy\/Witryny REMEDS w celu wyg\u0142aszania znies\u0142awiaj\u0105cych, oszczerczych lub zawieraj\u0105cych gro\u017aby o\u015bwiadcze\u0144, ani \u015bwiadomie wykorzystywa\u0142 jej do generowania spamu.<\/p><p><strong>Witryna wy\u0142\u0105cznie dla dozwolonych dzia\u0142a\u0144 (zdefiniowanych w niniejszym dokumencie)<\/strong><\/p><p>Platforma\/Witryna REMEDS jest przeznaczona wy\u0142\u0105cznie dla zarejestrowanych i autoryzowanych u\u017cytkownik\u00f3w. Warunki kontroluj\u0105 wykorzystanie wszystkich danych w ramach Platformy\/Witryny REMEDS. Zabronione s\u0105 pr\u00f3by (i) uzyskania nieautoryzowanego dost\u0119pu do Platformy\/Witryny REMEDS lub jakichkolwiek us\u0142ug, innych kont, system\u00f3w komputerowych lub sieci pod\u0142\u0105czonych do dowolnego serwera, (ii) uzyskania dost\u0119pu do Platformy\/Witryny REMEDS poprzez hakowanie, eksploracj\u0119 hase\u0142 lub w jakikolwiek inny spos\u00f3b, (iii) uzyskania lub pr\u00f3by uzyskania poufnych, zastrze\u017conych i\/lub osobistych informacji przechowywanych na Platformie\/Witrynie REMEDS; (iv) rozpowszechniania hase\u0142 w\u015br\u00f3d niezarejestrowanych lub nieautoryzowanych u\u017cytkownik\u00f3w; lub (v) nieautoryzowanego korzystania z Platformy\/Witryny REMEDS lub informacji dost\u0119pnych na Platformie\/Witrynie REMEDS.<\/p><p><strong>e. U\u017cytkownicy mi\u0119dzynarodowi<\/strong><\/p><p>Platforma REMEDS podlega przepisom Unii Europejskiej dotycz\u0105cym ochrony danych, w tym og\u00f3lnemu rozporz\u0105dzeniu o ochronie danych (RODO).<\/p><p>U\u017cytkownik uzyskuje dost\u0119p do Witryny na w\u0142asne ryzyko i ponosi wy\u0142\u0105czn\u0105 odpowiedzialno\u015b\u0107 za zgodno\u015b\u0107 z lokalnymi przepisami prawa i regulacjami.<\/p><h2><strong>5. <\/strong><strong>Post\u0119powanie i odpowiedzialno\u015b\u0107 u\u017cytkownika<\/strong><\/h2><p><strong>a. Bezpiecze\u0144stwo<\/strong><\/p><p class=\"translation-block\">Ponosisz wy\u0142\u0105czn\u0105 odpowiedzialno\u015b\u0107 za bezpiecze\u0144stwo swojego has\u0142a i konta oraz ponosisz pe\u0142n\u0105 odpowiedzialno\u015b\u0107 za wszystkie czynno\u015bci wykonywane pod swoim has\u0142em lub kontem, z Twoj\u0105 wiedz\u0105 lub bez niej. Nie wolno Ci \u015bwiadomie udost\u0119pnia\u0107 swoich danych logowania i has\u0142a innej osobie. Zgadzasz si\u0119 natychmiast zmieni\u0107 swoje has\u0142o i powiadomi\u0107 Koordynatora ds. REMEDSza po\u015brednictwem poczty elektronicznej na adres office@remeds.org o potencjalnym nieautoryzowanym u\u017cyciu Twojego has\u0142a lub konta lub jakimkolwiek innym naruszeniu bezpiecze\u0144stwa. <strong>DupMECP2-Lasst uns MDS heilen<\/strong> nie ponosi odpowiedzialno\u015bci za jakiekolwiek straty lub szkody wynikaj\u0105ce z Twojego nieprzestrzegania tych zasad. <strong>DupMECP2-Lasst uns MDS heilen<\/strong> zastrzega sobie prawo do odmowy lub cofni\u0119cia dost\u0119pu do Platformy\/Strony Internetowej REMEDS, w ca\u0142o\u015bci lub w cz\u0119\u015bci, je\u015bli <strong>DupMECP2-Lasst uns MDS heilen<\/strong> b\u0119dzie uzasadnienie uwa\u017ca\u0107, \u017ce naruszasz te Warunki lub w inny spos\u00f3b korzystasz z Platformy\/Strony Internetowej REMEDS w spos\u00f3b niezgodny z Warunkami.<\/p><p><strong>b. Tre\u015bci przesy\u0142ane przez u\u017cytkownik\u00f3w<\/strong><\/p><p>U\u017cytkownik ponosi wy\u0142\u0105czn\u0105 odpowiedzialno\u015b\u0107 za zachowanie ostro\u017cno\u015bci, dyskrecji, zdrowego rozs\u0105dku i os\u0105du podczas korzystania z Platformy\/Witryny REMEDS i uzyskiwania do niej dost\u0119pu oraz za wszelkie tre\u015bci w niej zawarte lub udost\u0119pniane. Tre\u015bci, kt\u00f3re s\u0105 niedopuszczalne, nieodpowiednie lub niezgodne z niniejszymi Warunkami, mog\u0105 skutkowa\u0107 odebraniem u\u017cytkownikowi dost\u0119pu do Platformy\/Witryny REMEDS.<\/p><p>U\u017cytkownik ponosi odpowiedzialno\u015b\u0107 za wszelkie tre\u015bci zamieszczane, publikowane, wy\u015bwietlane lub w inny spos\u00f3b przesy\u0142ane do Witryny. U\u017cytkownik zgadza si\u0119 nie przesy\u0142a\u0107 ani w inny spos\u00f3b nie udost\u0119pnia\u0107 w Witrynie \u017cadnych danych osobowych innych os\u00f3b ani \u017cadnych materia\u0142\u00f3w chronionych prawem autorskim, znakiem towarowym, reklam\u0105, prywatno\u015bci\u0105 lub innymi prawami w\u0142asno\u015bci bez wyra\u017anej zgody, odpowiednio, takiej osoby lub w\u0142a\u015bciciela takich praw. Ci\u0119\u017car ustalenia, \u017ce przekazywanie informacji jest dozwolone lub \u017ce materia\u0142 nie jest chroniony takimi prawami, spoczywa na u\u017cytkowniku.<\/p><p class=\"translation-block\">Wyra\u017casz r\u00f3wnie\u017c zgod\u0119 na zg\u0142aszanie nadu\u017cy\u0107 Serwisu\/REMEDSPlatformy do Koordynatora ds.REMEDS drog\u0105 mailow\u0105 na adres <a href=\"mailto:office@remeds.org\" target=\"_self\">office@remeds.org<\/a> z wystarczaj\u0105cymi szczeg\u00f3\u0142ami identyfikuj\u0105cymi naganne zachowanie lub tre\u015b\u0107, aby <strong>DupMECP2-Lasst uns MDS heilen<\/strong> mog\u0142o wed\u0142ug w\u0142asnego uznania okre\u015bli\u0107, czy podj\u0105\u0107 dzia\u0142ania w odniesieniu do zg\u0142oszonego nadu\u017cycia.<\/p><p><strong>c. Wsp\u00f3\u0142praca<\/strong><\/p><p class=\"translation-block\">Zgadzasz si\u0119 w pe\u0142ni wsp\u00f3\u0142pracowa\u0107 z <strong>DupMECP2-Lasst uns MDS heilen<\/strong> w celu zbadania wszelkich podejrze\u0144 lub rzeczywistych dzia\u0142a\u0144 naruszaj\u0105cych niniejsze Warunki.<\/p><p><strong>d. Badania naukowe<\/strong><\/p><p>Badania naukowe dost\u0119pne za po\u015brednictwem platformy REMEDS mog\u0105 obejmowa\u0107 badania obserwacyjne, genetyczne lub kliniczne maj\u0105ce na celu lepsze zrozumienie MDS. Uczestnicy zawsze otrzymaj\u0105 szczeg\u00f3\u0142owe informacje i oddzielny formularz \u015bwiadomej zgody przed podj\u0119ciem decyzji o udziale w konkretnym badaniu.<\/p><p><strong>e. Ryzyko zwi\u0105zane z korzystaniem z witryny<\/strong><\/p><p class=\"translation-block\">Potwierdzasz i zgadzasz si\u0119, \u017ce wszelkie przesy\u0142ane lub transmitowane przez Ciebie do Serwisu\/REMEDS Platformy lub za jej po\u015brednictwem mog\u0105 zosta\u0107 przechwycone i wykorzystane przez nieuprawnion\u0105 stron\u0119 trzeci\u0105. **DupMECP2-Lasst uns MDS heilen** do\u0142o\u017cy wszelkich uzasadnionych stara\u0144, aby unikn\u0105\u0107 takiego nieuprawnionego wykorzystania przez osoby trzecie.<\/p><p><strong>f. Linki do innych stron internetowych<\/strong><\/p><p class=\"translation-block\">Strona internetowa mo\u017ce zawiera\u0107 linki do powi\u0105zanych stron internetowych. Umieszczenie jakiegokolwiek linku nie oznacza poparcia ze strony <strong>DupMECP2-Lasst uns MDS heilen<\/strong>. Obowi\u0105zkiem u\u017cytkownika jest podj\u0119cie \u015brodk\u00f3w ostro\u017cno\u015bci w celu zapewnienia, \u017ce wszystko, co wybierzesz do u\u017cytku, jest wolne od wirus\u00f3w, robak\u00f3w, koni troja\u0144skich i innych szkodliwych element\u00f3w lub nie narusza praw os\u00f3b trzecich.<\/p><h2><strong>6. <\/strong><strong>Zrzeczenie si\u0119 korzy\u015bci wynikaj\u0105cych z uczestnictwa<\/strong><\/h2><p>Udzielenie odpowiedzi na kwestionariusze, ankiety lub formularze, lub jakikolwiek rodzaj badania na platformie\/witrynie internetowej REMEDS nie gwarantuje udzia\u0142u w badaniu ani bezpo\u015bredniego dost\u0119pu do opieki.<\/p><h2><strong>7. <\/strong><strong>Wy\u0142\u0105czenie odpowiedzialno\u015bci za porady medyczne<\/strong><\/h2><p>Ca\u0142a zawarto\u015b\u0107 witryny s\u0142u\u017cy wy\u0142\u0105cznie celom informacyjnym i nie ma na celu zast\u0105pienia niezale\u017cnej profesjonalnej oceny medycznej, porady, diagnozy lub leczenia. Wszelkie pytania dotycz\u0105ce zdrowia u\u017cytkownika lub jego dziecka powinny by\u0107 kierowane do lekarza lub wykwalifikowanego pracownika s\u0142u\u017cby zdrowia, a u\u017cytkownik nie powinien lekcewa\u017cy\u0107 ani op\u00f3\u017ania\u0107 zasi\u0119gni\u0119cia porady medycznej dotycz\u0105cej leczenia lub standardu opieki ze wzgl\u0119du na informacje zamieszczone w Witrynie lub przekazywane za jej po\u015brednictwem.<\/p><h2><strong>8. <\/strong><strong>Wy\u0142\u0105czenie odpowiedzialno\u015bci z tytu\u0142u gwarancji<\/strong><\/h2><p>Nie ma gwarancji, \u017ce Witryna\/REMEDS b\u0119dzie dzia\u0142a\u0107 nieprzerwanie lub bezb\u0142\u0119dnie lub \u017ce wady Platformy\/REMEDS zostan\u0105 naprawione, \u017ce wszelkie informacje zawarte na lub przekazywane za po\u015brednictwem Platformy\/REMEDS s\u0105 kompletne, dok\u0142adne lub aktualne, \u017ce informacje u\u017cytkownika lub inne informacje b\u0119d\u0105 ca\u0142kowicie zabezpieczone przed nieautoryzowanym dost\u0119pem lub ujawnieniem, lub \u017ce wszelkie informacje s\u0105 wolne od wirus\u00f3w lub innego nieuczciwego programowania.<\/p><h2><strong>9. <\/strong><strong>Odszkodowanie<\/strong><\/h2><p class=\"translation-block\">U\u017cytkownik zwolni z odpowiedzialno\u015bci <strong>DupMECP2-lasst uns MDS heilen<\/strong> za wszelkie niew\u0142a\u015bciwe lub niezgodne z prawem korzystanie z Witryny\/REMEDS Platform.<\/p><h2>10. <strong>Og\u00f3lne praktyki dotycz\u0105ce u\u017cytkowania i przechowywania<\/strong><\/h2><p class=\"translation-block\">Wyra\u017casz zgod\u0119 na to, \u017ce <strong>DupMECP2-Lasst uns MDS heilen<\/strong> nie ponosi \u017cadnej odpowiedzialno\u015bci za usuni\u0119cie lub brak zapisania jakichkolwiek wiadomo\u015bci i innych komunikat\u00f3w lub innej tre\u015bci utrzymywanej lub przesy\u0142anej przez Witryn\u0119. Potwierdzasz, \u017ce <strong>DupMECP2-Lasst uns MDS heilen<\/strong> zastrzega sobie prawo do wylogowania nieaktywnych kont przez d\u0142u\u017cszy okres czasu.<\/p><h2><strong>11. <\/strong><strong>Poufno\u015b\u0107 i u\u017cytkowanie<\/strong><\/h2><p class=\"translation-block\">**DupMECP2-Lasst uns MDS heilen** mo\u017ce ujawni\u0107, lub by\u0107 zobowi\u0105zany do ujawnienia, pewnych informacji, je\u015bli ma uzasadnione przekonanie, \u017ce takie ujawnienie jest wymagane przez obowi\u0105zuj\u0105ce prawo. We wszystkich innych przypadkach dane i informacje zebrane za po\u015brednictwem strony internetowej \/ platformyREMEDS b\u0119d\u0105 przechowywane w poufno\u015bci przez Ciebie i **DupMECP2-Lasst uns MDS heilen**.<\/p><h2><strong>12. <\/strong><strong>Zako\u0144czenie<\/strong><\/h2><p>U\u017cytkownik zgadza si\u0119, \u017ce jego konto i dost\u0119p do Platformy Website\/REMEDS mog\u0105 zosta\u0107 natychmiastowo zako\u0144czone, z lub bez przyczyny i bez wcze\u015bniejszego powiadomienia. Nie ograniczaj\u0105c powy\u017cszego, do zako\u0144czenia korzystania przez u\u017cytkownika z Platformy Website\/REMEDS doprowadz\u0105: (a) naruszenia lub pogwa\u0142cenia niniejszych Warunk\u00f3w, (b) \u017c\u0105dania organ\u00f3w \u015bcigania lub innych agencji rz\u0105dowych, (c) \u017c\u0105danie u\u017cytkownika (usuni\u0119cie konta z w\u0142asnej inicjatywy), (d) nieoczekiwane kwestie techniczne lub problemy oraz (e) przed\u0142u\u017caj\u0105ce si\u0119 okresy braku aktywno\u015bci.<\/p><p class=\"translation-block\">Rozwi\u0105zanie umowy le\u017cy w wy\u0142\u0105cznej gestii <strong>DupMECP2-Lasst uns MDS heilen<\/strong> i <strong>DupMECP2-Lasst uns MDS heilen<\/strong> nie ponosi odpowiedzialno\u015bci wobec u\u017cytkownika za jakiekolwiek rozwi\u0105zanie jego konta lub dost\u0119pu do strony internetowej\/REMEDS platformy.<\/p><p>Po zamkni\u0119ciu konta u\u017cytkownika \u017cadne nowe dane nie b\u0119d\u0105 gromadzone, ale wcze\u015bniej zgromadzone dane mog\u0105 zosta\u0107 zachowane w formie spseudonimizowanej lub zanonimizowanej.<\/p><h2><strong>13. <\/strong><strong>Komunikacja z platformy REMEDS<\/strong><\/h2><p class=\"translation-block\">Od czasu do czasu u\u017cytkownicy otrzymuj\u0105 powiadomienia o aktualizacjach i innych cennych informacjach dotycz\u0105cych Platformy REMEDS lub Witryny oraz powi\u0105zanych bada\u0144. Korzystaj\u0105c z Witryny lub Platformy REMEDS, u\u017cytkownicy wyra\u017caj\u0105 zgod\u0119 na kontakt ze strony <strong>DupMECP2-Lasst uns MDS heilen<\/strong> oraz na otrzymywanie takich aktualizacji i informacji.<\/p><h2><strong>14. <\/strong><strong>Prawo w\u0142a\u015bciwe, jurysdykcja<\/strong><\/h2><p>Wszelkie spory wynikaj\u0105ce z niniejszych Warunk\u00f3w b\u0119d\u0105 regulowane i interpretowane zgodnie z prawem austriackim, z wy\u0142\u0105czeniem zasad wyboru prawa.<\/p><h2><strong>15. <\/strong><strong>Zmiany warunk\u00f3w<\/strong><\/h2><p class=\"translation-block\"><strong>DupMECP2-Lasst uns MDS heilen<\/strong> zastrzega sobie prawo do modyfikowania lub aktualizowania niniejszych Warunk\u00f3w w dowolnym momencie. Wszelkie zmiany zostan\u0105 przekazane uczestnikom (u\u017cytkownikom) za po\u015brednictwem poczty elektronicznej lub za po\u015brednictwem strony internetowej. Twoja dalsza wsp\u00f3\u0142praca z REMEDS Platform po takich zmianach stanowi akceptacj\u0119 zaktualizowanych Warunk\u00f3w.<\/p><ol><li style=\"list-style-type: none;\">\u00a0<\/li><\/ol>\t\t\t\t\t\t\t\t<\/div>\n\t\t\t\t\t<\/div>\n\t\t\t\t<\/div>\n\t\t\t\t<\/div>","protected":false},"excerpt":{"rendered":"<p>Terms and Conditions MECP2 DUPLICATION PATIENT REGISTRY AND SURVEY PLATFORM (REMEDS Platform) Welcome to the MECP2 Duplication Syndrome Patient Registry and Survey Platform called REMEDS or REMEDS Platform.PLEASE READ THE FOLLOWING INFORMATION CAREFULLY. In accessing the REMEDS Platform you represent that you are at least eighteen (18) years of age, or the age of majority [&hellip;]<\/p>\n","protected":false},"author":73,"featured_media":0,"parent":0,"menu_order":0,"comment_status":"closed","ping_status":"closed","template":"","meta":{"_jf_save_progress":"","footnotes":""},"class_list":["post-1277","page","type-page","status-publish","hentry"],"_links":{"self":[{"href":"https:\/\/remeds.org\/pl\/wp-json\/wp\/v2\/pages\/1277","targetHints":{"allow":["GET"]}}],"collection":[{"href":"https:\/\/remeds.org\/pl\/wp-json\/wp\/v2\/pages"}],"about":[{"href":"https:\/\/remeds.org\/pl\/wp-json\/wp\/v2\/types\/page"}],"author":[{"embeddable":true,"href":"https:\/\/remeds.org\/pl\/wp-json\/wp\/v2\/users\/73"}],"replies":[{"embeddable":true,"href":"https:\/\/remeds.org\/pl\/wp-json\/wp\/v2\/comments?post=1277"}],"version-history":[{"count":10,"href":"https:\/\/remeds.org\/pl\/wp-json\/wp\/v2\/pages\/1277\/revisions"}],"predecessor-version":[{"id":3446,"href":"https:\/\/remeds.org\/pl\/wp-json\/wp\/v2\/pages\/1277\/revisions\/3446"}],"wp:attachment":[{"href":"https:\/\/remeds.org\/pl\/wp-json\/wp\/v2\/media?parent=1277"}],"curies":[{"name":"wp","href":"https:\/\/api.w.org\/{rel}","templated":true}]}}