{"id":3343,"date":"2025-06-28T06:17:41","date_gmt":"2025-06-28T04:17:41","guid":{"rendered":"https:\/\/remeds.org\/?page_id=3343"},"modified":"2025-07-19T18:22:22","modified_gmt":"2025-07-19T16:22:22","slug":"imprint","status":"publish","type":"page","link":"https:\/\/remeds.org\/hu\/imprint\/","title":{"rendered":"Impresszum"},"content":{"rendered":"<div data-elementor-type=\"wp-page\" data-elementor-id=\"3343\" class=\"elementor elementor-3343\" data-elementor-post-type=\"page\">\n\t\t\t\t<div class=\"elementor-element elementor-element-3564d6d7 e-flex e-con-boxed e-con e-parent\" data-id=\"3564d6d7\" data-element_type=\"container\" data-e-type=\"container\">\n\t\t\t\t\t<div class=\"e-con-inner\">\n\t\t\t\t<div class=\"elementor-element elementor-element-f21e229 elementor-widget elementor-widget-heading\" data-id=\"f21e229\" data-element_type=\"widget\" data-e-type=\"widget\" data-widget_type=\"heading.default\">\n\t\t\t\t\t<h1 class=\"elementor-heading-title elementor-size-default\">Impresszum<\/h1>\t\t\t\t<\/div>\n\t\t\t\t<div class=\"elementor-element elementor-element-7f5af928 elementor-widget elementor-widget-text-editor\" data-id=\"7f5af928\" data-element_type=\"widget\" data-e-type=\"widget\" data-widget_type=\"text-editor.default\">\n\t\t\t\t\t\t\t\t\t<p class=\"translation-block\">Verein zur Unterst\u00fctzung von Kindern mit MeCP2 Duplication Syndrom, kurz: Lasst uns MDS heilen, az osztr\u00e1k jog szerinti nonprofit egyes\u00fclet<strong> (DupMECP2 - Lasst uns MDS heilen),<\/strong> ZVR 1165516180 (az osztr\u00e1k k\u00f6zponti egyes\u00fcleti nyilv\u00e1ntart\u00e1sban szerepl\u0151 nyilv\u00e1ntart\u00e1si sz\u00e1m).<\/p><h2><strong>C\u00edm:<\/strong><\/h2><p>Premreinergasse 13<\/p><p>1130 Wien<\/p><p>Ausztria<\/p><h2><strong>El\u00e9rhet\u0151s\u00e9gek:<\/strong><\/h2><p>E-mail: office@remeds.org<\/p><p>Telefon: 0043 678 121 5837<\/p><p>Honlap: www.remeds.org<\/p><h2>Jogi k\u00e9pvisel\u0151k:<\/h2><p>David Covini, eln\u00f6k<\/p><p>Dr. Caroline Covini, aleln\u00f6k<\/p><h2><strong>A weboldal c\u00e9lja:<\/strong><\/h2><p class=\"translation-block\">Ez a weboldal a MECP2 Duplik\u00e1ci\u00f3s Szindr\u00f3ma (REMEDS Platform) hivatalos platformja.<\/strong> Els\u0151dleges c\u00e9lja a klinikai \u00e9s genetikai adatok gy\u0171jt\u00e9se, t\u00e1rol\u00e1sa \u00e9s elemz\u00e9se a kutat\u00e1s jav\u00edt\u00e1sa, a MECP2 Duplik\u00e1ci\u00f3s Szindr\u00f3ma jobb meg\u00e9rt\u00e9se \u00e9s a tudom\u00e1nyos vizsg\u00e1latok t\u00e1mogat\u00e1sa \u00e9rdek\u00e9ben.<\/p><h2><strong>Adatv\u00e9delem \u00e9s GDPR-megfelel\u00e9s:<\/strong><\/h2><p class=\"translation-block\">Ez a weboldal \u00e9s minden adatfeldolgoz\u00e1si tev\u00e9kenys\u00e9g a **szem\u00e9lyes adatok \u00e1ltal\u00e1nos v\u00e9delm\u00e9r\u0151l sz\u00f3l\u00f3 rendelettel (GDPR)** \u00f6sszhangban t\u00f6rt\u00e9nik. A szem\u00e9lyes adatok gy\u0171jt\u00e9se, t\u00e1rol\u00e1sa \u00e9s feldolgoz\u00e1sa kiz\u00e1r\u00f3lag az \u00e9rintett szem\u00e9ly kifejezett hozz\u00e1j\u00e1rul\u00e1s\u00e1val t\u00f6rt\u00e9nik.<\/p><h2><strong>Felel\u0151ss\u00e9gi nyilatkozat:<\/strong><\/h2><p class=\"translation-block\">Az ezen a weboldalon tal\u00e1lhat\u00f3 \u00f6sszes tartalom kiz\u00e1r\u00f3lag t\u00e1j\u00e9koz\u00f3d\u00e1si c\u00e9lt szolg\u00e1l. A **DupMECP2 \u2013 Lasst uns MDS heilen** nem v\u00e1llal felel\u0151ss\u00e9get az inform\u00e1ci\u00f3k pontoss\u00e1g\u00e1\u00e9rt, teljess\u00e9g\u00e9\u00e9rt vagy id\u0151szer\u0171s\u00e9g\u00e9\u00e9rt. A k\u00fcls\u0151 hivatkoz\u00e1sok haszn\u00e1lata nem jelenti azok j\u00f3v\u00e1hagy\u00e1s\u00e1t, \u00e9s a **DupMECP2 \u2013 Lasst uns MDS heilen** nem v\u00e1llal felel\u0151ss\u00e9get harmadik f\u00e9l tartalmai\u00e9rt.<\/p><h2><strong>Szerz\u0151i jog \u00e9s szellemi tulajdon:<\/strong><\/h2><p class=\"translation-block\">A weboldal tartalma, szerkezete \u00e9s kialak\u00edt\u00e1sa szerz\u0151i jogi v\u00e9delem alatt \u00e1ll. A weboldal tartalm\u00e1nak b\u00e1rmilyen reproduk\u00e1l\u00e1sa, m\u00f3dos\u00edt\u00e1sa, terjeszt\u00e9se vagy kereskedelmi felhaszn\u00e1l\u00e1sa a <strong>DupMECP2 - Lasst uns MDS heilen<\/strong> el\u0151zetes \u00edr\u00e1sbeli enged\u00e9ly\u00e9hez k\u00f6t\u00f6tt.<\/p><p><!-- \/wp:paragraph --><\/p>\t\t\t\t\t\t\t\t<\/div>\n\t\t\t\t\t<\/div>\n\t\t\t\t<\/div>\n\t\t\t\t<\/div>","protected":false},"excerpt":{"rendered":"<p>Imprint Verein zur Unterst\u00fctzung von Kindern mit MeCP2 Duplication Syndrom, kurz: Lasst uns MDS heilen, a not-for-profit association under Austrian law (DupMECP2 \u2013 Lasst uns MDS heilen), ZVR 1165516180 (Registration number with the Austrian central association registry) Address: Premreinergasse 13 1130 Wien Austria Contact Information: Email: office@remeds.org Phone: 0043 678\u00a0121 5837 Website: www.remeds.org Legal Representatives: [&hellip;]<\/p>\n","protected":false},"author":114,"featured_media":0,"parent":0,"menu_order":0,"comment_status":"closed","ping_status":"closed","template":"","meta":{"_jf_save_progress":"","footnotes":""},"class_list":["post-3343","page","type-page","status-publish","hentry"],"_links":{"self":[{"href":"https:\/\/remeds.org\/hu\/wp-json\/wp\/v2\/pages\/3343","targetHints":{"allow":["GET"]}}],"collection":[{"href":"https:\/\/remeds.org\/hu\/wp-json\/wp\/v2\/pages"}],"about":[{"href":"https:\/\/remeds.org\/hu\/wp-json\/wp\/v2\/types\/page"}],"author":[{"embeddable":true,"href":"https:\/\/remeds.org\/hu\/wp-json\/wp\/v2\/users\/114"}],"replies":[{"embeddable":true,"href":"https:\/\/remeds.org\/hu\/wp-json\/wp\/v2\/comments?post=3343"}],"version-history":[{"count":11,"href":"https:\/\/remeds.org\/hu\/wp-json\/wp\/v2\/pages\/3343\/revisions"}],"predecessor-version":[{"id":3466,"href":"https:\/\/remeds.org\/hu\/wp-json\/wp\/v2\/pages\/3343\/revisions\/3466"}],"wp:attachment":[{"href":"https:\/\/remeds.org\/hu\/wp-json\/wp\/v2\/media?parent=3343"}],"curies":[{"name":"wp","href":"https:\/\/api.w.org\/{rel}","templated":true}]}}