{"id":3343,"date":"2025-06-28T06:17:41","date_gmt":"2025-06-28T04:17:41","guid":{"rendered":"https:\/\/remeds.org\/?page_id=3343"},"modified":"2025-07-19T18:22:22","modified_gmt":"2025-07-19T16:22:22","slug":"imprint","status":"publish","type":"page","link":"https:\/\/remeds.org\/hr\/imprint\/","title":{"rendered":"Otisak"},"content":{"rendered":"<div data-elementor-type=\"wp-page\" data-elementor-id=\"3343\" class=\"elementor elementor-3343\" data-elementor-post-type=\"page\">\n\t\t\t\t<div class=\"elementor-element elementor-element-3564d6d7 e-flex e-con-boxed e-con e-parent\" data-id=\"3564d6d7\" data-element_type=\"container\" data-e-type=\"container\">\n\t\t\t\t\t<div class=\"e-con-inner\">\n\t\t\t\t<div class=\"elementor-element elementor-element-f21e229 elementor-widget elementor-widget-heading\" data-id=\"f21e229\" data-element_type=\"widget\" data-e-type=\"widget\" data-widget_type=\"heading.default\">\n\t\t\t\t\t<h1 class=\"elementor-heading-title elementor-size-default\">Otisak<\/h1>\t\t\t\t<\/div>\n\t\t\t\t<div class=\"elementor-element elementor-element-7f5af928 elementor-widget elementor-widget-text-editor\" data-id=\"7f5af928\" data-element_type=\"widget\" data-e-type=\"widget\" data-widget_type=\"text-editor.default\">\n\t\t\t\t\t\t\t\t\t<p class=\"translation-block\">Verein zur Unterst\u00fctzung von Kindern mit MeCP2 Duplication Syndrom, kurz: Lasst uns MDS heilen, neprofitna udruga prema austrijskom zakonu <strong>(DupMECP2 \u2013 Last uns MDS heilen),<\/strong> ZVR 1165516180 (Registracijski broj u austrijskom sredi\u0161njem registru udruga)<\/p><h2><strong>Adresa:<\/strong><\/h2><p>Premreinergasse 13<\/p><p>1130 Be\u010d<\/p><p>Austrija<\/p><h2><strong>Kontakt informacije:<\/strong><\/h2><p>E-po\u0161ta: office@remeds.org<\/p><p>Telefon: 0043 678 121 5837<\/p><p>Web stranica: www.remeds.org<\/p><h2>Pravni zastupnici:<\/h2><p>David Covini, predsjednik<\/p><p>Dr. Caroline Covini, potpredsjednica<\/p><h2><strong>Svrha web stranice:<\/strong><\/h2><p class=\"translation-block\">Ova web stranica slu\u017ei kao slu\u017ebena platforma za <strong>Registar i platformu za medicinska istra\u017eivanja za sindrom duplikacije MECP2 (platforma REMEDS).<\/strong> Njezina je primarna svrha prikupljanje, pohranjivanje i analiza klini\u010dkih i genetskih podataka radi pobolj\u0161anja istra\u017eivanja, boljeg razumijevanja sindroma duplikacije MECP2 i podr\u0161ke znanstvenim studijama.<\/p><h2><strong>Za\u0161tita podataka i uskla\u0111enost s GDPR-om:<\/strong><\/h2><p class=\"translation-block\">Ova web stranica i sve aktivnosti obrade podataka provode se u skladu s **Op\u0107om uredbom o za\u0161titi podataka (GDPR)**. Osobni podaci prikupljaju se, pohranjuju i obra\u0111uju samo uz izri\u010ditu suglasnost osobe na koju se odnose.<\/p><h2><strong>Odricanje od odgovornosti:<\/strong><\/h2><p class=\"translation-block\">Sav sadr\u017eaj pru\u017een na ovoj web stranici slu\u017ei isklju\u010divo u informativne svrhe. <strong>DupMECP2 \u2013 Lasst uns MDS heilen<\/strong> ne preuzima odgovornost za to\u010dnost, potpunost ili pravovremenost informacija. Kori\u0161tenje vanjskih poveznica ne podrazumijeva njihovo odobravanje, a <strong>DupMECP2 \u2013 Lasst uns MDS heilen<\/strong> nije odgovoran za sadr\u017eaj tre\u0107ih strana.<\/p><h2><strong>Autorska prava i intelektualno vlasni\u0161tvo:<\/strong><\/h2><p class=\"translation-block\">Sadr\u017eaj, struktura i dizajn ove web stranice za\u0161ti\u0107eni su zakonima o autorskim pravima. Svaka reprodukcija, izmjena, distribucija ili komercijalna upotreba sadr\u017eaja web stranice zahtijeva prethodnu pisanu suglasnost <strong>DupMECP2 \u2013 Lasst uns MDS heilen<\/strong> .<\/p><p><!-- \/wp:paragraph --><\/p>\t\t\t\t\t\t\t\t<\/div>\n\t\t\t\t\t<\/div>\n\t\t\t\t<\/div>\n\t\t\t\t<\/div>","protected":false},"excerpt":{"rendered":"<p>Imprint Verein zur Unterst\u00fctzung von Kindern mit MeCP2 Duplication Syndrom, kurz: Lasst uns MDS heilen, a not-for-profit association under Austrian law (DupMECP2 \u2013 Lasst uns MDS heilen), ZVR 1165516180 (Registration number with the Austrian central association registry) Address: Premreinergasse 13 1130 Wien Austria Contact Information: Email: office@remeds.org Phone: 0043 678\u00a0121 5837 Website: www.remeds.org Legal Representatives: [&hellip;]<\/p>\n","protected":false},"author":114,"featured_media":0,"parent":0,"menu_order":0,"comment_status":"closed","ping_status":"closed","template":"","meta":{"_jf_save_progress":"","footnotes":""},"class_list":["post-3343","page","type-page","status-publish","hentry"],"_links":{"self":[{"href":"https:\/\/remeds.org\/hr\/wp-json\/wp\/v2\/pages\/3343","targetHints":{"allow":["GET"]}}],"collection":[{"href":"https:\/\/remeds.org\/hr\/wp-json\/wp\/v2\/pages"}],"about":[{"href":"https:\/\/remeds.org\/hr\/wp-json\/wp\/v2\/types\/page"}],"author":[{"embeddable":true,"href":"https:\/\/remeds.org\/hr\/wp-json\/wp\/v2\/users\/114"}],"replies":[{"embeddable":true,"href":"https:\/\/remeds.org\/hr\/wp-json\/wp\/v2\/comments?post=3343"}],"version-history":[{"count":11,"href":"https:\/\/remeds.org\/hr\/wp-json\/wp\/v2\/pages\/3343\/revisions"}],"predecessor-version":[{"id":3466,"href":"https:\/\/remeds.org\/hr\/wp-json\/wp\/v2\/pages\/3343\/revisions\/3466"}],"wp:attachment":[{"href":"https:\/\/remeds.org\/hr\/wp-json\/wp\/v2\/media?parent=3343"}],"curies":[{"name":"wp","href":"https:\/\/api.w.org\/{rel}","templated":true}]}}