{"id":1277,"date":"2025-01-16T23:34:22","date_gmt":"2025-01-16T22:34:22","guid":{"rendered":"https:\/\/remeds.org\/?page_id=1277"},"modified":"2025-07-20T14:19:52","modified_gmt":"2025-07-20T12:19:52","slug":"terms-and-conditions","status":"publish","type":"page","link":"https:\/\/remeds.org\/hr\/terms-and-conditions\/","title":{"rendered":"Uvjeti i odredbe"},"content":{"rendered":"<div data-elementor-type=\"wp-page\" data-elementor-id=\"1277\" class=\"elementor elementor-1277\" data-elementor-post-type=\"page\">\n\t\t\t\t<div class=\"elementor-element elementor-element-c9b74c0 e-flex e-con-boxed e-con e-parent\" data-id=\"c9b74c0\" data-element_type=\"container\" data-e-type=\"container\" data-settings=\"{&quot;background_background&quot;:&quot;classic&quot;}\">\n\t\t\t\t\t<div class=\"e-con-inner\">\n\t\t\t\t<div class=\"elementor-element elementor-element-4e91aed elementor-widget elementor-widget-heading\" data-id=\"4e91aed\" data-element_type=\"widget\" data-e-type=\"widget\" data-widget_type=\"heading.default\">\n\t\t\t\t\t<h1 class=\"elementor-heading-title elementor-size-default\">Uvjeti i odredbe<\/h1>\t\t\t\t<\/div>\n\t\t\t\t<div class=\"elementor-element elementor-element-69f4f3c elementor-widget elementor-widget-text-editor\" data-id=\"69f4f3c\" data-element_type=\"widget\" data-e-type=\"widget\" data-widget_type=\"text-editor.default\">\n\t\t\t\t\t\t\t\t\t<p><strong>REGISTAR PACIJENATA S DUPLIKACIJOM MECP2 I PLATFORMA ZA ANKETIRANJE (REMEDS Platforma)<\/strong><\/p><p>Dobrodo\u0161li na Registar pacijenata s duplikacijom MECP2 i platformu za anketiranje pod nazivom REMEDS ili REMEDS Platforma.<br \/><strong>MOLIMO PA\u017dLJIVO PRO\u010cITAJTE SLJEDE\u0106E INFORMACIJE. <\/strong><\/p><p><strong>Pristupom REMEDS Platformi izjavljujete da imate najmanje osamnaest (18) godina, ili ste punoljetni u va\u0161oj dr\u017eavi, pokrajini ili zemlji, ili imate pravnu ovlast djelovati u ime maloljetnika ili odrasle osobe koja nije sposobna djelovati sama, te potvr\u0111ujete da razumijete i prihva\u0107ate sljede\u0107e uvjete i odredbe. <\/strong><\/p><p>Pristupanjem ili sudjelovanjem na REMEDS Platformi, sla\u017eete se da \u0107ete se pridr\u017eavati i biti obvezani sljede\u0107im uvjetima i odredbama (\"Uvjeti\"). <strong>AKO NE PRIHVA\u0106ATE OVE UVJETE I ODREDBE, NE SMIJETE PRISTUPITI OVOJ STRANICI NITI KORISTITI BILO KOJU USLUGU KOJA SE PRU\u017dA NA ILI PUTEM OVE STRANICE.<\/strong><\/p><h2>1. Svrha REMEDS Platforme<\/h2><p class=\"translation-block\">REMEDS Platforma je projekt Verein zur Unterst\u00fctzung von Kindern mit MeCP2 Duplikation Syndrom, kurz: Lasst uns MDS heilen, neprofitne udruge prema austrijskom zakonu<strong> (DupMECP2 - Lasst uns MDS heilen), <\/strong>, koja je podr\u017eana od strane Kepler Universit\u00e4tsklinikum, smje\u0161tene u Linzu, Austrija (Kepler University Hospital).\nSvrha REMEDS Platforme je prikupljanje, pohranjivanje i analiza klini\u010dkih i medicinskih podataka za pojedince sa sindromom duplikacije MECP2 (\"MDS\") kako bi se podr\u017ealo znanstveno istra\u017eivanje, pobolj\u0161alo klini\u010dko razumijevanje i unaprijedilo lije\u010denje.\nIako vam registracija pacijenta, izme\u0111u ostalog, omogu\u0107uje dostavljanje podataka za REMEDS Platformu, sudjelovanje u bilo kojoj specifi\u010dnoj studiji zahtijevat \u0107e izri\u010ditu informiranu suglasnost sudionika putem zasebne dokumentacije.<\/p><p class=\"translation-block\">Rukovanje podacima pridr\u017eava se najvi\u0161ih standarda sigurnosti i privatnosti.\nPodaci koji omogu\u0107uju identifikaciju ne\u0107e se dijeliti s tre\u0107im stranama bez izri\u010dite suglasnosti registrirane osobe.\nMe\u0111utim, <strong>DupMECP2-Lasst uns MDS heilen<\/strong> mo\u017ee dopustiti istra\u017eiva\u010dima, farmaceutskim tvrtkama, regulatornim tijelima i drugim odobrenim tre\u0107im stranama (uglavnom pacijentima s MDS-om i njihovim obiteljima) pretra\u017eivanje i pristup <em>pseudonimiziranim<\/em> ili <em>anonimiziranim<\/em> informacijama.\nZa dodatne detalje pogledajte Informacije za roditelje i zakonske skrbnike pacijenata s MDS-om.<\/p><h2>2. Prihva\u0107anje uvjeta<\/h2><p>Kori\u0161tenje web stranice REMEDS (dalje u tekstu \"Web stranica\") i REMEDS Platforme regulirano je sljede\u0107im Uvjetima. \u00a0<\/p><p>Kori\u0161tenjem Web stranice, izjavljujete da prihva\u0107ate i sla\u017eete se da ste pro\u010ditali Uvjete, te da prihva\u0107ate ove Uvjete. Ako se ne sla\u017eete biti obvezani Uvjetima, ne smijete dostavljati podatke na Web stranicu niti na drugi na\u010din koristiti Web stranicu.<\/p><h2>3. <strong>Prava intelektualnog vlasni\u0161tva i vlasni\u0161tvo<\/strong><\/h2><p class=\"translation-block\"><strong>DupMECP2-Lasst uns MDS heilen<\/strong> je uspostavio REMEDS Platformu i odgovoran je za njezino stvaranje, rad, odr\u017eavanje, pohranu podataka i cjelokupnu svrhu.\nSve stranice unutar Web stranice u vlasni\u0161tvu su <strong>DupMECP2-Lasst uns MDS heilen<\/strong>, koji posjeduje sva isklju\u010diva vlasni\u010dka prava na sve dijelove Web stranice koji se mogu za\u0161tititi i na sve podatke dostavljene REMEDS Platformi.\n<strong>DupMECP2-Lasst uns MDS heilen<\/strong> posjeduje sva prava intelektualnog vlasni\u0161tva i know-how na REMEDS Platformu, uklju\u010duju\u0107i, ali ne ograni\u010davaju\u0107i se na sva autorska prava, koja bi omogu\u0107ila reprodukciju, ponovno stvaranje ili rekompilaciju REMEDS Platforme, uklju\u010duju\u0107i standardne programske predlo\u0161ke.\n<strong>DupMECP2-Lasst uns MDS heilen<\/strong> ima pravo ure\u0111ivati i brisati bilo koji dio Web stranice i REMEDS Platforme.<\/p><p class=\"translation-block\">Sla\u017eete se da se sadr\u017eaj koji se nalazi na, i intelektualno vlasni\u0161tvo putem kojeg se proizvodi Web stranica\/REMEDS Platforma ne smije mijenjati, kopirati, distribuirati, uokviriti, ponovno objavljivati, preuzimati, prikazivati ili prodavati u bilo kojem obliku ili na bilo koji na\u010din, u cijelosti ili djelomi\u010dno, bez prethodne pisane suglasnosti i odobrenja <strong>DupMECP2-Lasst uns MDS heilen<\/strong>.<\/p><h2 class=\"translation-block\">4. Kori\u0161tenje web stranice<\/h2><p><strong>a. Pravna sposobnost<\/strong><\/p><p>Ovu Web stranicu mo\u017eete koristiti za registraciju za uklju\u010divanje u REMEDS Platformu ako ste roditelj, skrbnik ili zakonski skrbnik koji ima najmanje osamnaest (18) godina (ili ste punoljetni u va\u0161oj dr\u017eavi, pokrajini ili zemlji prebivali\u0161ta), potpuno sposobni i kompetentni za sklapanje pravno obvezuju\u0107ih sporazuma, te sposobni dati suglasnost za dijeljenje vlastitih osobnih i zdravstvenih podataka, kao i onih pogo\u0111enog pacijenta s MDS-om.<\/p><p><strong>b. Dobrovoljno sudjelovanje<\/strong><\/p><p>Sudjelovanje na REMEDS Platformi je potpuno dobrovoljno. U bilo kojem trenutku imate pravo povu\u0107i svoje sudjelovanje. Za dodatne detalje pogledajte Informacije za roditelje i zakonske skrbnike pacijenata s MDS-om.<\/p><p><strong>c. Zakonita upotreba<\/strong><\/p><p>Sla\u017eete se da \u0107ete se suzdr\u017eati od bilo kakvog zabranjenog pona\u0161anja, definiranog ovdje kao bilo koje pona\u0161anje koje: (i) je zloupotrebno, uznemiravaju\u0107e ili na drugi na\u010din \u0161tetno za DupMECP2-Lasst uns MDS heilen, ili bilo koju drugu stranu ili imovinu; (ii) kr\u0161i ili poku\u0161ava prekr\u0161iti pravo na privatnost druge strane, ili; (iii) nastoji poremetiti kori\u0161tenje ili rad REMEDS Platforme\/Web stranice.\nTako\u0111er se sla\u017eete da: i) ne\u0107ete dostavljati podatke za koje znate ili vjerujete da su la\u017eni, prijevarni, neto\u010dni, nepotpuni ili obmanjuju\u0107i; ii) ne\u0107ete svjesno dostavljati podatke s ra\u010dunala za koje znate ili vjerujete da mo\u017ee sadr\u017eavati viruse, trojanske konje, crve, vremenske bombe, paukove ili druge ra\u010dunalne programske rutine koje mogu o\u0161tetiti, \u0161tetno ometati, tajno presresti ili prisvojiti bilo koji sustav, podatke ili osobne informacije.\nOsim toga, ne\u0107ete koristiti REMEDS Platformu\/Web stranicu za davanje klevetni\u010dkih, uvredljivih ili prijete\u0107ih izjava, niti \u0107ete je svjesno koristiti za stvaranje ne\u017eeljene po\u0161te (spam).<\/p><p><strong>d. Web stranica isklju\u010divo za dopu\u0161tene aktivnosti (definirane ovdje)<\/strong><\/p><p>REMEDS Platforma\/Web stranica namijenjena je isklju\u010divo za kori\u0161tenje registriranim i ovla\u0161tenim korisnicima.\nOvi Uvjeti reguliraju kori\u0161tenje svih podataka unutar REMEDS Platforme\/Web stranice.\nNe smijete poku\u0161ati (i) ste\u0107i neovla\u0161teni pristup REMEDS Platformi\/Web stranici ili bilo kojoj usluzi, drugim ra\u010dunima, ra\u010dunalnim sustavima ili mre\u017eama spojenim na bilo koji poslu\u017eitelj, (ii) ste\u0107i pristup REMEDS Platformi\/Web stranici putem kra\u0111e lozinki (password mining), hakiranja ili bilo kojeg drugog sredstva, (iii) pribaviti ili poku\u0161ati pribaviti bilo kakve povjerljive, za\u0161ti\u0107ene i\/ili osobne podatke pohranjene na REMEDS Platformi\/Web stranici; (iv) distribuirati lozinke neregistriranim ili neovla\u0161tenim korisnicima; ili (v) bilo kakvu neovla\u0161tenu upotrebu REMEDS Platforme\/Web stranice ili informacija dostupnih na REMEDS Platformi\/Web stranici.<\/p><p><strong>e. Me\u0111unarodni korisnici<\/strong><\/p><p>REMEDS platforma regulirana je zakonima o za\u0161titi podataka Europske unije, uklju\u010duju\u0107i Op\u0107u uredbu o za\u0161titi podataka (GDPR).<\/p><p>Pristup Web stranici je na vlastiti rizik i isklju\u010divo ste odgovorni za uskla\u0111enost s lokalnim zakonima i propisima.<\/p><h2><strong>5. <\/strong><strong>Pona\u0161anje i odgovornost korisnika<\/strong><\/h2><p><strong>a. Sigurnost<\/strong><\/p><p class=\"translation-block\">Vi ste isklju\u010divo odgovorni za sigurnost svoje lozinke i ra\u010duna te ste u potpunosti odgovorni za sve aktivnosti koje se odvijaju pod va\u0161om lozinkom ili ra\u010dunom, bez obzira na to jesu li vam poznate ili ne.\nNe smijete svjesno davati svoje podatke za prijavu i lozinku drugoj osobi.\nSla\u017eete se da \u0107ete odmah promijeniti svoju lozinku i obavijestiti REMEDS Koordinatora putem e-po\u0161te na [office@remeds.org](mailto:office@remeds.org) o bilo kakvoj sumnjivoj neovla\u0161tenoj upotrebi va\u0161e lozinke ili ra\u010duna ili bilo kojem drugom kr\u0161enju sigurnosti.\n<strong>DupMECP2-Lasst uns MDS heilen<\/strong> ne\u0107e biti odgovoran za bilo kakav gubitak ili \u0161tetu nastalu zbog va\u0161eg nepo\u0161tivanja.\n<strong>DupMECP2-Lasst uns MDS heilen<\/strong> zadr\u017eava pravo odbiti ili opozvati pristup REMEDS Platformi\/Web stranici, u cijelosti ili djelomi\u010dno, ako <strong>DupMECP2-Lasst uns MDS heilen<\/strong> razumno vjeruje da kr\u0161ite ove Uvjete ili koristite ili pristupate REMEDS Platformi ili Web stranici na bilo koji drugi na\u010din koji nije u skladu s Uvjetima.<\/p><p><strong>b. Sadr\u017eaj koji dostavljaju korisnici<\/strong><\/p><p>Vi ste isklju\u010divo odgovorni i trebate vje\u017ebati oprez, diskreciju, zdrav razum i dobru prosudbu prilikom kori\u0161tenja i pristupa REMEDS Platformi\/Web stranici i sav sadr\u017eaj uklju\u010den u nju ili pru\u017een od strane nje. Svaki neprihvatljiv, neprikladan sadr\u017eaj ili sadr\u017eaj koji nije u skladu s ovim Uvjetima mo\u017ee rezultirati prekidom pristupa korisnika REMEDS Platformi\/Web stranici.<\/p><p>Vi ste odgovorni za bilo koji sadr\u017eaj koji objavljujete, dostavljate, prikazujete ili na drugi na\u010din prenosite na Web stranicu.\nSla\u017eete se da ne\u0107ete prenositi ili na drugi na\u010din \u010diniti dostupnim na Web stranici bilo kakve osobne podatke bilo koje druge osobe ili bilo koji materijal za\u0161ti\u0107en autorskim pravima, za\u0161titnim znakom, publicitetom, privatno\u0161\u0107u ili drugim vlasni\u010dkim pravima bez izri\u010ditog dopu\u0161tenja takve osobe ili vlasnika takvih prava.\nTeret utvr\u0111ivanja da je prijenos informacija dopu\u0161ten, ili da materijal nije za\u0161ti\u0107en takvim pravima, le\u017ei na vama, korisniku.<\/p><p class=\"translation-block\">Nadalje se sla\u017eete da \u0107ete prijaviti zloupotrebu REMEDS Web stranice\/Platforme REMEDS Koordinatoru putem e-po\u0161te na [office@remeds.org](mailto:office@remeds.org), identificiraju\u0107i dovoljno detaljno zloupotrebno pona\u0161anje ili sadr\u017eaj, kako bi <strong>DupMECP2-Lasst uns MDS heilen<\/strong> mogao utvrditi, prema vlastitom naho\u0111enju, ho\u0107e li poduzeti mjere u vezi s takvom navodnom zloupotrebom.<\/p><p><strong>c. Suradnja<\/strong><\/p><p class=\"translation-block\">Sla\u017eete se da \u0107ete u potpunosti sura\u0111ivati s <strong>DupMECP2-Lasst uns MDS heilen<\/strong> u istrazi bilo koje sumnjive ili stvarne aktivnosti koja kr\u0161i ove Uvjete.<\/p><p><strong>d. Istra\u017eiva\u010dke studije<\/strong><\/p><p>Istra\u017eiva\u010dke studije dostupne putem REMEDS Platforme mogu uklju\u010divati promatra\u010dke, genetske ili klini\u010dke studije usmjerene na unapre\u0111enje razumijevanja MDS-a. Sudionici \u0107e uvijek dobiti detaljne informacije i zaseban obrazac za informiranu suglasnost prije nego \u0161to se odlu\u010de sudjelovati u bilo kojoj specifi\u010dnoj studiji.<\/p><p><strong>e. Rizik kori\u0161tenja web stranice<\/strong><\/p><p class=\"translation-block\">Potvr\u0111ujete i sla\u017eete se da bilo koji prijenos koji izvr\u0161ite na, s, ili putem Web stranice\/REMEDS Platforme mo\u017ee biti presretnut i iskori\u0161ten od strane neovla\u0161tene tre\u0107e strane.\n<strong>DupMECP2-Lasst uns MDS heilen<\/strong> ulo\u017eit \u0107e sve razumne napore da sprije\u010di takvo neovla\u0161teno kori\u0161tenje od strane tre\u0107ih strana.<\/p><p><strong>f. Poveznice na druge web stranice<\/strong><\/p><p class=\"translation-block\">Web stranica mo\u017ee sadr\u017eavati poveznice na srodne web stranice. Uklju\u010divanje bilo koje poveznice ne podrazumijeva odobrenje od strane <strong>DupMECP2-Lasst uns MDS heilen<\/strong>. Na vama je da poduzmete mjere opreza kako biste osigurali da ono \u0161to odaberete za svoju upotrebu ne sadr\u017ei viruse, crve, trojanske konje i druge predmete destruktivne prirode ili koji kr\u0161e prava tre\u0107ih strana.<\/p><h2><strong>6. <\/strong><strong>Odricanje od jamstva o pogodnostima sudjelovanja<\/strong><\/h2><p>Odgovaranje na upitnike, ankete ili obrasce, ili bilo koju vrstu studije na REMEDS Platformi\/Web stranici ne jam\u010di sudjelovanje u studiji, niti izravan pristup skrbi.<\/p><h2><strong>7. <\/strong><strong>Odricanje od odgovornosti za medicinske savjete<\/strong><\/h2><p>Sav sadr\u017eaj na web stranici pru\u017een je isklju\u010divo u informativne svrhe i nije namijenjen da zamijeni neovisnu profesionalnu medicinsku prosudbu, savjet, dijagnozu ili lije\u010denje.\nSva pitanja u vezi s va\u0161im zdravljem ili zdravljem va\u0161eg djeteta trebaju se uputiti va\u0161em lije\u010dniku ili kvalificiranom zdravstvenom djelatniku, te ne smijete zanemariti niti odga\u0111ati tra\u017eenje medicinskog savjeta u vezi s lije\u010denjem ili standardom skrbi zbog informacija koje se pojavljuju na ili se prenose putem Web stranice.<\/p><h2><strong>8. <\/strong><strong>Odricanje od jamstava<\/strong><\/h2><p>Ne postoji jamstvo da \u0107e Web stranica\/REMEDS Platforma biti neprekinuta ili bez gre\u0161aka, da \u0107e nedostaci na Web stranici\/REMEDS Platformi biti ispravljeni, da su bilo koje informacije sadr\u017eane u ili prenesene putem Web stranice\/REMEDS Platforme potpune, to\u010dne ili a\u017eurirane, da \u0107e korisni\u010dki ili drugi podaci biti u potpunosti za\u0161ti\u0107eni od neovla\u0161tenog pristupa ili otkrivanja, ili da su bilo koje informacije bez virusa ili drugih zlonamjernih programa.<\/p><h2><strong>9. <\/strong><strong>Od\u0161teta<\/strong><\/h2><p class=\"translation-block\">Obvezujete se obe\u0161tetiti i osloboditi od odgovornosti <strong>DupMECP2-lasst uns MDS heilen<\/strong> za bilo kakvu neprikladnu ili nezakonitu upotrebu Web stranice\/REMEDS Platforme.<\/p><h2>10. <strong>Op\u0107e prakse u vezi s kori\u0161tenjem i pohranom<\/strong><\/h2><p class=\"translation-block\">Sla\u017eete se da <strong>DupMECP2-Lasst uns MDS heilen<\/strong> nema odgovornost za brisanje ili neuspjeh pohrane bilo kakvih poruka i drugih komunikacija ili drugog Sadr\u017eaja koji se odr\u017eava ili prenosi putem Web stranice. Potvr\u0111ujete da <strong>DupMECP2-Lasst uns MDS heilen<\/strong> zadr\u017eava pravo odjaviti ra\u010dune koji su neaktivni dulje vrijeme.<\/p><h2><strong>11. <\/strong><strong>Privatnost i kori\u0161tenje<\/strong><\/h2><p class=\"translation-block\"><strong>DupMECP2-Lasst uns MDS heilen<\/strong> mo\u017ee otkriti, ili se od njega mo\u017ee zahtijevati da otkrije, odre\u0111ene informacije ako u dobroj vjeri vjeruje da je takvo otkrivanje potrebno prema primjenjivom zakonu.\nU svim ostalim slu\u010dajevima, podaci i informacije prikupljeni putem Web stranice\/REMEDS Platforme bit \u0107e povjerljivi vama i <strong>DupMECP2-Lasst uns MDS heilen<\/strong>.<\/p><h2><strong>12. <\/strong><strong>Prekid<\/strong><\/h2><p>Sla\u017eete se da va\u0161 ra\u010dun i pristup Web stranici\/REMEDS Platformi mogu biti prekinuti odmah, sa ili bez razloga i bez prethodne obavijesti. Bez ograni\u010davanja navedenog, sljede\u0107e \u0107e rezultirati prekidom kori\u0161tenja Web stranice\/REMEDS Platforme od strane korisnika: (a) kr\u0161enja ili povrede ovih Uvjeta, (b) zahtjevi od strane tijela za provedbu zakona ili drugih vladinih agencija, (c) va\u0161 vlastiti zahtjev (samoinicirano brisanje ra\u010duna), (d) neo\u010dekivani tehni\u010dki problemi i (e) produljena razdoblja neaktivnosti.<\/p><p class=\"translation-block\">Prekid je isklju\u010divo na diskreciji <strong>DupMECP2-Lasst uns MDS heilen<\/strong>, i <strong>DupMECP2-Lasst uns MDS heilen<\/strong> ne\u0107e biti odgovoran vama za prekid va\u0161eg ra\u010duna ili pristupa Web stranici\/REMEDS Platformi.<\/p><p>Nakon prekida va\u0161eg ra\u010duna, ne\u0107e se prikupljati novi podaci, ali prethodno prikupljeni podaci mogu se zadr\u017eati u pseudonimiziranom ili anonimiziranom obliku.<\/p><h2><strong>13. <\/strong><strong>Komunikacije s REMEDS Platforme<\/strong><\/h2><p class=\"translation-block\">S vremena na vrijeme, korisnici primaju obavijesti o a\u017euriranjima i drugim vrijednim informacijama u vezi s REMEDS Platformom ili Web stranicom, i srodnim studijama. Kori\u0161tenjem Web stranice ili REMEDS Platforme, korisnici pristaju da ih <strong>DupMECP2-Lasst uns MDS heilen<\/strong> kontaktira i da primaju takva a\u017euriranja i informacije.<\/p><h2><strong>14. <\/strong><strong>Mjerodavno pravo, nadle\u017enost<\/strong><\/h2><p>Svaki spor koji proizlazi iz ovih Uvjeta bit \u0107e reguliran i tuma\u010den u skladu sa zakonima Austrije, isklju\u010duju\u0107i njezina pravila o izboru prava.\nNadle\u017eni sudovi u Be\u010du, Austrija, imat \u0107e neisklju\u010divu nadle\u017enost.<\/p><h2><strong>15. <\/strong><strong>Izmjena uvjeta<\/strong><\/h2><p class=\"translation-block\"><strong>DupMECP2-Lasst uns MDS heilen<\/strong> zadr\u017eava pravo izmjene ili a\u017euriranja ovih Uvjeta u bilo koje vrijeme.\nSve promjene bit \u0107e priop\u0107ene sudionicima (korisnicima) putem e-po\u0161te ili putem Web stranice. Va\u0161e kontinuirano sudjelovanje na REMEDS Platformi nakon takvih promjena predstavlja va\u0161e prihva\u0107anje a\u017euriranih Uvjeta.<\/p><ol><li style=\"list-style-type: none;\">\u00a0<\/li><\/ol>\t\t\t\t\t\t\t\t<\/div>\n\t\t\t\t\t<\/div>\n\t\t\t\t<\/div>\n\t\t\t\t<\/div>","protected":false},"excerpt":{"rendered":"<p>Terms and Conditions MECP2 DUPLICATION PATIENT REGISTRY AND SURVEY PLATFORM (REMEDS Platform) Welcome to the MECP2 Duplication Syndrome Patient Registry and Survey Platform called REMEDS or REMEDS Platform.PLEASE READ THE FOLLOWING INFORMATION CAREFULLY. In accessing the REMEDS Platform you represent that you are at least eighteen (18) years of age, or the age of majority [&hellip;]<\/p>\n","protected":false},"author":73,"featured_media":0,"parent":0,"menu_order":0,"comment_status":"closed","ping_status":"closed","template":"","meta":{"_jf_save_progress":"","footnotes":""},"class_list":["post-1277","page","type-page","status-publish","hentry"],"_links":{"self":[{"href":"https:\/\/remeds.org\/hr\/wp-json\/wp\/v2\/pages\/1277","targetHints":{"allow":["GET"]}}],"collection":[{"href":"https:\/\/remeds.org\/hr\/wp-json\/wp\/v2\/pages"}],"about":[{"href":"https:\/\/remeds.org\/hr\/wp-json\/wp\/v2\/types\/page"}],"author":[{"embeddable":true,"href":"https:\/\/remeds.org\/hr\/wp-json\/wp\/v2\/users\/73"}],"replies":[{"embeddable":true,"href":"https:\/\/remeds.org\/hr\/wp-json\/wp\/v2\/comments?post=1277"}],"version-history":[{"count":10,"href":"https:\/\/remeds.org\/hr\/wp-json\/wp\/v2\/pages\/1277\/revisions"}],"predecessor-version":[{"id":3446,"href":"https:\/\/remeds.org\/hr\/wp-json\/wp\/v2\/pages\/1277\/revisions\/3446"}],"wp:attachment":[{"href":"https:\/\/remeds.org\/hr\/wp-json\/wp\/v2\/media?parent=1277"}],"curies":[{"name":"wp","href":"https:\/\/api.w.org\/{rel}","templated":true}]}}