{"id":3451,"date":"2025-07-20T15:20:10","date_gmt":"2025-07-20T13:20:10","guid":{"rendered":"https:\/\/remeds.org\/?page_id=3451"},"modified":"2025-07-24T09:04:05","modified_gmt":"2025-07-24T07:04:05","slug":"faq","status":"publish","type":"page","link":"https:\/\/remeds.org\/fr\/faq\/","title":{"rendered":"FAQ"},"content":{"rendered":"<div data-elementor-type=\"wp-page\" data-elementor-id=\"3451\" class=\"elementor elementor-3451\" data-elementor-post-type=\"page\">\n\t\t\t\t<div class=\"elementor-element elementor-element-4dc92081 e-flex e-con-boxed e-con e-parent\" data-id=\"4dc92081\" data-element_type=\"container\" data-e-type=\"container\">\n\t\t\t\t\t<div class=\"e-con-inner\">\n\t\t\t\t<div class=\"elementor-element elementor-element-25e18ef elementor-widget elementor-widget-heading\" data-id=\"25e18ef\" data-element_type=\"widget\" data-e-type=\"widget\" data-widget_type=\"heading.default\">\n\t\t\t\t\t<h1 class=\"elementor-heading-title elementor-size-default\">REMEDS Foire aux questions - FAQ<\/h1>\t\t\t\t<\/div>\n\t\t\t\t<div class=\"elementor-element elementor-element-7dab555a elementor-widget elementor-widget-text-editor\" data-id=\"7dab555a\" data-element_type=\"widget\" data-e-type=\"widget\" data-widget_type=\"text-editor.default\">\n\t\t\t\t\t\t\t\t\t<h3>1. <strong>Qu'est-ce que REMEDS ?<\/strong><\/h3>\n<p class=\"translation-block\">REMEDS est une plateforme et un registre s\u00e9curis\u00e9s, multilingues et conformes au RGPD pour les personnes diagnostiqu\u00e9es avec le <strong>syndrome de duplication du MECP2 (MDS)<\/strong>. Il recueille des donn\u00e9es m\u00e9dicales pour soutenir la recherche, am\u00e9liorer la compr\u00e9hension clinique et promouvoir de meilleurs traitements pour le syndrome.<\/p>\n<h3>2. <strong>Qui peut utiliser REMEDS ?<\/strong><\/h3>\n<p>Les parents, les soignants ou les tuteurs l\u00e9gaux d'une personne atteinte de MDS peuvent cr\u00e9er un compte et enregistrer un patient. Les chercheurs et les professionnels de la sant\u00e9 peuvent demander l'acc\u00e8s \u00e0 des donn\u00e9es anonymes ou pseudonymis\u00e9es pour des \u00e9tudes approuv\u00e9es afin d'en savoir plus sur le syndrome.<\/p>\n<h3>3. <strong>Puis-je m'inscrire si je participe d\u00e9j\u00e0 \u00e0 un autre registre ou \u00e0 une autre \u00e9tude ?<\/strong><\/h3>\n<p class=\"translation-block\">Oui ! REMEDS est ouvert \u00e0 <strong>toute personne ayant un diagnostic confirm\u00e9 de syndrome de duplication de MECP2<\/strong>, quel que soit votre lieu de r\u00e9sidence ou que vous fassiez d\u00e9j\u00e0 partie d'un autre registre ou d'une autre \u00e9tude.<br>Vous pouvez toujours vous inscrire et contribuer \u00e0 REMEDS - la participation est volontaire, non exclusive et con\u00e7ue pour compl\u00e9ter d'autres efforts de recherche.<\/p>\n<h3><strong>4. Puis-je inscrire un patient d\u00e9c\u00e9d\u00e9 ?<\/strong><o:p><\/o:p><\/h3>\n\n<p data-start=\"386\" data-end=\"610\" class=\"translation-block\">Oui, vous le pouvez, et nous vous y encourageons. REMEDS a \u00e9t\u00e9 cr\u00e9\u00e9 pour mieux comprendre tout le spectre du syndrome de duplication MECP2, y compris le nombre d'individus qui en ont v\u00e9cu et comment la maladie a \u00e9volu\u00e9 au fil du temps.<\/p>\n\n<p data-start=\"612\" data-end=\"820\">L'enregistrement d'un patient d\u00e9c\u00e9d\u00e9 nous permet\nd'inclure d'importantes donn\u00e9es cliniques et g\u00e9n\u00e9tiques qui peuvent aider les chercheurs \u00e0\n\u00e0 identifier des mod\u00e8les, des facteurs de risque et des traitements potentiels pour les g\u00e9n\u00e9rations futures.<o:p><\/o:p><\/p>\n\n<h3><span style=\"font-size: 1rem;\">Toutes les informations sont utiles \u00e0 la communaut\u00e9 des chercheurs et aux autres familles.<\/span><\/h3><h3>5. <strong>La participation est-elle payante ?<\/strong><\/h3>\n<p>Non. La participation \u00e0 REMEDS est gratuite. Aucun paiement ou remboursement n'est requis pour s'inscrire ou saisir des donn\u00e9es.<\/p>\n<h3>6. <strong>Quelles sont les donn\u00e9es collect\u00e9es ?<\/strong><\/h3>\n<p>REMEDS peut collecter des donn\u00e9es :<\/p>\n<ul>\n<li>Informations de base (par exemple, nom, date de naissance, nationalit\u00e9, sexe)<\/li>\n<li>Rapport g\u00e9n\u00e9tique (pour l'enregistrement)<\/li>\n<li>Ant\u00e9c\u00e9dents m\u00e9dicaux, sympt\u00f4mes et traitements (par le biais d'enqu\u00eates)<\/li>\n<li>Vos coordonn\u00e9es et les d\u00e9tails de votre compte REMEDS<\/li>\n<\/ul>\n<p>Seules les donn\u00e9es minimales n\u00e9cessaires \u00e0 la recherche scientifique ou \u00e0 la confirmation de l'\u00e9ligibilit\u00e9 sont collect\u00e9es.<\/p>\n<h3>7. <strong>Comment mes donn\u00e9es sont-elles prot\u00e9g\u00e9es ?<\/strong><\/h3>\n<p>REMEDS suit des protocoles stricts en mati\u00e8re de s\u00e9curit\u00e9 et de confidentialit\u00e9 :<\/p>\n<ul>\n<li>Toutes les donn\u00e9es sont crypt\u00e9es et stock\u00e9es en toute s\u00e9curit\u00e9 sur des serveurs situ\u00e9s dans l'UE.<\/li>\n<li>Les donn\u00e9es personnelles sont s\u00e9par\u00e9es et pseudonymis\u00e9es ou anonymis\u00e9es pour les besoins de la recherche.<\/li>\n<li>Seul le personnel autoris\u00e9 par le comit\u00e9 directeur de REMEDS peut acc\u00e9der aux donn\u00e9es identifiables - et uniquement sur la base du besoin de savoir.<\/li>\n<li class=\"translation-block\">Vos donn\u00e9es personnelles ne sont **jamais vendues** et tout acc\u00e8s \u00e0 des fins de recherche est \u00e0 des fins non commerciales.<\/li>\n<\/ul>\n<h3>8. <strong>Qui a acc\u00e8s aux donn\u00e9es ?<\/strong><\/h3>\n<ul>\n<li><strong>Administrateurs REMEDS<\/strong>: uniquement pour les donn\u00e9es pseudonymis\u00e9es\/anonymis\u00e9es<\/li>\n<li><strong>REMEDS administrateur responsable des questions informatiques:<\/strong>pour les questions relatives \u00e0 la gestion informatique<\/li>\n<li><strong>Personnel m\u00e9dical du JKU:<\/strong>pour l'examen du diagnostic et l'inclusion des participants<\/li>\n<li><strong>Chercheurs agr\u00e9\u00e9s<\/strong>: uniquement pour les donn\u00e9es pseudonymis\u00e9es\/anonymis\u00e9es<\/li>\n<li><strong>Familles et public<\/strong>: uniquement \u00e0 des donn\u00e9es anonymes (jamais identifiables)<\/li>\n<li><strong>Autorit\u00e9s<\/strong>si la loi ou les comit\u00e9s d'\u00e9thique l'exigent<\/li>\n<\/ul>\n<h3>9. <strong>Les entreprises pharmaceutiques peuvent-elles avoir acc\u00e8s \u00e0 mes donn\u00e9es ?<\/strong><\/h3>\n<p class=\"translation-block\">Seules des <strong>donn\u00e9es enti\u00e8rement anonymis\u00e9es<\/strong> peuvent \u00eatre partag\u00e9es avec des chercheurs du secteur priv\u00e9 - et seulement apr\u00e8s approbation du comit\u00e9 directeur de la plateforme REMEDS. Ils <strong>ne peuvent pas acc\u00e9der \u00e0 vos donn\u00e9es personnelles ou \u00e0 vos coordonn\u00e9es<\/strong>. Si une entreprise comme Ionis souhaite contacter les familles, REMEDS publiera ses coordonn\u00e9es, et il vous appartiendra de le faire volontairement.<\/p>\n<h3>10. <strong>Puis-je contr\u00f4ler l'utilisation de mes donn\u00e9es ?<\/strong><\/h3>\n<p class=\"translation-block\">Oui, vous devez donner un <strong>consentement s\u00e9par\u00e9<\/strong> pour chaque \u00e9tude ou enqu\u00eate. Vos donn\u00e9es ne sont jamais partag\u00e9es sans votre autorisation.<\/p>\n<h3>11. <strong>Que se passe-t-il si je retire mon consentement ?<\/strong><\/h3>\n<p class=\"translation-block\">Vous pouvez vous retirer \u00e0 tout moment. Aucune nouvelle donn\u00e9e personnelle ne sera collect\u00e9e, et toute donn\u00e9e identifiable sera supprim\u00e9e sur demande.<br>Les donn\u00e9es pseudonymis\u00e9es ou anonymis\u00e9es d\u00e9j\u00e0 collect\u00e9es <strong>peuvent continuer \u00e0 \u00eatre utilis\u00e9es<\/strong> \u00e0 des fins scientifiques, sauf restriction l\u00e9gale.<\/p>\n<h3>12. <strong>Combien de temps mes donn\u00e9es seront-elles conserv\u00e9es ?<\/strong><\/h3>\n<ul>\n<li>Donn\u00e9es identifiables : stock\u00e9es uniquement tant que votre compte est actif ou jusqu'\u00e0 ce que vous demandiez leur suppression.<\/li>\n<li>Donn\u00e9es pseudonymis\u00e9es : conserv\u00e9es pour la recherche scientifique en cours<\/li>\n<li>Donn\u00e9es anonymes : conserv\u00e9es ind\u00e9finiment \u00e0 des fins de recherche et d'analyse statistique<\/li>\n<\/ul>\n<h3>13. <strong>Quels sont mes droits en vertu du RGPD ?<\/strong><\/h3>\n<p>Vous avez le droit de :<\/p>\n<ul>\n<li>Acc\u00e9der \u00e0 vos donn\u00e9es, les corriger ou les supprimer<\/li>\n<li>Limiter le traitement de vos donn\u00e9es<\/li>\n<li>Retirer son consentement \u00e0 tout moment<\/li>\n<li>Demandez vos donn\u00e9es dans un format portable<\/li>\n<li>D\u00e9poser une plainte aupr\u00e8s de la <strong>l'autorit\u00e9 autrichienne de protection des donn\u00e9es :<\/strong> (<a href=\"http:\/\/www.dsb.gv.at\">dsb.gv.at<\/a>, dsb@dsb.gv.at)<\/li>\n<\/ul>\n<p class=\"translation-block\">Pour exercer vos droits, envoyez un e-mail \u00e0 <strong>office@remeds.org<\/strong><\/p>\n<h3>14. <strong>Mes donn\u00e9es seront-elles transf\u00e9r\u00e9es en dehors de l'UE ?<\/strong><\/h3>\n<p>C'est possible. Les donn\u00e9es pseudonymis\u00e9es ou anonymis\u00e9es peuvent \u00eatre partag\u00e9es en dehors de l'UE, mais uniquement avec des garanties solides (par exemple, des clauses contractuelles standard) pour assurer la conformit\u00e9 avec le RGPD.<\/p>\n<h3>15. <strong>REMEDS utilise-t-il des cookies ?<\/strong><\/h3>\n<p class=\"translation-block\">Seuls les <strong>cookies essentiels<\/strong> sont utilis\u00e9s pour soutenir le fonctionnement de la plateforme. REMEDS n'utilise pas de cookies de suivi et ne collecte pas de donn\u00e9es personnelles par le biais de cookies.<\/p>\n<h3>16. <strong>Qui dirige REMEDS ?<\/strong><\/h3>\n<p class=\"translation-block\">REMEDS est exploit\u00e9 par l'association \u00e0 but non lucratif :<br><strong>\u201c Verein zur Unterst\u00fctzung von Kindern mit MECP2 Duplikation Syndrom (Lasst uns MDS heilen \u2013 DupMECP2) \u201d<\/strong><br>en collaboration avec le **Kepler University Hospital**, Linz, Autriche.<\/p>\n<h3>17. <strong>Qui puis-je contacter si j'ai des questions ?<\/strong><\/h3>\n<p>Courriel : <strong>office@remeds.org<\/strong><br>Adresse : Premreinergasse 13, 1130 Vienne, Autriche<br>&nbsp;T\u00e9l\u00e9phone : +43 678 1215837 +43 678 1215837<\/p>\t\t\t\t\t\t\t\t<\/div>\n\t\t\t\t\t<\/div>\n\t\t\t\t<\/div>\n\t\t\t\t<\/div>","protected":false},"excerpt":{"rendered":"<p>REMEDS Frequently Asked Questions &#8211; FAQ 1. What is REMEDS? REMEDS is a secure, multilingual, GDPR-compliant platform and registry for individuals diagnosed with MECP2 Duplication Syndrome (MDS). It collects medical data to support research, improve clinical understanding, and promote better treatments for MDS. 2. Who can use REMEDS? Parents, caregivers, or legal guardians of someone [&hellip;]<\/p>\n","protected":false},"author":114,"featured_media":0,"parent":0,"menu_order":0,"comment_status":"closed","ping_status":"closed","template":"","meta":{"_jf_save_progress":"","footnotes":""},"class_list":["post-3451","page","type-page","status-publish","hentry"],"_links":{"self":[{"href":"https:\/\/remeds.org\/fr\/wp-json\/wp\/v2\/pages\/3451","targetHints":{"allow":["GET"]}}],"collection":[{"href":"https:\/\/remeds.org\/fr\/wp-json\/wp\/v2\/pages"}],"about":[{"href":"https:\/\/remeds.org\/fr\/wp-json\/wp\/v2\/types\/page"}],"author":[{"embeddable":true,"href":"https:\/\/remeds.org\/fr\/wp-json\/wp\/v2\/users\/114"}],"replies":[{"embeddable":true,"href":"https:\/\/remeds.org\/fr\/wp-json\/wp\/v2\/comments?post=3451"}],"version-history":[{"count":10,"href":"https:\/\/remeds.org\/fr\/wp-json\/wp\/v2\/pages\/3451\/revisions"}],"predecessor-version":[{"id":3502,"href":"https:\/\/remeds.org\/fr\/wp-json\/wp\/v2\/pages\/3451\/revisions\/3502"}],"wp:attachment":[{"href":"https:\/\/remeds.org\/fr\/wp-json\/wp\/v2\/media?parent=3451"}],"curies":[{"name":"wp","href":"https:\/\/api.w.org\/{rel}","templated":true}]}}