{"id":3343,"date":"2025-06-28T06:17:41","date_gmt":"2025-06-28T04:17:41","guid":{"rendered":"https:\/\/remeds.org\/?page_id=3343"},"modified":"2025-07-19T18:22:22","modified_gmt":"2025-07-19T16:22:22","slug":"imprint","status":"publish","type":"page","link":"https:\/\/remeds.org\/fr\/imprint\/","title":{"rendered":"Mentions l\u00e9gales"},"content":{"rendered":"<div data-elementor-type=\"wp-page\" data-elementor-id=\"3343\" class=\"elementor elementor-3343\" data-elementor-post-type=\"page\">\n\t\t\t\t<div class=\"elementor-element elementor-element-3564d6d7 e-flex e-con-boxed e-con e-parent\" data-id=\"3564d6d7\" data-element_type=\"container\" data-e-type=\"container\">\n\t\t\t\t\t<div class=\"e-con-inner\">\n\t\t\t\t<div class=\"elementor-element elementor-element-f21e229 elementor-widget elementor-widget-heading\" data-id=\"f21e229\" data-element_type=\"widget\" data-e-type=\"widget\" data-widget_type=\"heading.default\">\n\t\t\t\t\t<h1 class=\"elementor-heading-title elementor-size-default\">Mentions l\u00e9gales<\/h1>\t\t\t\t<\/div>\n\t\t\t\t<div class=\"elementor-element elementor-element-7f5af928 elementor-widget elementor-widget-text-editor\" data-id=\"7f5af928\" data-element_type=\"widget\" data-e-type=\"widget\" data-widget_type=\"text-editor.default\">\n\t\t\t\t\t\t\t\t\t<p class=\"translation-block\">La plateforme REMEDS est un projet de l'association \"Verein zur Unterst\u00fctzung von Kindern mit MeCP2 Duplikation Syndrom, kurz : Lasst uns MDS heilen\", une association \u00e0 but non lucratif en vertu de la loi autrichienne <strong> (DupMECP2 - Lasst uns MDS heilen), <strong> ZVR 1165516180 (Num\u00e9ro d'enregistrement aupr\u00e8s du registre central autrichien des associations)<\/p><h2><strong>Adresse :<\/strong><\/h2><p>Premreinergasse 13<\/p><p>1130 Vienne<\/p><p>Autriche<\/p><h2><strong>Contacts :<\/strong><\/h2><p>Courriel : office@remeds.org<\/p><p>T\u00e9l\u00e9phone : 0043 678 121 5837<\/p><p>Site web : www.remeds.org<\/p><h2>Repr\u00e9sentants l\u00e9gaux :<\/h2><p>David Covini, pr\u00e9sident<\/p><p>Dr. Caroline Covini, vice-pr\u00e9sidente<\/p><h2><strong>Objectif du site Web :<\/strong><\/h2><p class=\"translation-block\">Ce site web sert de plateforme officielle pour la <strong>plateforme d'enregistrement et d'enqu\u00eate m\u00e9dicale sur le syndrome de duplication du g\u00e8ne MECP2 (plateforme REMEDS).<\/strong> Son objectif principal est de collecter, de stocker et d'analyser des donn\u00e9es cliniques et g\u00e9n\u00e9tiques afin de renforcer la recherche, d'am\u00e9liorer la compr\u00e9hension du syndrome de duplication du g\u00e8ne MECP2 et de soutenir les \u00e9tudes scientifiques.<\/p><h2><strong>Protection des donn\u00e9es et conformit\u00e9 au RGPD :<\/strong><\/h2><p class=\"translation-block\">Ce site web et toutes les activit\u00e9s de traitement des donn\u00e9es sont r\u00e9alis\u00e9s en conformit\u00e9 avec le r\u00e8glement g\u00e9n\u00e9ral sur la protection des donn\u00e9es (RGPD). Les donn\u00e9es personnelles sont collect\u00e9es, stock\u00e9es et trait\u00e9es uniquement avec le consentement explicite de la personne concern\u00e9e.<\/p><h2><strong>Clause de non-responsabilit\u00e9 :<\/strong><\/h2><p class=\"translation-block\">Tout le contenu fourni sur ce site web est \u00e0 titre informatif uniquement. **DupMECP2 \u2013 Gu\u00e9rissons le SMD** n'assume aucune responsabilit\u00e9 quant \u00e0 l'exactitude, l'exhaustivit\u00e9 ou l'opportunit\u00e9 des informations. L'utilisation de liens externes n'implique aucune approbation, et **DupMECP2 \u2013 Gu\u00e9rissons le SMD** n'est pas responsable du contenu des tiers.<\/p><h2><strong>Droits d'auteur et propri\u00e9t\u00e9 intellectuelle :<\/strong><\/h2><p class=\"translation-block\">Le contenu, la structure et la conception de ce site web sont prot\u00e9g\u00e9s par les lois sur les droits d'auteur. Toute reproduction, modification, distribution ou utilisation commerciale du contenu du site web n\u00e9cessite l'accord \u00e9crit pr\u00e9alable de <strong>DupMECP2 - Lasst uns MDS heilen<\/strong>.<\/p><p><!-- \/wp:paragraph --><\/p>\t\t\t\t\t\t\t\t<\/div>\n\t\t\t\t\t<\/div>\n\t\t\t\t<\/div>\n\t\t\t\t<\/div>","protected":false},"excerpt":{"rendered":"<p>Imprint Verein zur Unterst\u00fctzung von Kindern mit MeCP2 Duplication Syndrom, kurz: Lasst uns MDS heilen, a not-for-profit association under Austrian law (DupMECP2 \u2013 Lasst uns MDS heilen), ZVR 1165516180 (Registration number with the Austrian central association registry) Address: Premreinergasse 13 1130 Wien Austria Contact Information: Email: office@remeds.org Phone: 0043 678\u00a0121 5837 Website: www.remeds.org Legal Representatives: [&hellip;]<\/p>\n","protected":false},"author":114,"featured_media":0,"parent":0,"menu_order":0,"comment_status":"closed","ping_status":"closed","template":"","meta":{"_jf_save_progress":"","footnotes":""},"class_list":["post-3343","page","type-page","status-publish","hentry"],"_links":{"self":[{"href":"https:\/\/remeds.org\/fr\/wp-json\/wp\/v2\/pages\/3343","targetHints":{"allow":["GET"]}}],"collection":[{"href":"https:\/\/remeds.org\/fr\/wp-json\/wp\/v2\/pages"}],"about":[{"href":"https:\/\/remeds.org\/fr\/wp-json\/wp\/v2\/types\/page"}],"author":[{"embeddable":true,"href":"https:\/\/remeds.org\/fr\/wp-json\/wp\/v2\/users\/114"}],"replies":[{"embeddable":true,"href":"https:\/\/remeds.org\/fr\/wp-json\/wp\/v2\/comments?post=3343"}],"version-history":[{"count":11,"href":"https:\/\/remeds.org\/fr\/wp-json\/wp\/v2\/pages\/3343\/revisions"}],"predecessor-version":[{"id":3466,"href":"https:\/\/remeds.org\/fr\/wp-json\/wp\/v2\/pages\/3343\/revisions\/3466"}],"wp:attachment":[{"href":"https:\/\/remeds.org\/fr\/wp-json\/wp\/v2\/media?parent=3343"}],"curies":[{"name":"wp","href":"https:\/\/api.w.org\/{rel}","templated":true}]}}