{"id":1277,"date":"2025-01-16T23:34:22","date_gmt":"2025-01-16T22:34:22","guid":{"rendered":"https:\/\/remeds.org\/?page_id=1277"},"modified":"2025-07-20T14:19:52","modified_gmt":"2025-07-20T12:19:52","slug":"conditions-generales","status":"publish","type":"page","link":"https:\/\/remeds.org\/fr\/terms-and-conditions\/","title":{"rendered":"Conditions g\u00e9n\u00e9rales d'utilisation"},"content":{"rendered":"<div data-elementor-type=\"wp-page\" data-elementor-id=\"1277\" class=\"elementor elementor-1277\" data-elementor-post-type=\"page\">\n\t\t\t\t<div class=\"elementor-element elementor-element-c9b74c0 e-flex e-con-boxed e-con e-parent\" data-id=\"c9b74c0\" data-element_type=\"container\" data-e-type=\"container\" data-settings=\"{&quot;background_background&quot;:&quot;classic&quot;}\">\n\t\t\t\t\t<div class=\"e-con-inner\">\n\t\t\t\t<div class=\"elementor-element elementor-element-4e91aed elementor-widget elementor-widget-heading\" data-id=\"4e91aed\" data-element_type=\"widget\" data-e-type=\"widget\" data-widget_type=\"heading.default\">\n\t\t\t\t\t<h1 class=\"elementor-heading-title elementor-size-default\">Conditions g\u00e9n\u00e9rales d'utilisation<\/h1>\t\t\t\t<\/div>\n\t\t\t\t<div class=\"elementor-element elementor-element-69f4f3c elementor-widget elementor-widget-text-editor\" data-id=\"69f4f3c\" data-element_type=\"widget\" data-e-type=\"widget\" data-widget_type=\"text-editor.default\">\n\t\t\t\t\t\t\t\t\t<p><strong>Registre et plateforme d'enqu\u00eates m\u00e9dicales pour le syndrome de duplication du g\u00e8ne MECP2 (Plateforme REMEDS)<\/strong><\/p><p>Bienvenue sur le registre et plateforme d'enqu\u00eates pour les patients atteints du syndrome de duplication du g\u00e8ne MECP2, appel\u00e9e REMEDS ou plateforme REMEDS.<br \/><strong>VEUILLEZ LIRE ATTENTIVEMENT LES INFORMATIONS SUIVANTES. <\/strong><\/p><p><strong>En acc\u00e9dant \u00e0 la plateforme REMEDS, vous d\u00e9clarez \u00eatre \u00e2g\u00e9 d'au moins dix-huit (18) ans ou avoir atteint l'\u00e2ge de la majorit\u00e9 dans votre r\u00e9gion, province ou pays, ou avoir l'autorit\u00e9 l\u00e9gale d'agir au nom d'un mineur ou d'un adulte incapable d'agir pour lui-m\u00eame, et vous reconnaissez comprendre et accepter les conditions g\u00e9n\u00e9rales suivantes. <\/strong><\/p><p>En acc\u00e9dant ou en participant \u00e0 la plateforme REMEDS, vous acceptez de respecter et de vous soumettre aux conditions g\u00e9n\u00e9rales suivantes (\"Conditions\"). <strong>SI VOUS N'ACCEPTEZ PAS CES CONDITIONS, VOUS NE POUVEZ PAS ACC\u00c9DER \u00c0 CE SITE NI UTILISER LES SERVICES FOURNIS SUR OU PAR L'INTERM\u00c9DIAIRE DE CE SITE.<\/strong><\/p><h2>1. Objectif de la plateforme REMEDS<\/h2><p class=\"translation-block\">La plateforme REMEDS est un projet de l'association \"<strong> (DupMECP2 - Lasst uns MDS heilen), <\/strong>\", une association \u00e0 but non lucratif en vertu de la loi autrichienne (DupMECP2 - Lasst uns MDS heilen), soutenu par l'H\u00f4pital universitaire Kepler, situ\u00e9 \u00e0 Linz, Autriche (Kepler University Hospital). L'objectif de la plateforme REMEDS est de collecter, de stocker et d'analyser des donn\u00e9es cliniques et m\u00e9dicales concernant des personnes atteintes du syndrome de duplication du g\u00e8ne MECP2 (\"MDS\") afin de soutenir la recherche scientifique, d'am\u00e9liorer la compr\u00e9hension clinique et les traitements. Bien que l'enregistrement d'un patient vous permette, entre autres, de soumettre des donn\u00e9es sur la plateforme REMEDS, la participation \u00e0 une \u00e9tude ou enqu\u00eate sp\u00e9cifique n\u00e9cessitera le consentement explicite et \u00e9clair\u00e9 du participant par le biais d'une documentation distincte.<\/p><p class=\"translation-block\">Le traitement des donn\u00e9es respecte les normes les plus strictes en mati\u00e8re de s\u00e9curit\u00e9 et de confidentialit\u00e9. Les donn\u00e9es identifiables ne sont pas communiqu\u00e9es \u00e0 des tiers sans le consentement expr\u00e8s du participant. Toutefois, <strong>DupMECP2-Lasst uns MDS heilen<\/strong> est susceptible de permettre \u00e0 des chercheurs, des soci\u00e9t\u00e9s pharmaceutiques, des organismes r\u00e9glementaires et d'autres tiers agr\u00e9\u00e9s (principalement des patients atteints de MDS) de rechercher et d'acc\u00e9der \u00e0 des informations <em>pseudonymis\u00e9es<\/em> ou <em>anonymis\u00e9es<\/em>. Pour plus de d\u00e9tails, voir les informations destin\u00e9es aux parents et aux tuteurs l\u00e9gaux des patients atteints de MDS.<\/p><h2>2. Acceptation des conditions<\/h2><p>L'utilisation du site web de REMEDS (le \"site web\") et de la plateforme REMEDS est r\u00e9gie par les conditions suivantes. \u00a0<\/p><p>En utilisant le site web, vous d\u00e9clarez accepter et convenir que vous avez lu les conditions et que vous les acceptez. Si vous n'acceptez pas d'\u00eatre li\u00e9 par les conditions, vous ne pouvez pas soumettre de donn\u00e9es sur le site web ou utiliser le site web d'une autre mani\u00e8re.<\/p><h2>3. <strong>Droits de propri\u00e9t\u00e9 intellectuelle et propri\u00e9t\u00e9<\/strong><\/h2><p class=\"translation-block\">&lt;DupMECP2-Lasst uns MDS heilen<\/strong> a mis en place la plateforme REMEDS et est responsable de sa cr\u00e9ation, de son fonctionnement, de sa maintenance, du stockage des donn\u00e9es et de son objectif g\u00e9n\u00e9ral. Toutes les pages du site Internet sont la propri\u00e9t\u00e9 de <strong>DupMECP2-Lasst uns MDS heilen<\/strong>, qui d\u00e9tient tous les droits de propri\u00e9t\u00e9 exclusifs sur toutes les parties du site Internet susceptibles d'\u00eatre prot\u00e9g\u00e9es et sur toutes les donn\u00e9es transmises \u00e0 la plateforme REMEDS. &lt;DupMECP2-Lasst uns MDS heilen<\/strong> d\u00e9tient tous les droits de propri\u00e9t\u00e9 intellectuelle et le savoir-faire de la plateforme REMEDS, y compris, mais sans s'y limiter, tous les droits d'auteur, qui permettraient de reproduire, de recr\u00e9er ou de recompiler la plateforme REMEDS, y compris les mod\u00e8les de programmes standard. &lt;DupMECP2-Lasst uns MDS heilen <\/strong>a le droit de modifier et de supprimer toute partie du site web et de la plateforme REMEDS.<\/p><p class=\"translation-block\">Vous acceptez que le contenu et la propri\u00e9t\u00e9 intellectuelle du site web\/REMEDS ne puissent \u00eatre modifi\u00e9s, copi\u00e9s, distribu\u00e9s, encadr\u00e9s, republi\u00e9s, t\u00e9l\u00e9charg\u00e9s, affich\u00e9s ou vendus sous quelque forme ou par quelque moyen que ce soit, en tout ou en partie, sans l'accord \u00e9crit pr\u00e9alable de <strong>DupMECP2-Lasst uns MDS heilen<\/strong>.<\/p><h2 class=\"translation-block\">4. Utilisation du site web<\/h2><p><strong>a. Capacit\u00e9 juridique<\/strong><\/p><p>Vous pouvez utiliser ce site web pour vous inscrire \u00e0 la plateforme REMEDS si vous \u00eates un parent, un soignant ou un tuteur l\u00e9gal \u00e2g\u00e9 d'au moins dix-huit (18) ans (ou ayant atteint l'\u00e2ge de la majorit\u00e9 dans votre \u00c9tat, province ou pays de r\u00e9sidence), pleinement capable et apte \u00e0 conclure des accords juridiquement contraignants, et capable de donner son consentement au partage de ses propres donn\u00e9es personnelles et de sant\u00e9, ainsi que de celles du patient MDS concern\u00e9.<\/p><p><strong>b. Participation volontaire<\/strong><\/p><p>La participation \u00e0 la plateforme REMEDS est enti\u00e8rement volontaire. Vous avez le droit de retirer votre participation \u00e0 tout moment. Pour plus de d\u00e9tails, voir les informations destin\u00e9es aux parents et aux tuteurs l\u00e9gaux des patients atteints de MDS.<\/p><p><strong>c. Usage licite<\/strong><\/p><p>Vous acceptez de vous abstenir de toute conduite interdite, d\u00e9finie ici comme toute conduite qui : i) est abusive, harcelante ou autrement pr\u00e9judiciable \u00e0 DupMECP2-Lasst uns MDS heilen, ou \u00e0 toute autre partie ou propri\u00e9t\u00e9 ; ii) viole ou tente de violer le droit \u00e0 la vie priv\u00e9e d'une autre partie, ou ; iii) cherche \u00e0 perturber l'utilisation ou le fonctionnement de la plate-forme\/site web de REMEDS. Vous acceptez \u00e9galement : i) de ne pas soumettre de donn\u00e9es que vous savez ou croyez \u00eatre fausses, frauduleuses, inexactes, incompl\u00e8tes ou trompeuses ; ii) de ne pas soumettre sciemment des donn\u00e9es provenant d'un ordinateur dont vous savez ou croyez qu'il peut contenir des virus, des chevaux de Troie, des vers, des bombes \u00e0 retardement, des araign\u00e9es ou d'autres routines de programmation informatique susceptibles d'endommager, d'interf\u00e9rer de mani\u00e8re pr\u00e9judiciable, d'intercepter subrepticement ou d'exproprier tout syst\u00e8me, toute donn\u00e9e ou toute information personnelle. En outre, vous n'utiliserez pas la plateforme\/site web de REMEDS pour faire des d\u00e9clarations diffamatoires, calomnieuses ou mena\u00e7antes, ni pour g\u00e9n\u00e9rer sciemment des spams.<\/p><p><strong>Site web r\u00e9serv\u00e9 aux activit\u00e9s autoris\u00e9es (d\u00e9finies dans le pr\u00e9sent document)<\/strong><\/p><p>La plateforme\/site web de REMEDS est r\u00e9serv\u00e9e aux utilisateurs inscrits et autoris\u00e9s. Les conditions r\u00e9gissent l'utilisation de toutes les donn\u00e9es contenues dans la plateforme\/site web REMEDS. Vous ne devez pas tenter (i) d'obtenir un acc\u00e8s non autoris\u00e9 \u00e0 la plateforme\/site web REMEDS ou \u00e0 tout service, autre compte, syst\u00e8me informatique ou r\u00e9seau connect\u00e9 \u00e0 tout serveur, (ii) d'acc\u00e9der \u00e0 la plateforme\/site web REMEDS par piratage, extraction de mot de passe ou tout autre moyen, (iii) d'obtenir ou de tenter d'obtenir des informations confidentielles, exclusives et\/ou personnelles stock\u00e9es sur la plateforme\/site web REMEDS ; (iv) distribuer des mots de passe \u00e0 des utilisateurs non enregistr\u00e9s ou non autoris\u00e9s ; ou (v) faire un usage non autoris\u00e9 de la plateforme\/site web REMEDS ou des informations accessibles sur la plateforme\/site web REMEDS.<\/p><p><strong>e. Utilisateurs internationaux<\/strong><\/p><p>La plateforme REMEDS est r\u00e9gie par les lois sur la protection des donn\u00e9es de l'Union europ\u00e9enne, y compris le r\u00e8glement g\u00e9n\u00e9ral sur la protection des donn\u00e9es (RGPD).<\/p><p>L'acc\u00e8s au site web se fait \u00e0 vos propres risques et vous \u00eates seul responsable du respect des lois et r\u00e9glementations locales.<\/p><h2><strong>5. <\/strong><strong>Comportement et responsabilit\u00e9 de l'utilisateur<\/strong><\/h2><p><strong>a. S\u00e9curit\u00e9<\/strong><\/p><p class=\"translation-block\">Vous \u00eates seul responsable de la s\u00e9curit\u00e9 de votre mot de passe et de votre compte et assumez l'enti\u00e8re responsabilit\u00e9 de toutes les activit\u00e9s qui se d\u00e9roulent sous votre mot de passe ou votre compte, que vous en ayez connaissance ou non. Vous ne pouvez pas sciemment fournir vos informations de connexion et de mot de passe \u00e0 une autre personne. Vous acceptez de changer imm\u00e9diatement votre mot de passe et d'en informer le Coordinateur de REMEDSpar e-mail \u00e0 office@remeds.org en cas d'utilisation non autoris\u00e9e potentielle de votre mot de passe ou de votre compte, ou de toute autre violation de la s\u00e9curit\u00e9. **DupMECP2-Lasst uns MDS heilen** ne sera pas tenu responsable de toute perte ou dommage r\u00e9sultant de votre non-respect. **DupMECP2-Lasst uns MDS heilen** se r\u00e9serve le droit de refuser ou de r\u00e9voquer l'acc\u00e8s \u00e0 la Plateforme\/Site Web de REMEDS, en tout ou en partie, si **DupMECP2-Lasst uns MDS heilen** estime raisonnablement que vous enfreignez ces Conditions ou que vous utilisez ou acc\u00e9dez \u00e0 la Plateforme\/Site Web de REMEDS d'une mani\u00e8re incompatible avec les Conditions.<\/p><p><strong>b. Contenu soumis par l'utilisateur<\/strong><\/p><p>Vous \u00eates seul responsable et ferez preuve de prudence, de discr\u00e9tion, de bon sens et de jugement lors de l'utilisation et de l'acc\u00e8s \u00e0 la plateforme\/site web REMEDS et \u00e0 tout le contenu qu'elle contient ou qu'elle fournit. Tout contenu inacceptable, inappropri\u00e9 ou non conforme aux pr\u00e9sentes conditions peut entra\u00eener la r\u00e9siliation de l'acc\u00e8s de l'utilisateur \u00e0 la plateforme\/site web REMEDS.<\/p><p>Vous \u00eates responsable de tout contenu que vous postez, publiez, affichez ou transmettez de toute autre mani\u00e8re sur le site web. Vous vous engagez \u00e0 ne pas transmettre ou mettre \u00e0 disposition sur le site web des informations personnelles concernant d'autres personnes ou des \u00e9l\u00e9ments prot\u00e9g\u00e9s par des droits d'auteur, des marques commerciales, des droits de publicit\u00e9, des droits \u00e0 la vie priv\u00e9e ou d'autres droits de propri\u00e9t\u00e9 sans l'autorisation expresse de la personne concern\u00e9e ou du d\u00e9tenteur de ces droits, selon le cas. C'est \u00e0 vous, l'utilisateur, qu'il incombe de d\u00e9terminer si la transmission des informations est autoris\u00e9e ou si le mat\u00e9riel n'est pas prot\u00e9g\u00e9 par de tels droits.<\/p><p class=\"translation-block\">Vous acceptez en outre de signaler les abus du site web\/REMEDS\/plateforme au coordinateurREMEDSpar e-mail \u00e0 l'adresse <a href=\"mailto:office@remeds.org\" target=\"_self\">office@remeds.org<\/a> avec suffisamment de d\u00e9tails identifiant la conduite ou le contenu abusif, afin que DupMECP2-Lasst uns MDS heilen puisse d\u00e9terminer, \u00e0 sa seule discr\u00e9tion, s'il convient de prendre des mesures \u00e0 l'\u00e9gard de l'abus all\u00e9gu\u00e9.<\/p><p><strong>c. Coop\u00e9ration<\/strong><\/p><p class=\"translation-block\">Vous acceptez de coop\u00e9rer pleinement avec <strong>DupMECP2-Lasst uns MDS heilen<\/strong> pour enqu\u00eater sur toute activit\u00e9 suspect\u00e9e ou av\u00e9r\u00e9e qui enfreint ces Conditions.<\/p><p><strong>d. \u00c9tudes de recherche<\/strong><\/p><p>Les \u00e9tudes de recherche disponibles sur la plateforme REMEDS peuvent inclure des \u00e9tudes observationnelles, g\u00e9n\u00e9tiques ou cliniques visant \u00e0 faire progresser la compr\u00e9hension du syndrome de duplication du g\u00e8ne MECP2. Les participants recevront toujours des informations d\u00e9taill\u00e9es et un formulaire de consentement \u00e9clair\u00e9 distinct avant de choisir de participer \u00e0 une \u00e9tude sp\u00e9cifique.<\/p><p><strong>e. Risque li\u00e9 \u00e0 l'utilisation du site web<\/strong><\/p><p class=\"translation-block\">Vous reconnaissez et acceptez que tout envoi ou transmission que vous effectuez vers, depuis ou via le site Web\/ la plateformeREMEDS peut \u00eatre intercept\u00e9 et utilis\u00e9 par un tiers non autoris\u00e9. **DupMECP2-Lasst uns MDS heilen** d\u00e9ploiera tous les efforts raisonnables pour \u00e9viter une telle utilisation par des tiers non autoris\u00e9s.<\/p><p><strong>f. Liens vers d'autres sites web<\/strong><\/p><p class=\"translation-block\">Le site web peut contenir des liens vers des sites web apparent\u00e9s. L'inclusion d'un lien quel qu'il soit n'implique pas la caution de **DupMECP2-Lasst uns MDS heilen**. Il vous appartient de prendre les pr\u00e9cautions n\u00e9cessaires pour vous assurer que tout ce que vous s\u00e9lectionnez pour votre utilisation est exempt de virus, vers, chevaux de Troie et autres \u00e9l\u00e9ments de nature destructive ou ne portant pas atteinte aux droits de tiers.<\/p><h2><strong>6. <\/strong><strong>Exclusion des avantages li\u00e9s \u00e0 la participation<\/strong><\/h2><p>Le fait de r\u00e9pondre \u00e0 des questionnaires, \u00e0 des enqu\u00eates ou \u00e0 des formulaires, ou \u00e0 tout type d'\u00e9tude sur la plateforme\/site web de REMEDS ne garantit pas la participation \u00e0 une \u00e9tude, ni l'acc\u00e8s direct aux soins.<\/p><h2><strong>7. <\/strong><strong>D\u00e9ni de responsabilit\u00e9 concernant les conseils m\u00e9dicaux<\/strong><\/h2><p>Tout le contenu du site est fourni \u00e0 titre d'information uniquement et n'est pas destin\u00e9 \u00e0 remplacer un jugement, un conseil, un diagnostic ou un traitement m\u00e9dical professionnel ind\u00e9pendant. Toute question concernant votre sant\u00e9 ou celle de votre enfant doit \u00eatre adress\u00e9e \u00e0 votre m\u00e9decin ou \u00e0 un prestataire de soins qualifi\u00e9, et vous ne devez ni n\u00e9gliger ni retarder la recherche d'un avis m\u00e9dical relatif \u00e0 un traitement ou \u00e0 une norme de soins en raison d'informations figurant sur le site web ou transmises par celui-ci.<\/p><h2><strong>8. <\/strong><strong>Exclusion de garantie<\/strong><\/h2><p>Il n'y a aucune garantie que le site web\/REMEDS sera ininterrompu ou sans erreur, que les d\u00e9fauts de la plateforme seront corrig\u00e9s, que toute information contenue ou transmise par le site web\/REMEDS est compl\u00e8te, exacte ou \u00e0 jour, que l'utilisateur ou d'autres informations seront totalement prot\u00e9g\u00e9es contre un acc\u00e8s ou une divulgation non autoris\u00e9s, ou que toute information est exempte de virus ou d'autres programmes malveillants.<\/p><h2><strong>9. <\/strong><strong>Indemnisation<\/strong><\/h2><p class=\"translation-block\">Vous acceptez d'indemniser et d\u00e9gager de toute responsabilit\u00e9 <strong>DupMECP2-lasst uns MDS heilen<\/strong> pour toute utilisation inappropri\u00e9e ou ill\u00e9gale du site web\/REMEDS.<\/p><h2>10. <strong>Pratiques g\u00e9n\u00e9rales concernant l'utilisation et le stockage<\/strong><\/h2><p class=\"translation-block\">Vous acceptez que <strong>DupMECP2-Lasst uns MDS heilen<\/strong> n'assume aucune responsabilit\u00e9 pour la suppression ou le non-stockage de messages, autres communications ou tout autre contenu maintenu ou transmis par le Site Web. Vous reconnaissez que <strong>DupMECP2-Lasst uns MDS heilen<\/strong> se r\u00e9serve le droit de d\u00e9connecter les comptes qui sont inactifs pendant une p\u00e9riode prolong\u00e9e.<\/p><h2><strong>11. <\/strong><strong>Confidentialit\u00e9 et utilisation<\/strong><\/h2><p class=\"translation-block\">**DupMECP2-Lasst uns MDS heilen** peut divulguer, ou \u00eatre tenu de divulguer, certaines informations si elle a la conviction de bonne foi que cette divulgation est requise par la loi applicable. Dans tous les autres cas, les donn\u00e9es et informations collect\u00e9es sur le Site Web\/REMEDS la Plateforme seront gard\u00e9es confidentielles par vous et par **DupMECP2-Lasst uns MDS heilen.**<\/p><h2><strong>12. <\/strong><strong>Cessation d'activit\u00e9<\/strong><\/h2><p>Vous acceptez que votre compte et votre acc\u00e8s au site web\/REMEDS puissent \u00eatre imm\u00e9diatement r\u00e9sili\u00e9s, avec ou sans motif et sans pr\u00e9avis. Sans limiter la port\u00e9e de ce qui pr\u00e9c\u00e8de, les cas suivants entra\u00eeneront la r\u00e9siliation de l'utilisation du site web\/REMEDS par un utilisateur : (a) infractions ou violations des pr\u00e9sentes conditions, (b) demandes des forces de l'ordre ou d'autres agences gouvernementales, (c) demande de votre part (suppression de compte \u00e0 l'initiative de l'utilisateur), (d) questions ou probl\u00e8mes techniques inattendus, et (e) p\u00e9riodes d'inactivit\u00e9 prolong\u00e9es.<\/p><p class=\"translation-block\">La r\u00e9siliation est \u00e0 la seule discr\u00e9tion de **DupMECP2-Lasst uns MDS heilen** et que **DupMECP2-Lasst uns MDS heilen** ne sera pas responsable envers vous pour toute r\u00e9siliation de votre compte ou de votre acc\u00e8s au site Web\/REMEDS plateforme.<\/p><p>En cas de r\u00e9siliation de votre compte, aucune nouvelle donn\u00e9e ne sera collect\u00e9e, mais les donn\u00e9es collect\u00e9es pr\u00e9c\u00e9demment peuvent \u00eatre conserv\u00e9es sous une forme pseudonymis\u00e9e ou anonymis\u00e9e.<\/p><h2><strong>13. <\/strong><strong>Communications de la plateforme REMEDS<\/strong><\/h2><p class=\"translation-block\">De temps \u00e0 autre, les utilisateurs re\u00e7oivent des notifications de mises \u00e0 jour et d\u2019autres informations pr\u00e9cieuses concernant la plateforme REMEDS ou le site Web, ainsi que les \u00e9tudes associ\u00e9es. En utilisant le site Web ou la plateforme REMEDS, les utilisateurs consentent \u00e0 \u00eatre contact\u00e9s par <strong>DupMECP2-Lasst uns MDS heilen<\/strong> et \u00e0 recevoir de telles mises \u00e0 jour et informations.<\/p><h2><strong>14. <\/strong><strong>Droit applicable, juridiction<\/strong><\/h2><p>Tout litige d\u00e9coulant des pr\u00e9sentes conditions sera r\u00e9gi et interpr\u00e9t\u00e9 conform\u00e9ment au droit autrichien, \u00e0 l'exclusion des r\u00e8gles relatives aux conflits de lois. Les tribunaux comp\u00e9tents de Vienne, en Autriche, ont une juridiction non exclusive.<\/p><h2><strong>15. <\/strong><strong>Modifications des conditions<\/strong><\/h2><p class=\"translation-block\"><strong>DupMECP2-Lasst uns MDS heilen<\/strong> se r\u00e9serve le droit de modifier ou de mettre \u00e0 jour ces Conditions \u00e0 tout moment. Tout changement sera communiqu\u00e9 aux participants (utilisateurs) par e-mail ou via le Site Web. Votre participation continue \u00e0 la plateforme REMEDS suite \u00e0 de tels changements constitue votre acceptation des Conditions mises \u00e0 jour.<\/p><ol><li style=\"list-style-type: none;\">\u00a0<\/li><\/ol>\t\t\t\t\t\t\t\t<\/div>\n\t\t\t\t\t<\/div>\n\t\t\t\t<\/div>\n\t\t\t\t<\/div>","protected":false},"excerpt":{"rendered":"<p>Terms and Conditions MECP2 DUPLICATION PATIENT REGISTRY AND SURVEY PLATFORM (REMEDS Platform) Welcome to the MECP2 Duplication Syndrome Patient Registry and Survey Platform called REMEDS or REMEDS Platform.PLEASE READ THE FOLLOWING INFORMATION CAREFULLY. In accessing the REMEDS Platform you represent that you are at least eighteen (18) years of age, or the age of majority [&hellip;]<\/p>\n","protected":false},"author":73,"featured_media":0,"parent":0,"menu_order":0,"comment_status":"closed","ping_status":"closed","template":"","meta":{"_jf_save_progress":"","footnotes":""},"class_list":["post-1277","page","type-page","status-publish","hentry"],"_links":{"self":[{"href":"https:\/\/remeds.org\/fr\/wp-json\/wp\/v2\/pages\/1277","targetHints":{"allow":["GET"]}}],"collection":[{"href":"https:\/\/remeds.org\/fr\/wp-json\/wp\/v2\/pages"}],"about":[{"href":"https:\/\/remeds.org\/fr\/wp-json\/wp\/v2\/types\/page"}],"author":[{"embeddable":true,"href":"https:\/\/remeds.org\/fr\/wp-json\/wp\/v2\/users\/73"}],"replies":[{"embeddable":true,"href":"https:\/\/remeds.org\/fr\/wp-json\/wp\/v2\/comments?post=1277"}],"version-history":[{"count":10,"href":"https:\/\/remeds.org\/fr\/wp-json\/wp\/v2\/pages\/1277\/revisions"}],"predecessor-version":[{"id":3446,"href":"https:\/\/remeds.org\/fr\/wp-json\/wp\/v2\/pages\/1277\/revisions\/3446"}],"wp:attachment":[{"href":"https:\/\/remeds.org\/fr\/wp-json\/wp\/v2\/media?parent=1277"}],"curies":[{"name":"wp","href":"https:\/\/api.w.org\/{rel}","templated":true}]}}