{"id":3343,"date":"2025-06-28T06:17:41","date_gmt":"2025-06-28T04:17:41","guid":{"rendered":"https:\/\/remeds.org\/?page_id=3343"},"modified":"2025-07-19T18:22:22","modified_gmt":"2025-07-19T16:22:22","slug":"imprint","status":"publish","type":"page","link":"https:\/\/remeds.org\/es\/imprint\/","title":{"rendered":"Aviso legal"},"content":{"rendered":"<div data-elementor-type=\"wp-page\" data-elementor-id=\"3343\" class=\"elementor elementor-3343\" data-elementor-post-type=\"page\">\n\t\t\t\t<div class=\"elementor-element elementor-element-3564d6d7 e-flex e-con-boxed e-con e-parent\" data-id=\"3564d6d7\" data-element_type=\"container\" data-e-type=\"container\">\n\t\t\t\t\t<div class=\"e-con-inner\">\n\t\t\t\t<div class=\"elementor-element elementor-element-f21e229 elementor-widget elementor-widget-heading\" data-id=\"f21e229\" data-element_type=\"widget\" data-e-type=\"widget\" data-widget_type=\"heading.default\">\n\t\t\t\t\t<h1 class=\"elementor-heading-title elementor-size-default\">Aviso legal<\/h1>\t\t\t\t<\/div>\n\t\t\t\t<div class=\"elementor-element elementor-element-7f5af928 elementor-widget elementor-widget-text-editor\" data-id=\"7f5af928\" data-element_type=\"widget\" data-e-type=\"widget\" data-widget_type=\"text-editor.default\">\n\t\t\t\t\t\t\t\t\t<p class=\"translation-block\">Verein zur Unterst\u00fctzung von Kindern mit MeCP2 Duplication Syndrom, kurz: Lasst uns MDS heilen, asociaci\u00f3n sin \u00e1nimo de lucro de derecho austriaco<strong> (DupMECP2 - Lasst uns MDS heilen),<\/strong> ZVR 1165516180 (N\u00famero de inscripci\u00f3n en el registro central austriaco de asociaciones).<\/p><h2><strong>Direcci\u00f3n:<\/strong><\/h2><p>Premreinergasse 13<\/p><p>1130 Viena<\/p><p>Austria<\/p><h2><strong>Informaci\u00f3n de contacto:<\/strong><\/h2><p>Correo electr\u00f3nico: office@remeds.org<\/p><p>Tel: 0043 678 121 5837<\/p><p>P\u00e1gina web: www.remeds.org<\/p><h2>Representantes legales:<\/h2><p>David Covini, presidente<\/p><p>Dra. Caroline Covini, Vicepresidenta<\/p><h2><strong>Finalidad del sitio web:<\/strong><\/h2><p class=\"translation-block\">Este sitio web sirve como plataforma oficial para la <strong>plataforma de registro y encuesta m\u00e9dica para el S\u00edndrome de Duplicaci\u00f3n MECP2 (Plataforma REMEDS)<\/strong>. Su objetivo principal es recopilar, almacenar y analizar datos cl\u00ednicos y gen\u00e9ticos para potenciar la investigaci\u00f3n, mejorar la comprensi\u00f3n del S\u00edndrome de Duplicaci\u00f3n MECP2 y apoyar los estudios cient\u00edficos.<\/p><h2><strong>Protecci\u00f3n de datos y cumplimiento del GDPR:<\/strong><\/h2><p class=\"translation-block\">Este sitio web y todas las actividades de procesamiento de datos se llevan a cabo en cumplimiento del **Reglamento General de Protecci\u00f3n de Datos (RGPD)**. Los datos personales se recopilan, almacenan y procesan solo con el consentimiento expl\u00edcito de la persona involucrada.<\/p><h2><strong>Exenci\u00f3n de responsabilidad:<\/strong><\/h2><p class=\"translation-block\">Todo el contenido proporcionado en este sitio web es \u00fanicamente para fines informativos. **DupMECP2 \u2013 Lasst uns MDS heilen** no asume ninguna responsabilidad por la exactitud, integridad u oportunidad de la informaci\u00f3n. El uso de enlaces externos no implica respaldo, y **DupMECP2 \u2013 Lasst uns MDS heilen** no se hace responsable del contenido de terceros.<\/p><h2><strong>Derechos de autor y propiedad intelectual:<\/strong><\/h2><p class=\"translation-block\">El contenido, la estructura y el dise\u00f1o de este sitio web est\u00e1n protegidos por las leyes de propiedad intelectual. Cualquier reproducci\u00f3n, modificaci\u00f3n, distribuci\u00f3n o uso comercial del contenido del sitio web requiere el consentimiento previo por escrito de <strong>DupMECP2 - Lasst uns MDS heilen<\/strong>.<\/p><p><!-- \/wp:paragraph --><\/p>\t\t\t\t\t\t\t\t<\/div>\n\t\t\t\t\t<\/div>\n\t\t\t\t<\/div>\n\t\t\t\t<\/div>","protected":false},"excerpt":{"rendered":"<p>Imprint Verein zur Unterst\u00fctzung von Kindern mit MeCP2 Duplication Syndrom, kurz: Lasst uns MDS heilen, a not-for-profit association under Austrian law (DupMECP2 \u2013 Lasst uns MDS heilen), ZVR 1165516180 (Registration number with the Austrian central association registry) Address: Premreinergasse 13 1130 Wien Austria Contact Information: Email: office@remeds.org Phone: 0043 678\u00a0121 5837 Website: www.remeds.org Legal Representatives: [&hellip;]<\/p>\n","protected":false},"author":114,"featured_media":0,"parent":0,"menu_order":0,"comment_status":"closed","ping_status":"closed","template":"","meta":{"_jf_save_progress":"","footnotes":""},"class_list":["post-3343","page","type-page","status-publish","hentry"],"_links":{"self":[{"href":"https:\/\/remeds.org\/es\/wp-json\/wp\/v2\/pages\/3343","targetHints":{"allow":["GET"]}}],"collection":[{"href":"https:\/\/remeds.org\/es\/wp-json\/wp\/v2\/pages"}],"about":[{"href":"https:\/\/remeds.org\/es\/wp-json\/wp\/v2\/types\/page"}],"author":[{"embeddable":true,"href":"https:\/\/remeds.org\/es\/wp-json\/wp\/v2\/users\/114"}],"replies":[{"embeddable":true,"href":"https:\/\/remeds.org\/es\/wp-json\/wp\/v2\/comments?post=3343"}],"version-history":[{"count":11,"href":"https:\/\/remeds.org\/es\/wp-json\/wp\/v2\/pages\/3343\/revisions"}],"predecessor-version":[{"id":3466,"href":"https:\/\/remeds.org\/es\/wp-json\/wp\/v2\/pages\/3343\/revisions\/3466"}],"wp:attachment":[{"href":"https:\/\/remeds.org\/es\/wp-json\/wp\/v2\/media?parent=3343"}],"curies":[{"name":"wp","href":"https:\/\/api.w.org\/{rel}","templated":true}]}}