{"id":2945,"date":"2025-05-21T13:09:20","date_gmt":"2025-05-21T11:09:20","guid":{"rendered":"https:\/\/remeds.org\/?page_id=2945"},"modified":"2025-06-19T18:00:25","modified_gmt":"2025-06-19T16:00:25","slug":"contact-us","status":"publish","type":"page","link":"https:\/\/remeds.org\/es\/contact-us\/","title":{"rendered":"Contacte con nosotros"},"content":{"rendered":"<div data-elementor-type=\"wp-page\" data-elementor-id=\"2945\" class=\"elementor elementor-2945\" data-elementor-post-type=\"page\">\n\t\t\t\t<div class=\"elementor-element elementor-element-3c6487b e-flex e-con-boxed e-con e-parent\" data-id=\"3c6487b\" data-element_type=\"container\" data-e-type=\"container\">\n\t\t\t\t\t<div class=\"e-con-inner\">\n\t\t<div class=\"elementor-element elementor-element-b29fda6 e-con-full e-flex e-con e-child\" data-id=\"b29fda6\" data-element_type=\"container\" data-e-type=\"container\">\n\t\t\t\t<div class=\"elementor-element elementor-element-e0ebf11 elementor-widget elementor-widget-heading\" data-id=\"e0ebf11\" data-element_type=\"widget\" data-e-type=\"widget\" data-widget_type=\"heading.default\">\n\t\t\t\t\t<h2 class=\"elementor-heading-title elementor-size-default\">P\u00f3ngase en contacto con nosotros<\/h2>\t\t\t\t<\/div>\n\t\t\t\t<div class=\"elementor-element elementor-element-83496fb elementor-widget elementor-widget-text-editor\" data-id=\"83496fb\" data-element_type=\"widget\" data-e-type=\"widget\" data-widget_type=\"text-editor.default\">\n\t\t\t\t\t\t\t\t\t<p>Si usted es un profesional de la salud, un investigador o una empresa interesada en realizar una encuesta o en obtener m\u00e1s informaci\u00f3n sobre REMEDS, rellene el formulario y env\u00edenoslo a office@remeds.org. Nuestro equipo se pondr\u00e1 en contacto con usted para discutir c\u00f3mo podemos colaborar en beneficio de la comunidad del S\u00edndrome de Duplicaci\u00f3n MECP2.<\/p>\t\t\t\t\t\t\t\t<\/div>\n\t\t\t\t<div class=\"elementor-element elementor-element-102ecd7 e-n-tabs-none elementor-widget elementor-widget-n-tabs\" data-id=\"102ecd7\" data-element_type=\"widget\" data-e-type=\"widget\" data-settings=\"{&quot;horizontal_scroll_mobile&quot;:&quot;disable&quot;,&quot;horizontal_scroll&quot;:&quot;disable&quot;}\" data-widget_type=\"nested-tabs.default\">\n\t\t\t\t\t\t\t<div class=\"e-n-tabs\" data-widget-number=\"16968919\" aria-label=\"Pesta\u00f1as. Abre elementos con Intro o Espacio, ci\u00e9rralos con Escape y navega con las fechas.\" data-no-translation-aria-label=\"\">\n\t\t\t<div class=\"e-n-tabs-heading\" role=\"tablist\">\n\t\t\t\t\t<button id=\"individ\" data-tab-title-id=\"e-n-tab-title-169689191\" class=\"e-n-tab-title\" aria-selected=\"true\" data-tab-index=\"1\" role=\"tab\" tabindex=\"0\" aria-controls=\"e-n-tab-content-169689191\" style=\"--n-tabs-title-order: 1;\">\n\t\t\t\t\t\t<span class=\"e-n-tab-title-text\">\n\t\t\t\tIndividual\t\t\t<\/span>\n\t\t<\/button>\n\t\t\t\t<button id=\"profess\" data-tab-title-id=\"e-n-tab-title-169689192\" class=\"e-n-tab-title\" aria-selected=\"false\" data-tab-index=\"2\" role=\"tab\" tabindex=\"-1\" aria-controls=\"e-n-tab-content-169689192\" style=\"--n-tabs-title-order: 2;\">\n\t\t\t\t\t\t<span class=\"e-n-tab-title-text\">\n\t\t\t\tProfesional\t\t\t<\/span>\n\t\t<\/button>\n\t\t\t\t\t<\/div>\n\t\t\t<div class=\"e-n-tabs-content\">\n\t\t\t\t<div id=\"e-n-tab-content-169689191\" role=\"tabpanel\" aria-labelledby=\"individ\" data-tab-index=\"1\" style=\"--n-tabs-title-order: 1;\" class=\"e-active elementor-element elementor-element-b321f1f e-con-full e-flex e-con e-child\" data-id=\"b321f1f\" data-element_type=\"container\" data-e-type=\"container\">\n\t\t\t\t<div class=\"elementor-element elementor-element-dab275c elementor-widget elementor-widget-jet-form-builder-form\" data-id=\"dab275c\" data-element_type=\"widget\" data-e-type=\"widget\" data-widget_type=\"jet-form-builder-form.default\">\n\t\t\t\t<div class=\"elementor-widget-container\">\n\t\t\t\t\t<link rel='stylesheet' id='wp-block-library-css' href='https:\/\/remeds.org\/wp-includes\/css\/dist\/block-library\/style.min.css?ver=6.9.4' media='all' \/>\n<style id=\"jet-form-builder-1325-inline-css\"><\/style><form  class=\"jet-form-builder layout-column submit-type-ajax\" action=\"https:\/\/remeds.org\/es\/wp-json\/wp\/v2\/pages\/2945\/?GF9bsA=fUh28i3HA8&#038;method=reload\" method=\"POST\" data-form-id=\"1325\" data-layout=\"column\" enctype=\"multipart\/form-data\" novalidate=\"null\" ssr_validation_method=\"rest\" data-trp-original-action=\"https:\/\/remeds.org\/es\/wp-json\/wp\/v2\/pages\/2945\/?GF9bsA=fUh28i3HA8&amp;method=reload\"><input type=\"hidden\" id=\"_wpnonce\" name=\"_wpnonce\" value=\"a5b2524890\" \/><input type=\"hidden\" name=\"_wp_http_referer\" value=\"\/es\/wp-json\/wp\/v2\/pages\/2945\" \/>\r\n<input type=\"hidden\" name=\"_jfb_current_render_states[]\" value=\"DEFAULT.STATE\" data-jfb-sync \/><input type=\"hidden\" class=\"jet-form-builder__field hidden-field\" name=\"_jet_engine_booking_form_id\" data-field-name=\"_jet_engine_booking_form_id\" value=\"1325\">\n<input type=\"hidden\" class=\"jet-form-builder__field hidden-field\" name=\"_jet_engine_refer\" data-field-name=\"_jet_engine_refer\" value=\"https:\/\/remeds.org\/es\/wp-json\/wp\/v2\/pages\/2945\/\">\n<input type=\"hidden\" class=\"jet-form-builder__field hidden-field\" name=\"__queried_post_id\" data-field-name=\"__queried_post_id\" value=\"2945\">\n<div  class=\"jet-form-builder-row field-type-text-field\" >\n<div class=\"jet-form-builder__label\">\r\n<div class=\"jet-form-builder__label-text\">Nombre <span class=\"jet-form-builder__required\">*<\/span><\/div><\/div><div class=\"jet-form-builder__field-wrap\">\n\t\t\t\t<input required=\"required\" name=\"name\" id=\"name\" type=\"text\" data-field-name=\"name\" class=\"jet-form-builder__field text-field\" data-jfb-sync=\"null\" autocomplete=\"off_IJQauOeb\">\n\t\t\t\t\t<\/div>\n<\/div>\n\n<div  class=\"jet-form-builder-row field-type-text-field\" >\n<div class=\"jet-form-builder__label\">\r\n<div class=\"jet-form-builder__label-text\">Correo electr\u00f3nico <span class=\"jet-form-builder__required\">*<\/span><\/div><\/div><div class=\"jet-form-builder__field-wrap\">\n\t\t\t\t<input required=\"required\" name=\"email\" id=\"email\" type=\"email\" data-field-name=\"email\" class=\"jet-form-builder__field text-field\" data-jfb-sync=\"null\" autocomplete=\"off_i2UKco3j\">\n\t\t\t\t\t<\/div>\n<\/div>\n\n<div  class=\"jet-form-builder-row field-type-textarea-field\" >\n<div class=\"jet-form-builder__label\">\r\n<div class=\"jet-form-builder__label-text\">Mensaje <span class=\"jet-form-builder__required\">*<\/span><\/div><\/div><div class=\"jet-form-builder__field-wrap\">\n\t\t<textarea class=\"jet-form-builder__field textarea-field\" required=\"required\" name=\"message\" data-field-name=\"message\" id=\"message\" data-jfb-sync=\"null\"><\/textarea>\n\t<\/div>\n<\/div>\n\n<input type=\"hidden\" class=\"captcha-token\" name=\"_captcha_token\" value=\"\"\/><div  class=\"jet-form-builder-row field-type-submit-field\" >\n\t<div data-type=\"submit\" class=\"jet-form-builder__action-button-wrapper jet-form-builder__submit-wrap\">\n\t<button class=\"jet-form-builder__action-button jet-form-builder__submit submit-type-ajax\" type=\"submit\">Env\u00ede su mensaje<\/button>\n\t<\/div>\n\t\n<\/div>\t<div class=\"jet-form-builder-messages-wrap\" data-form-id=\"1325\"><\/div>\n<input type=\"hidden\" name=\"trp-form-language\" value=\"es\"\/><\/form>\n\t\t\t\t<\/div>\n\t\t\t\t<\/div>\n\t\t\t\t<\/div>\n\t\t<div id=\"e-n-tab-content-169689192\" role=\"tabpanel\" aria-labelledby=\"profess\" data-tab-index=\"2\" style=\"--n-tabs-title-order: 2;\" class=\"elementor-element elementor-element-26865a1 e-con-full e-flex e-con e-child\" data-id=\"26865a1\" data-element_type=\"container\" data-e-type=\"container\">\n\t\t\t\t<div class=\"elementor-element elementor-element-668d15b elementor-widget elementor-widget-jet-form-builder-form\" data-id=\"668d15b\" data-element_type=\"widget\" data-e-type=\"widget\" data-widget_type=\"jet-form-builder-form.default\">\n\t\t\t\t<div class=\"elementor-widget-container\">\n\t\t\t\t\t<style id=\"jet-form-builder-1331-inline-css\"><\/style><form  class=\"jet-form-builder layout-column submit-type-ajax\" action=\"https:\/\/remeds.org\/es\/wp-json\/wp\/v2\/pages\/2945\/?GF9bsA=fUh28i3HA8&#038;method=reload\" method=\"POST\" data-form-id=\"1331\" data-layout=\"column\" enctype=\"multipart\/form-data\" novalidate=\"null\" ssr_validation_method=\"rest\" data-trp-original-action=\"https:\/\/remeds.org\/es\/wp-json\/wp\/v2\/pages\/2945\/?GF9bsA=fUh28i3HA8&amp;method=reload\"><input type=\"hidden\" id=\"_wpnonce\" name=\"_wpnonce\" value=\"f5412f3cca\" \/><input type=\"hidden\" name=\"_wp_http_referer\" value=\"\/es\/wp-json\/wp\/v2\/pages\/2945\" \/>\r\n<input type=\"hidden\" name=\"_jfb_current_render_states[]\" value=\"DEFAULT.STATE\" data-jfb-sync \/><input type=\"hidden\" class=\"jet-form-builder__field hidden-field\" name=\"_jet_engine_booking_form_id\" data-field-name=\"_jet_engine_booking_form_id\" value=\"1331\">\n<input type=\"hidden\" class=\"jet-form-builder__field hidden-field\" name=\"_jet_engine_refer\" data-field-name=\"_jet_engine_refer\" value=\"https:\/\/remeds.org\/es\/wp-json\/wp\/v2\/pages\/2945\/\">\n<input type=\"hidden\" class=\"jet-form-builder__field hidden-field\" name=\"__queried_post_id\" data-field-name=\"__queried_post_id\" value=\"2945\">\n<div  class=\"jet-form-builder-row field-type-text-field\" >\n<div class=\"jet-form-builder__label\">\r\n<div class=\"jet-form-builder__label-text\">Nombre <span class=\"jet-form-builder__required\">*<\/span><\/div><\/div><div class=\"jet-form-builder__field-wrap\">\n\t\t\t\t<input required=\"required\" name=\"name\" id=\"name_1\" type=\"text\" data-field-name=\"name\" class=\"jet-form-builder__field text-field\" data-jfb-sync=\"null\" autocomplete=\"off_nJ6M5Qde\">\n\t\t\t\t\t<\/div>\n<\/div>\n\n<div  class=\"jet-form-builder-row field-type-text-field\" >\n<div class=\"jet-form-builder__label\">\r\n<div class=\"jet-form-builder__label-text\">Nombre de la empresa <span class=\"jet-form-builder__required\">*<\/span><\/div><\/div><div class=\"jet-form-builder__field-wrap\">\n\t\t\t\t<input required=\"required\" name=\"company_name\" id=\"company_name\" type=\"text\" data-field-name=\"company_name\" class=\"jet-form-builder__field text-field\" data-jfb-sync=\"null\" autocomplete=\"off_uAn92M50\">\n\t\t\t\t\t<\/div>\n<\/div>\n\n<div  class=\"jet-form-builder-row field-type-text-field\" >\n<div class=\"jet-form-builder__label\">\r\n<div class=\"jet-form-builder__label-text\">Correo electr\u00f3nico <span class=\"jet-form-builder__required\">*<\/span><\/div><\/div><div class=\"jet-form-builder__field-wrap\">\n\t\t\t\t<input required=\"required\" name=\"email\" id=\"email_1\" type=\"email\" data-field-name=\"email\" class=\"jet-form-builder__field text-field\" data-jfb-sync=\"null\" autocomplete=\"off_0JdObrSt\">\n\t\t\t\t\t<\/div>\n<\/div>\n\n<div  class=\"jet-form-builder-row field-type-textarea-field\" >\n<div class=\"jet-form-builder__label\">\r\n<div class=\"jet-form-builder__label-text\">Mensaje <span class=\"jet-form-builder__required\">*<\/span><\/div><\/div><div class=\"jet-form-builder__field-wrap\">\n\t\t<textarea class=\"jet-form-builder__field textarea-field\" required=\"required\" name=\"message\" data-field-name=\"message\" id=\"message_1\" data-jfb-sync=\"null\"><\/textarea>\n\t<\/div>\n<\/div>\n\n<input type=\"hidden\" class=\"captcha-token\" name=\"_captcha_token\" value=\"\"\/><div  class=\"jet-form-builder-row field-type-submit-field\" >\n\t<div data-type=\"submit\" class=\"jet-form-builder__action-button-wrapper jet-form-builder__submit-wrap\">\n\t<button class=\"jet-form-builder__action-button jet-form-builder__submit submit-type-ajax\" type=\"submit\">Env\u00ede su mensaje<\/button>\n\t<\/div>\n\t\n<\/div>\t<div class=\"jet-form-builder-messages-wrap\" data-form-id=\"1331\"><\/div>\n<input type=\"hidden\" name=\"trp-form-language\" value=\"es\"\/><\/form>\n\t\t\t\t<\/div>\n\t\t\t\t<\/div>\n\t\t\t\t<\/div>\n\t\t\t\t\t<\/div>\n\t\t<\/div>\n\t\t\t\t\t\t<\/div>\n\t\t\t\t<\/div>\n\t\t\t\t\t<\/div>\n\t\t\t\t<\/div>\n\t\t\t\t<\/div>","protected":false},"excerpt":{"rendered":"<p>Contact us If you are a healthcare professional, researcher, or company interested in setting up a survey or learning more about REMEDS, please fill out the template form and send it to us office@remeds.org. Our team will get in touch with you to discuss how we can collaborate to benefit the MECP2 Duplication Syndrome community. [&hellip;]<\/p>\n","protected":false},"author":73,"featured_media":0,"parent":0,"menu_order":0,"comment_status":"closed","ping_status":"closed","template":"","meta":{"_jf_save_progress":"","footnotes":""},"class_list":["post-2945","page","type-page","status-publish","hentry"],"_links":{"self":[{"href":"https:\/\/remeds.org\/es\/wp-json\/wp\/v2\/pages\/2945","targetHints":{"allow":["GET"]}}],"collection":[{"href":"https:\/\/remeds.org\/es\/wp-json\/wp\/v2\/pages"}],"about":[{"href":"https:\/\/remeds.org\/es\/wp-json\/wp\/v2\/types\/page"}],"author":[{"embeddable":true,"href":"https:\/\/remeds.org\/es\/wp-json\/wp\/v2\/users\/73"}],"replies":[{"embeddable":true,"href":"https:\/\/remeds.org\/es\/wp-json\/wp\/v2\/comments?post=2945"}],"version-history":[{"count":10,"href":"https:\/\/remeds.org\/es\/wp-json\/wp\/v2\/pages\/2945\/revisions"}],"predecessor-version":[{"id":3152,"href":"https:\/\/remeds.org\/es\/wp-json\/wp\/v2\/pages\/2945\/revisions\/3152"}],"wp:attachment":[{"href":"https:\/\/remeds.org\/es\/wp-json\/wp\/v2\/media?parent=2945"}],"curies":[{"name":"wp","href":"https:\/\/api.w.org\/{rel}","templated":true}]}}