{"id":3343,"date":"2025-06-28T06:17:41","date_gmt":"2025-06-28T04:17:41","guid":{"rendered":"https:\/\/remeds.org\/?page_id=3343"},"modified":"2025-07-19T18:22:22","modified_gmt":"2025-07-19T16:22:22","slug":"imprint","status":"publish","type":"page","link":"https:\/\/remeds.org\/de\/imprint\/","title":{"rendered":"Impressum"},"content":{"rendered":"<div data-elementor-type=\"wp-page\" data-elementor-id=\"3343\" class=\"elementor elementor-3343\" data-elementor-post-type=\"page\">\n\t\t\t\t<div class=\"elementor-element elementor-element-3564d6d7 e-flex e-con-boxed e-con e-parent\" data-id=\"3564d6d7\" data-element_type=\"container\" data-e-type=\"container\">\n\t\t\t\t\t<div class=\"e-con-inner\">\n\t\t\t\t<div class=\"elementor-element elementor-element-f21e229 elementor-widget elementor-widget-heading\" data-id=\"f21e229\" data-element_type=\"widget\" data-e-type=\"widget\" data-widget_type=\"heading.default\">\n\t\t\t\t\t<h1 class=\"elementor-heading-title elementor-size-default\">Impressum<\/h1>\t\t\t\t<\/div>\n\t\t\t\t<div class=\"elementor-element elementor-element-7f5af928 elementor-widget elementor-widget-text-editor\" data-id=\"7f5af928\" data-element_type=\"widget\" data-e-type=\"widget\" data-widget_type=\"text-editor.default\">\n\t\t\t\t\t\t\t\t\t<p class=\"translation-block\">Verein zur Unterst\u00fctzung von Kindern mit MeCP2-Duplikationssyndrom, kurz: Lasst uns MDS heilen, ein gemeinn\u00fctziger Verein nach \u00f6sterreichischem Recht<strong> (DupMECP2 - Lasst uns MDS heilen),<\/strong> ZVR 1165516180 (Registriernummer beim \u00f6sterreichischen Zentralen Vereinsregister)<\/p><h2><strong>Anschrift:<\/strong><\/h2><p>Premreinergasse 13<\/p><p>1130 Wien<\/p><p>\u00d6sterreich<\/p><h2><strong>Kontaktdaten:<\/strong><\/h2><p>E-Mail: office@remeds.org<\/p><p>Telefon: 0043 678 121 5837<\/p><p>Website: www.remeds.org<\/p><h2>Gesetzliche Vertreter:<\/h2><p>David Covini, Pr\u00e4sident<\/p><p>Dr. Caroline Covini, Vizepr\u00e4sidentin<\/p><h2><strong>Zweck der Website:<\/strong><\/h2><p class=\"translation-block\">Diese Website dient als offizielle Plattform f\u00fcr die <strong>Registrierungs- und medizinische Umfrageplattform f\u00fcr das MECP2-Duplikationssyndrom (REMEDS-Plattform).<\/strong> Ihr Hauptzweck besteht darin, klinische und genetische Daten zu sammeln, zu speichern und zu analysieren, um die Forschung zu verbessern, das Verst\u00e4ndnis f\u00fcr das MECP2-Duplikationssyndrom zu erh\u00f6hen und wissenschaftliche Studien zu unterst\u00fctzen.<\/p><h2><strong>Datenschutz und DSGVO-Konformit\u00e4t:<\/strong><\/h2><p class=\"translation-block\">Diese Website und alle Datenverarbeitungsvorg\u00e4nge werden in \u00dcbereinstimmung mit der **Datenschutz-Grundverordnung (DSGVO)** durchgef\u00fchrt. Personenbezogene Daten werden nur mit ausdr\u00fccklicher Zustimmung der betroffenen Person erhoben, gespeichert und verarbeitet.<\/p><h2><strong>Haftungsausschluss:<\/strong><\/h2><p class=\"translation-block\">Alle Inhalte auf dieser Website dienen ausschlie\u00dflich Informationszwecken. **DupMECP2 \u2013 Lasst uns MDS heilen** \u00fcbernimmt keine Verantwortung f\u00fcr die Richtigkeit, Vollst\u00e4ndigkeit oder Aktualit\u00e4t der Informationen. Die Nutzung externer Links impliziert keine Zustimmung, und **DupMECP2 \u2013 Lasst uns MDS heilen** haftet nicht f\u00fcr Inhalte Dritter.<\/p><h2><strong>Urheberrecht und geistiges Eigentum:<\/strong><\/h2><p class=\"translation-block\">Der Inhalt, die Struktur und die Gestaltung dieser Website sind urheberrechtlich gesch\u00fctzt. Die Vervielf\u00e4ltigung, Bearbeitung, Verbreitung und jede Art der Verwertung au\u00dferhalb der Grenzen des Urheberrechtes bed\u00fcrfen der schriftlichen Zustimmung von <strong>DupMECP2 - Lasst uns MDS heilen<\/strong>.<\/p><p><!-- \/wp:paragraph --><\/p>\t\t\t\t\t\t\t\t<\/div>\n\t\t\t\t\t<\/div>\n\t\t\t\t<\/div>\n\t\t\t\t<\/div>","protected":false},"excerpt":{"rendered":"<p>Imprint Verein zur Unterst\u00fctzung von Kindern mit MeCP2 Duplication Syndrom, kurz: Lasst uns MDS heilen, a not-for-profit association under Austrian law (DupMECP2 \u2013 Lasst uns MDS heilen), ZVR 1165516180 (Registration number with the Austrian central association registry) Address: Premreinergasse 13 1130 Wien Austria Contact Information: Email: office@remeds.org Phone: 0043 678\u00a0121 5837 Website: www.remeds.org Legal Representatives: [&hellip;]<\/p>\n","protected":false},"author":114,"featured_media":0,"parent":0,"menu_order":0,"comment_status":"closed","ping_status":"closed","template":"","meta":{"_jf_save_progress":"","footnotes":""},"class_list":["post-3343","page","type-page","status-publish","hentry"],"_links":{"self":[{"href":"https:\/\/remeds.org\/de\/wp-json\/wp\/v2\/pages\/3343","targetHints":{"allow":["GET"]}}],"collection":[{"href":"https:\/\/remeds.org\/de\/wp-json\/wp\/v2\/pages"}],"about":[{"href":"https:\/\/remeds.org\/de\/wp-json\/wp\/v2\/types\/page"}],"author":[{"embeddable":true,"href":"https:\/\/remeds.org\/de\/wp-json\/wp\/v2\/users\/114"}],"replies":[{"embeddable":true,"href":"https:\/\/remeds.org\/de\/wp-json\/wp\/v2\/comments?post=3343"}],"version-history":[{"count":11,"href":"https:\/\/remeds.org\/de\/wp-json\/wp\/v2\/pages\/3343\/revisions"}],"predecessor-version":[{"id":3466,"href":"https:\/\/remeds.org\/de\/wp-json\/wp\/v2\/pages\/3343\/revisions\/3466"}],"wp:attachment":[{"href":"https:\/\/remeds.org\/de\/wp-json\/wp\/v2\/media?parent=3343"}],"curies":[{"name":"WP","href":"https:\/\/api.w.org\/{rel}","templated":true}]}}